{"id":3068,"date":"2019-11-07T09:12:39","date_gmt":"2019-11-07T09:12:39","guid":{"rendered":"https:\/\/www.effeuno.biz\/mein-account\/"},"modified":"2023-08-29T11:10:14","modified_gmt":"2023-08-29T09:10:14","slug":"mein-account","status":"publish","type":"page","link":"https:\/\/www.effeuno.biz\/de\/mein-account\/","title":{"rendered":"Mein Konto"},"content":{"rendered":"<div class=\"woocommerce\"><div class=\"woocommerce-notices-wrapper\"><\/div>\n<div class=\"wd-registration-page wd-register-tabs\">\n\n\n<div class=\"wd-grid-f-col\" id=\"customer_login\">\n\n\t<div class=\"wd-col col-login\">\n\n\n\t\t<h2 class=\"wd-login-title\">Anmelden<\/h2>\n\n\t\t\t\t\t<form id=\"customer_login\" method=\"post\" class=\"login woocommerce-form woocommerce-form-login hidden-form\" action=\"https:\/\/www.effeuno.biz\/de\/mein-account\/?action=login\">\n\n\t\t\t\t\n\t\t\t\t\n\t\t\t\t<p class=\"woocommerce-FormRow woocommerce-FormRow--wide form-row form-row-wide form-row-username\">\n\t\t\t\t\t<label for=\"username\">Benutzername oder E-Mail-Adresse&nbsp;<span class=\"required\" aria-hidden=\"true\">*<\/span><span class=\"screen-reader-text\">Erforderlich<\/span><\/label>\n\t\t\t\t\t<input type=\"text\" class=\"woocommerce-Input woocommerce-Input--text input-text\" name=\"username\" id=\"username\" autocomplete=\"username\" value=\"\" \/>\t\t\t\t<\/p>\n\t\t\t\t<p class=\"woocommerce-FormRow woocommerce-FormRow--wide form-row form-row-wide form-row-password\">\n\t\t\t\t\t<label for=\"password\">Password&nbsp;<span class=\"required\" aria-hidden=\"true\">*<\/span><span class=\"screen-reader-text\">Erforderlich<\/span><\/label>\n\t\t\t\t\t<input class=\"woocommerce-Input woocommerce-Input--text input-text\" type=\"password\" name=\"password\" id=\"password\" autocomplete=\"current-password\" \/>\n\t\t\t\t<\/p>\n\n\t\t\t\t\n\t\t\t\t<p class=\"form-row form-row-btn\">\n\t\t\t\t\t<input type=\"hidden\" id=\"woocommerce-login-nonce\" name=\"woocommerce-login-nonce\" value=\"5da334224e\" \/><input type=\"hidden\" name=\"_wp_http_referer\" value=\"\/de\/wp-json\/wp\/v2\/pages\/3068\" \/>\t\t\t\t\t\t\t\t\t\t<button type=\"submit\" class=\"button woocommerce-button woocommerce-form-login__submit\" name=\"login\" value=\"Log in\">Log in<\/button>\n\t\t\t\t<\/p>\n\n\t\t\t\t<p class=\"login-form-footer\">\n\t\t\t\t\t<a href=\"https:\/\/www.effeuno.biz\/de\/mein-account\/lost-password\/\" class=\"woocommerce-LostPassword lost_password\">Passwort vergessen?<\/a>\n\t\t\t\t\t<label class=\"woocommerce-form__label woocommerce-form__label-for-checkbox woocommerce-form-login__rememberme\">\n\t\t\t\t\t\t<input class=\"woocommerce-form__input woocommerce-form__input-checkbox\" name=\"rememberme\" type=\"checkbox\" value=\"forever\" title=\"Erinnere dich an mich\" aria-label=\"Erinnere dich an mich\" \/> <span>Erinnere dich an mich<\/span>\n\t\t\t\t\t<\/label>\n\t\t\t\t<\/p>\n\n\t\t\t\t\n\t\t\t\t\t\t\t<\/form>\n\n\t\t\n\n\t<\/div>\n\n\t<div class=\"wd-col col-register\">\n\n\t\t<h2 class=\"wd-login-title\">Registrieren<\/h2>\n\n\t\t\t\t<form method=\"post\" action=\"https:\/\/www.effeuno.biz\/de\/mein-account\/?action=register\" class=\"woocommerce-form woocommerce-form-register register\"  >\n\t\t\n\t\t\t\t\t\n\t\t\t\t\t\n\t\t\t<p class=\"woocommerce-form-row woocommerce-form-row--wide form-row form-row-wide\">\n\t\t\t\t<label for=\"reg_email\">E-Mail-Adresse&nbsp;<span class=\"required\" aria-hidden=\"true\">*<\/span><span class=\"screen-reader-text\">Erforderlich<\/span><\/label>\n\t\t\t\t<input type=\"email\" class=\"woocommerce-Input woocommerce-Input--text input-text\" name=\"email\" id=\"reg_email\" autocomplete=\"email\" value=\"\" \/>\t\t\t<\/p>\n\t\t\n\t\t\t\t\t\n\t\t\t\t<p>Ein Link zum Erstellen eines neuen Passwort wird an deine E-Mail-Adresse gesendet.<\/p>\n\t\t\n\t\t\t\t\t\n\t\t\t<div style=\"left: -999em; position: absolute;\"><label for=\"trap\">Anti-spam<\/label><input type=\"text\" name=\"email_2\" id=\"trap\" tabindex=\"-1\" \/><\/div>\n\t\t\n\t\t\t<wc-order-attribution-inputs><\/wc-order-attribution-inputs><div class=\"woocommerce-privacy-policy-text\"><p>I tuoi dati personali verranno utilizzati per supportare la tua esperienza su questo sito web, per gestire l'accesso al tuo account e per altri scopi descritti nella nostra <a href=\"\/privacy-policy\/\" target=\"_blank\">privacy policy<\/a>.<\/p>\n<\/div>\t\t\n\t\t\t<p class=\"woocommerce-form-row form-row form-row-btn\">\n\t\t\t\t<input type=\"hidden\" id=\"woocommerce-register-nonce\" name=\"woocommerce-register-nonce\" value=\"dd0081036c\" \/><input type=\"hidden\" name=\"_wp_http_referer\" value=\"\/de\/wp-json\/wp\/v2\/pages\/3068\" \/>\t\t\t\t<button type=\"submit\" class=\"woocommerce-Button woocommerce-button button\" name=\"register\" value=\"Registrieren\">Registrieren<\/button>\n\t\t\t<\/p>\n\t\t\n\t\t\t\t\t\n\t\t<\/form>\n\t\t\n\t<\/div>\n\n\t\t\t<div class=\"wd-col col-register-text\">\n\n\t\t\t<p class=\"title wd-login-divider \"><span>Or<\/span><\/p>\n\n\t\t\t\n\t\t\t\t\t\t\t<h2 class=\"wd-login-title\">Registrati<\/h2>\n\t\t\t\n\t\t\t\n\t\t\t\t\t\t\t<div class=\"registration-info\">Wenn Sie sich f\u00fcr diese Site anmelden, haben Sie Zugriff auf den Status und die Bestellhistorie. F\u00fcllen Sie die Felder unten aus und wir werden in k\u00fcrzester Zeit ein neues Konto f\u00fcr Sie erstellen. Wir werden Sie nur nach den Informationen fragen, die erforderlich sind, um den Kaufprozess schneller und einfacher zu gestalten.<\/div>\n\t\t\t\n\t\t\t\n\t\t\t<a href=\"#\" rel=\"nofollow noopener\" class=\"btn wd-switch-to-register\" data-login=\"Anmelden\" data-login-title=\"Entra\" data-reg-title=\"Registrati\" data-register=\"Registrieren\">Registrieren<\/a>\n\n\t\t<\/div>\n\t\n<\/div>\n\n<\/div>\n\n<\/div>\n","protected":false},"excerpt":{"rendered":"Anmelden Benutzername oder E-Mail-Adresse&nbsp;*Erforderlich Password&nbsp;*Erforderlich Log in Passwort vergessen? Erinnere dich an mich Registrieren E-Mail-Adresse&nbsp;*Erforderlich Ein Link zum Erstellen eines","protected":false},"author":3,"featured_media":0,"parent":0,"menu_order":0,"comment_status":"closed","ping_status":"closed","template":"","meta":{"_acf_changed":false,"om_disable_all_campaigns":false,"_monsterinsights_skip_tracking":false,"_monsterinsights_sitenote_active":false,"_monsterinsights_sitenote_note":"","_monsterinsights_sitenote_category":0,"_uf_show_specific_survey":0,"_uf_disable_surveys":false,"footnotes":""},"class_list":["post-3068","page","type-page","status-publish","hentry"],"acf":[],"aioseo_notices":[],"yoast_head":"<!-- This site is optimized with the Yoast SEO plugin v27.1.1 - https:\/\/yoast.com\/product\/yoast-seo-wordpress\/ -->\n<title>Mein Konto - Effeuno<\/title>\n<meta name=\"robots\" content=\"index, follow, max-snippet:-1, max-image-preview:large, max-video-preview:-1\" \/>\n<link rel=\"canonical\" href=\"https:\/\/www.effeuno.biz\/it\/mio-account\/\" \/>\n<meta property=\"og:locale\" content=\"de_DE\" \/>\n<meta property=\"og:type\" content=\"article\" \/>\n<meta property=\"og:title\" content=\"Mein Konto - Effeuno\" \/>\n<meta property=\"og:url\" content=\"https:\/\/www.effeuno.biz\/it\/mio-account\/\" \/>\n<meta property=\"og:site_name\" content=\"Effeuno\" \/>\n<meta property=\"article:publisher\" content=\"https:\/\/www.facebook.com\/effeuno.forni.pizza.elettrici\" \/>\n<meta property=\"article:modified_time\" content=\"2023-08-29T09:10:14+00:00\" \/>\n<meta name=\"twitter:card\" content=\"summary_large_image\" \/>\n<script type=\"application\/ld+json\" class=\"yoast-schema-graph\">{\"@context\":\"https:\/\/schema.org\",\"@graph\":[{\"@type\":\"WebPage\",\"@id\":\"https:\/\/www.effeuno.biz\/it\/mio-account\/\",\"url\":\"https:\/\/www.effeuno.biz\/it\/mio-account\/\",\"name\":\"Mein Konto - Effeuno\",\"isPartOf\":{\"@id\":\"https:\/\/www.effeuno.biz\/it\/#website\"},\"datePublished\":\"2019-11-07T09:12:39+00:00\",\"dateModified\":\"2023-08-29T09:10:14+00:00\",\"breadcrumb\":{\"@id\":\"https:\/\/www.effeuno.biz\/it\/mio-account\/#breadcrumb\"},\"inLanguage\":\"de\",\"potentialAction\":[{\"@type\":\"ReadAction\",\"target\":[\"https:\/\/www.effeuno.biz\/it\/mio-account\/\"]}]},{\"@type\":\"BreadcrumbList\",\"@id\":\"https:\/\/www.effeuno.biz\/it\/mio-account\/#breadcrumb\",\"itemListElement\":[{\"@type\":\"ListItem\",\"position\":1,\"name\":\"Home\",\"item\":\"https:\/\/www.effeuno.biz\/de\/\"},{\"@type\":\"ListItem\",\"position\":2,\"name\":\"Mein Konto\"}]},{\"@type\":\"WebSite\",\"@id\":\"https:\/\/www.effeuno.biz\/it\/#website\",\"url\":\"https:\/\/www.effeuno.biz\/it\/\",\"name\":\"Effeuno\",\"description\":\"Vendita forni elettrici per pizza ed accessori per forni pizza rigorosamente Made in Italy\",\"publisher\":{\"@id\":\"https:\/\/www.effeuno.biz\/it\/#organization\"},\"potentialAction\":[{\"@type\":\"SearchAction\",\"target\":{\"@type\":\"EntryPoint\",\"urlTemplate\":\"https:\/\/www.effeuno.biz\/it\/?s={search_term_string}\"},\"query-input\":{\"@type\":\"PropertyValueSpecification\",\"valueRequired\":true,\"valueName\":\"search_term_string\"}}],\"inLanguage\":\"de\"},{\"@type\":\"Organization\",\"@id\":\"https:\/\/www.effeuno.biz\/it\/#organization\",\"name\":\"Effeuno\",\"url\":\"https:\/\/www.effeuno.biz\/it\/\",\"logo\":{\"@type\":\"ImageObject\",\"inLanguage\":\"de\",\"@id\":\"https:\/\/www.effeuno.biz\/it\/#\/schema\/logo\/image\/\",\"url\":\"https:\/\/www.effeuno.biz\/wp-content\/uploads\/2023\/08\/r-int.png\",\"contentUrl\":\"https:\/\/www.effeuno.biz\/wp-content\/uploads\/2023\/08\/r-int.png\",\"width\":459,\"height\":448,\"caption\":\"Effeuno\"},\"image\":{\"@id\":\"https:\/\/www.effeuno.biz\/it\/#\/schema\/logo\/image\/\"},\"sameAs\":[\"https:\/\/www.facebook.com\/effeuno.forni.pizza.elettrici\",\"https:\/\/www.instagram.com\/effeunoofficial\/\"]}]}<\/script>\n<!-- \/ Yoast SEO plugin. -->","yoast_head_json":{"title":"Mein Konto - Effeuno","robots":{"index":"index","follow":"follow","max-snippet":"max-snippet:-1","max-image-preview":"max-image-preview:large","max-video-preview":"max-video-preview:-1"},"canonical":"https:\/\/www.effeuno.biz\/it\/mio-account\/","og_locale":"de_DE","og_type":"article","og_title":"Mein Konto - Effeuno","og_url":"https:\/\/www.effeuno.biz\/it\/mio-account\/","og_site_name":"Effeuno","article_publisher":"https:\/\/www.facebook.com\/effeuno.forni.pizza.elettrici","article_modified_time":"2023-08-29T09:10:14+00:00","twitter_card":"summary_large_image","schema":{"@context":"https:\/\/schema.org","@graph":[{"@type":"WebPage","@id":"https:\/\/www.effeuno.biz\/it\/mio-account\/","url":"https:\/\/www.effeuno.biz\/it\/mio-account\/","name":"Mein Konto - Effeuno","isPartOf":{"@id":"https:\/\/www.effeuno.biz\/it\/#website"},"datePublished":"2019-11-07T09:12:39+00:00","dateModified":"2023-08-29T09:10:14+00:00","breadcrumb":{"@id":"https:\/\/www.effeuno.biz\/it\/mio-account\/#breadcrumb"},"inLanguage":"de","potentialAction":[{"@type":"ReadAction","target":["https:\/\/www.effeuno.biz\/it\/mio-account\/"]}]},{"@type":"BreadcrumbList","@id":"https:\/\/www.effeuno.biz\/it\/mio-account\/#breadcrumb","itemListElement":[{"@type":"ListItem","position":1,"name":"Home","item":"https:\/\/www.effeuno.biz\/de\/"},{"@type":"ListItem","position":2,"name":"Mein Konto"}]},{"@type":"WebSite","@id":"https:\/\/www.effeuno.biz\/it\/#website","url":"https:\/\/www.effeuno.biz\/it\/","name":"Effeuno","description":"Vendita forni elettrici per pizza ed accessori per forni pizza rigorosamente Made in Italy","publisher":{"@id":"https:\/\/www.effeuno.biz\/it\/#organization"},"potentialAction":[{"@type":"SearchAction","target":{"@type":"EntryPoint","urlTemplate":"https:\/\/www.effeuno.biz\/it\/?s={search_term_string}"},"query-input":{"@type":"PropertyValueSpecification","valueRequired":true,"valueName":"search_term_string"}}],"inLanguage":"de"},{"@type":"Organization","@id":"https:\/\/www.effeuno.biz\/it\/#organization","name":"Effeuno","url":"https:\/\/www.effeuno.biz\/it\/","logo":{"@type":"ImageObject","inLanguage":"de","@id":"https:\/\/www.effeuno.biz\/it\/#\/schema\/logo\/image\/","url":"https:\/\/www.effeuno.biz\/wp-content\/uploads\/2023\/08\/r-int.png","contentUrl":"https:\/\/www.effeuno.biz\/wp-content\/uploads\/2023\/08\/r-int.png","width":459,"height":448,"caption":"Effeuno"},"image":{"@id":"https:\/\/www.effeuno.biz\/it\/#\/schema\/logo\/image\/"},"sameAs":["https:\/\/www.facebook.com\/effeuno.forni.pizza.elettrici","https:\/\/www.instagram.com\/effeunoofficial\/"]}]}},"_links":{"self":[{"href":"https:\/\/www.effeuno.biz\/de\/wp-json\/wp\/v2\/pages\/3068","targetHints":{"allow":["GET"]}}],"collection":[{"href":"https:\/\/www.effeuno.biz\/de\/wp-json\/wp\/v2\/pages"}],"about":[{"href":"https:\/\/www.effeuno.biz\/de\/wp-json\/wp\/v2\/types\/page"}],"author":[{"embeddable":true,"href":"https:\/\/www.effeuno.biz\/de\/wp-json\/wp\/v2\/users\/3"}],"replies":[{"embeddable":true,"href":"https:\/\/www.effeuno.biz\/de\/wp-json\/wp\/v2\/comments?post=3068"}],"version-history":[{"count":1,"href":"https:\/\/www.effeuno.biz\/de\/wp-json\/wp\/v2\/pages\/3068\/revisions"}],"predecessor-version":[{"id":59434,"href":"https:\/\/www.effeuno.biz\/de\/wp-json\/wp\/v2\/pages\/3068\/revisions\/59434"}],"wp:attachment":[{"href":"https:\/\/www.effeuno.biz\/de\/wp-json\/wp\/v2\/media?parent=3068"}],"curies":[{"name":"wp","href":"https:\/\/api.w.org\/{rel}","templated":true}]}}