{"id":3382,"date":"2019-11-13T17:37:14","date_gmt":"2019-11-13T17:37:14","guid":{"rendered":"https:\/\/www.effeuno.biz\/?page_id=3382"},"modified":"2019-11-13T17:37:38","modified_gmt":"2019-11-13T17:37:38","slug":"sendung","status":"publish","type":"page","link":"https:\/\/www.effeuno.biz\/de\/sendung\/","title":{"rendered":"Sendung"},"content":{"rendered":"<p>Die Versandkosten, sofern vorhanden, gehen zu Lasten des Kunden und werden bei Auftragserteilung deutlich angegeben. Nichts ist dem Kunden mehr schuldig als die Gesamtbestellung.<\/p>\n<p>Pakete werden in der Regel innerhalb von 6-7 Tagen nach Zahlungseingang versandt.<\/p>\n<p>Der Versand von Artikeln mit einem Gewicht von bis zu 1 kg oder von kleinen Paketen erfolgt per italienischer Post oder BRT, bei Bestellungen von Artikeln mit einem Gewicht von mehr als 1 kg per ARTONI oder BRT.<\/p>\n<p>Zum Zeitpunkt des Versands (nur \u00fcber Artoni und BRT) garantieren wir auf Anfrage einen Link, um die Route Ihres Pakets online zu \u00fcberpr\u00fcfen.<\/p>\n<p>Die Versandkosten beinhalten Verpackungs- und Versandkosten.<\/p>\n<p>Wir empfehlen, dass Sie Ihre Artikel in einer Bestellung gruppieren. Wir k\u00f6nnen nicht zwei separate Auftr\u00e4ge zusammenfassen, die separat ausgef\u00fchrt werden. F\u00fcr jeden Auftrag fallen Versandkosten an. Ihr Paket wird unter Ihrer Verantwortung verschickt, wobei besonders auf zerbrechliche Gegenst\u00e4nde geachtet wird.<\/p>\n<p>Die Kartons haben eine angemessene Gr\u00f6\u00dfe und Ihre Artikel sind gut gesch\u00fctzt.<\/p>\n<p>Jegliche Besch\u00e4digung der Verpackung und \/ oder des Produkts oder die Nicht\u00fcbereinstimmung bei der Anzahl der Packst\u00fccke oder Angaben muss unverz\u00fcglich mit einem SCHRIFTLICHEN KONTROLLRESERVE (unter Angabe des Grundes f\u00fcr das RESERVE, z. B. &#8222;gelochte Verpackung&#8220;, &#8222;zerkleinerte Verpackung&#8220;) beanstandet werden. usw.) auf dem Kurierzustellnachweis.<\/p>\n<p>Nach der Unterzeichnung des Kurierdokuments kann der Kunde keinen Streit \u00fcber die \u00e4u\u00dferen Merkmale der gelieferten Ware anfechten.<\/p>\n<p>Probleme bez\u00fcglich der physischen Unversehrtheit, \u00dcbereinstimmung oder Vollst\u00e4ndigkeit der erhaltenen Produkte m\u00fcssen innerhalb von 3 Tagen nach Lieferung gemeldet werden.<\/p>\n","protected":false},"excerpt":{"rendered":"<p>Die Versandkosten, sofern vorhanden, gehen zu Lasten des Kunden und werden bei Auftragserteilung deutlich angegeben. Nichts ist dem Kunden mehr<\/p>\n","protected":false},"author":3,"featured_media":0,"parent":0,"menu_order":0,"comment_status":"closed","ping_status":"closed","template":"","meta":{"_acf_changed":false,"om_disable_all_campaigns":false,"_monsterinsights_skip_tracking":false,"_monsterinsights_sitenote_active":false,"_monsterinsights_sitenote_note":"","_monsterinsights_sitenote_category":0,"_uf_show_specific_survey":0,"_uf_disable_surveys":false,"footnotes":""},"class_list":["post-3382","page","type-page","status-publish","hentry"],"acf":[],"aioseo_notices":[],"yoast_head":"<!-- This site is optimized with the Yoast SEO plugin v27.1.1 - https:\/\/yoast.com\/product\/yoast-seo-wordpress\/ -->\n<title>Sendung - Effeuno<\/title>\n<meta name=\"robots\" content=\"index, follow, max-snippet:-1, max-image-preview:large, max-video-preview:-1\" \/>\n<link rel=\"canonical\" href=\"https:\/\/www.effeuno.biz\/de\/sendung\/\" \/>\n<meta property=\"og:locale\" content=\"de_DE\" \/>\n<meta property=\"og:type\" content=\"article\" \/>\n<meta property=\"og:title\" content=\"Sendung - Effeuno\" \/>\n<meta property=\"og:description\" content=\"Die Versandkosten, sofern vorhanden, gehen zu Lasten des Kunden und werden bei Auftragserteilung deutlich angegeben. Nichts ist dem Kunden mehr\" \/>\n<meta property=\"og:url\" content=\"https:\/\/www.effeuno.biz\/de\/sendung\/\" \/>\n<meta property=\"og:site_name\" content=\"Effeuno\" \/>\n<meta property=\"article:publisher\" content=\"https:\/\/www.facebook.com\/effeuno.forni.pizza.elettrici\" \/>\n<meta property=\"article:modified_time\" content=\"2019-11-13T17:37:38+00:00\" \/>\n<meta name=\"twitter:card\" content=\"summary_large_image\" \/>\n<meta name=\"twitter:label1\" content=\"Gesch\u00e4tzte Lesezeit\" \/>\n\t<meta name=\"twitter:data1\" content=\"1\u00a0Minute\" \/>\n<script type=\"application\/ld+json\" class=\"yoast-schema-graph\">{\"@context\":\"https:\/\/schema.org\",\"@graph\":[{\"@type\":\"WebPage\",\"@id\":\"https:\/\/www.effeuno.biz\/de\/sendung\/\",\"url\":\"https:\/\/www.effeuno.biz\/de\/sendung\/\",\"name\":\"Sendung - Effeuno\",\"isPartOf\":{\"@id\":\"https:\/\/www.effeuno.biz\/it\/#website\"},\"datePublished\":\"2019-11-13T17:37:14+00:00\",\"dateModified\":\"2019-11-13T17:37:38+00:00\",\"breadcrumb\":{\"@id\":\"https:\/\/www.effeuno.biz\/de\/sendung\/#breadcrumb\"},\"inLanguage\":\"de\",\"potentialAction\":[{\"@type\":\"ReadAction\",\"target\":[\"https:\/\/www.effeuno.biz\/de\/sendung\/\"]}]},{\"@type\":\"BreadcrumbList\",\"@id\":\"https:\/\/www.effeuno.biz\/de\/sendung\/#breadcrumb\",\"itemListElement\":[{\"@type\":\"ListItem\",\"position\":1,\"name\":\"Home\",\"item\":\"https:\/\/www.effeuno.biz\/de\/\"},{\"@type\":\"ListItem\",\"position\":2,\"name\":\"Sendung\"}]},{\"@type\":\"WebSite\",\"@id\":\"https:\/\/www.effeuno.biz\/it\/#website\",\"url\":\"https:\/\/www.effeuno.biz\/it\/\",\"name\":\"Effeuno\",\"description\":\"Vendita forni elettrici per pizza ed accessori per forni pizza rigorosamente Made in Italy\",\"publisher\":{\"@id\":\"https:\/\/www.effeuno.biz\/it\/#organization\"},\"potentialAction\":[{\"@type\":\"SearchAction\",\"target\":{\"@type\":\"EntryPoint\",\"urlTemplate\":\"https:\/\/www.effeuno.biz\/it\/?s={search_term_string}\"},\"query-input\":{\"@type\":\"PropertyValueSpecification\",\"valueRequired\":true,\"valueName\":\"search_term_string\"}}],\"inLanguage\":\"de\"},{\"@type\":\"Organization\",\"@id\":\"https:\/\/www.effeuno.biz\/it\/#organization\",\"name\":\"Effeuno\",\"url\":\"https:\/\/www.effeuno.biz\/it\/\",\"logo\":{\"@type\":\"ImageObject\",\"inLanguage\":\"de\",\"@id\":\"https:\/\/www.effeuno.biz\/it\/#\/schema\/logo\/image\/\",\"url\":\"https:\/\/www.effeuno.biz\/wp-content\/uploads\/2023\/08\/r-int.png\",\"contentUrl\":\"https:\/\/www.effeuno.biz\/wp-content\/uploads\/2023\/08\/r-int.png\",\"width\":459,\"height\":448,\"caption\":\"Effeuno\"},\"image\":{\"@id\":\"https:\/\/www.effeuno.biz\/it\/#\/schema\/logo\/image\/\"},\"sameAs\":[\"https:\/\/www.facebook.com\/effeuno.forni.pizza.elettrici\",\"https:\/\/www.instagram.com\/effeunoofficial\/\"]}]}<\/script>\n<!-- \/ Yoast SEO plugin. -->","yoast_head_json":{"title":"Sendung - Effeuno","robots":{"index":"index","follow":"follow","max-snippet":"max-snippet:-1","max-image-preview":"max-image-preview:large","max-video-preview":"max-video-preview:-1"},"canonical":"https:\/\/www.effeuno.biz\/de\/sendung\/","og_locale":"de_DE","og_type":"article","og_title":"Sendung - Effeuno","og_description":"Die Versandkosten, sofern vorhanden, gehen zu Lasten des Kunden und werden bei Auftragserteilung deutlich angegeben. Nichts ist dem Kunden mehr","og_url":"https:\/\/www.effeuno.biz\/de\/sendung\/","og_site_name":"Effeuno","article_publisher":"https:\/\/www.facebook.com\/effeuno.forni.pizza.elettrici","article_modified_time":"2019-11-13T17:37:38+00:00","twitter_card":"summary_large_image","twitter_misc":{"Gesch\u00e4tzte Lesezeit":"1\u00a0Minute"},"schema":{"@context":"https:\/\/schema.org","@graph":[{"@type":"WebPage","@id":"https:\/\/www.effeuno.biz\/de\/sendung\/","url":"https:\/\/www.effeuno.biz\/de\/sendung\/","name":"Sendung - Effeuno","isPartOf":{"@id":"https:\/\/www.effeuno.biz\/it\/#website"},"datePublished":"2019-11-13T17:37:14+00:00","dateModified":"2019-11-13T17:37:38+00:00","breadcrumb":{"@id":"https:\/\/www.effeuno.biz\/de\/sendung\/#breadcrumb"},"inLanguage":"de","potentialAction":[{"@type":"ReadAction","target":["https:\/\/www.effeuno.biz\/de\/sendung\/"]}]},{"@type":"BreadcrumbList","@id":"https:\/\/www.effeuno.biz\/de\/sendung\/#breadcrumb","itemListElement":[{"@type":"ListItem","position":1,"name":"Home","item":"https:\/\/www.effeuno.biz\/de\/"},{"@type":"ListItem","position":2,"name":"Sendung"}]},{"@type":"WebSite","@id":"https:\/\/www.effeuno.biz\/it\/#website","url":"https:\/\/www.effeuno.biz\/it\/","name":"Effeuno","description":"Vendita forni elettrici per pizza ed accessori per forni pizza rigorosamente Made in Italy","publisher":{"@id":"https:\/\/www.effeuno.biz\/it\/#organization"},"potentialAction":[{"@type":"SearchAction","target":{"@type":"EntryPoint","urlTemplate":"https:\/\/www.effeuno.biz\/it\/?s={search_term_string}"},"query-input":{"@type":"PropertyValueSpecification","valueRequired":true,"valueName":"search_term_string"}}],"inLanguage":"de"},{"@type":"Organization","@id":"https:\/\/www.effeuno.biz\/it\/#organization","name":"Effeuno","url":"https:\/\/www.effeuno.biz\/it\/","logo":{"@type":"ImageObject","inLanguage":"de","@id":"https:\/\/www.effeuno.biz\/it\/#\/schema\/logo\/image\/","url":"https:\/\/www.effeuno.biz\/wp-content\/uploads\/2023\/08\/r-int.png","contentUrl":"https:\/\/www.effeuno.biz\/wp-content\/uploads\/2023\/08\/r-int.png","width":459,"height":448,"caption":"Effeuno"},"image":{"@id":"https:\/\/www.effeuno.biz\/it\/#\/schema\/logo\/image\/"},"sameAs":["https:\/\/www.facebook.com\/effeuno.forni.pizza.elettrici","https:\/\/www.instagram.com\/effeunoofficial\/"]}]}},"_links":{"self":[{"href":"https:\/\/www.effeuno.biz\/de\/wp-json\/wp\/v2\/pages\/3382","targetHints":{"allow":["GET"]}}],"collection":[{"href":"https:\/\/www.effeuno.biz\/de\/wp-json\/wp\/v2\/pages"}],"about":[{"href":"https:\/\/www.effeuno.biz\/de\/wp-json\/wp\/v2\/types\/page"}],"author":[{"embeddable":true,"href":"https:\/\/www.effeuno.biz\/de\/wp-json\/wp\/v2\/users\/3"}],"replies":[{"embeddable":true,"href":"https:\/\/www.effeuno.biz\/de\/wp-json\/wp\/v2\/comments?post=3382"}],"version-history":[{"count":2,"href":"https:\/\/www.effeuno.biz\/de\/wp-json\/wp\/v2\/pages\/3382\/revisions"}],"predecessor-version":[{"id":3384,"href":"https:\/\/www.effeuno.biz\/de\/wp-json\/wp\/v2\/pages\/3382\/revisions\/3384"}],"wp:attachment":[{"href":"https:\/\/www.effeuno.biz\/de\/wp-json\/wp\/v2\/media?parent=3382"}],"curies":[{"name":"wp","href":"https:\/\/api.w.org\/{rel}","templated":true}]}}