{"id":3386,"date":"2019-11-13T17:38:28","date_gmt":"2019-11-13T17:38:28","guid":{"rendered":"https:\/\/www.effeuno.biz\/?page_id=3386"},"modified":"2025-12-23T12:19:48","modified_gmt":"2025-12-23T11:19:48","slug":"allgemeine-geschaeftsbedingungen","status":"publish","type":"page","link":"https:\/\/www.effeuno.biz\/de\/allgemeine-geschaeftsbedingungen\/","title":{"rendered":"Allgemeinen Gesch\u00e4ftsbedingungen"},"content":{"rendered":"<div class=\"wpb-content-wrapper\"><p>[vc_row][vc_column][vc_column_text css=&#8220;&#8220; text_larger=&#8220;no&#8220; woodmart_inline=&#8220;no&#8220;]Durch das Aufgeben einer Bestellung im Online-Shop [www.effeuno.biz](http:\/\/www.effeuno.biz) erkl\u00e4rt der Kunde, alle w\u00e4hrend des Kaufvorgangs bereitgestellten Informationen zur Kenntnis genommen zu haben, und akzeptiert vollumf\u00e4nglich die nachstehend wiedergegebenen allgemeinen Verkaufs- und Zahlungsbedingungen.<\/p>\n<p>Jeglicher Anspruch des Kunden auf Schadensersatz oder Entsch\u00e4digung ist ausgeschlossen; ebenso wird jede vertragliche oder au\u00dfervertragliche Haftung f\u00fcr direkte oder indirekte Sch\u00e4den an Personen und\/oder Sachen ausgeschlossen, die durch die Nichtannahme einer Bestellung \u2013 auch nur teilweise \u2013 entstehen.<br \/>\nIm Falle einer unvorhergesehenen Nichtverf\u00fcgbarkeit der Ware und der Nichtannahme der Bestellung erfolgt keine Belastung des Kunden.<\/p>\n<p>Der ordnungsgem\u00e4\u00dfe Eingang der Bestellung wird vom System durch eine E-Mail best\u00e4tigt, die an die vom Kunden angegebene E-Mail-Adresse gesendet wird. Diese Best\u00e4tigungsnachricht enth\u00e4lt das Bestelldatum sowie eine \u201eBestellnummer\u201c, die bei jeder weiteren Kommunikation mit dem Verk\u00e4ufer anzugeben ist.<\/p>\n<p>Es liegt in der Verantwortung des Kunden, sich mit korrekten Daten zu registrieren und diese Daten \u00fcber die Zugangsdaten aktuell zu halten.<\/p>\n<p>Der Kauf der Ware kann per Kreditkarte, PayPal, Bank\u00fcberweisung oder \u00fcber Finanzierungen der Plattformen Cofidis oder Alma erfolgen. Die Kartentransaktion erfolgt \u00fcber das elektronische System von PayPal. Zu keinem Zeitpunkt des Kaufvorgangs sind das elektronische System oder ein Mitglied des Personals in der Lage, die Kreditkartennummer des Kunden zu erfahren, da diese vom Kunden \u00fcber eine gesch\u00fctzte und nach aktuellen Standards des Online-Zahlungsmarktes verschl\u00fcsselte Internetverbindung eingegeben wird.<\/p>\n<p>Alle im E-Commerce angezeigten Betr\u00e4ge sind in Euro angegeben, der Referenzw\u00e4hrung.<\/p>\n<p>F\u00fcr jede Bestellung auf [www.effeuno.biz](http:\/\/www.effeuno.biz) wird eine elektronische Rechnung ausgestellt, die in Ihrem Steuerpostfach (\u201ecassetto fiscale\u201c) verf\u00fcgbar ist. Anschlie\u00dfend versendet Effeuno s.r.l. die Rechnungen per E-Mail als Kopie zur Kenntnisnahme.<\/p>\n<p>Es wird darauf hingewiesen, dass:<br \/>\n\u2013 <span class=\"s2\">die Handelsrechnung (ausgestellt an umsatzsteuerpflichtige Subjekte wie Unternehmen, Freiberufler oder Einzelunternehmen) Anspruch auf eine einj\u00e4hrige Garantie begr\u00fcndet;<\/span> <span class=\"s2\">\u2013 die an Privatpersonen ausgestellte Rechnung (Inhaber nur der Steuernummer) Anspruch auf zwei Jahre Garantie auf das gekaufte Produkt begr\u00fcndet.<\/span><\/p>\n<p>F\u00fcr die Ausstellung der Rechnung gelten die vom Kunden bei der Bestellung angegebenen Informationen.<br \/>\nDie Versandkosten werden zum Zeitpunkt der Bestellung ausdr\u00fccklich ausgewiesen.<\/p>\n<p>Effeuno Srl kann in einigen F\u00e4llen Bestellungen ausschlie\u00dflich mit Lieferung innerhalb Italiens annehmen. Effeuno s.r.l. \u00fcbernimmt keine Haftung f\u00fcr Verz\u00f6gerungen bei der Lieferung der bestellten Ware durch die Versanddienstleister.<\/p>\n<p>Bei der Lieferung der Ware durch den Versanddienstleister oder Poste Italiane ist der Kunde verpflichtet zu pr\u00fcfen:<\/p>\n<ul>\n<li>dass die Anzahl der gelieferten Packst\u00fccke mit den Angaben im Lieferschein \u00fcbereinstimmt;<\/li>\n<li>dass die Verpackung unversehrt, nicht besch\u00e4digt, nicht nass und nicht anderweitig ver\u00e4ndert ist, auch nicht an den Verschlussmaterialien (Klebeband oder Metallb\u00e4nder).<\/li>\n<\/ul>\n<p>Etwaige Sch\u00e4den an der Verpackung und\/oder am Produkt oder Abweichungen bei der Anzahl der Packst\u00fccke oder den Angaben m\u00fcssen unverz\u00fcglich beanstandet werden, indem auf dem Zustellnachweis des Versanddienstleisters ein SPEZIFISCHER SCHRIFTLICHER PR\u00dcFVORBEHALT angebracht wird. <strong>Nach Unterzeichnung des Dokuments des Versanddienstleisters kann der Kunde keinerlei Beanstandungen hinsichtlich des \u00e4u\u00dferen Zustands der gelieferten Ware mehr geltend machen.<\/strong><\/p>\n<p>Etwaige Probleme hinsichtlich der physischen Unversehrtheit, \u00dcbereinstimmung oder Vollst\u00e4ndigkeit der erhaltenen Produkte m\u00fcssen innerhalb von 3 Tagen nach erfolgter Lieferung gemeldet werden, indem eine E-Mail an <a href=\"mailto:support@effeunosrl.zendesk.com\">[support@effeunosrl.zendesk.com](mailto:support@effeunosrl.zendesk.com)<\/a> gesendet wird.<\/p>\n<h5><a name=\"_Toc215570482\"><\/a>EFFEUNO GESCHENKKARTE:<\/h5>\n<h6><a name=\"_Toc215570483\"><\/a>VERKAUFS- UND NUTZUNGSBEDINGUNGEN<\/h6>\n<p>Inhaltsverzeichnis <a href=\"#_Toc215570482\">EFFEUNO GESCHENKKARTE.. 1<\/a> <a href=\"#_Toc215570483\">VERKAUFS- UND NUTZUNGSBEDINGUNGEN.. 1<\/a> <a href=\"#_Toc215570484\">1) GEGENSTAND.. 1<\/a> <a href=\"#_Toc215570485\">2) DAUER. 1<\/a> <a href=\"#_Toc215570486\">3) GEBIETSGELTUNG UND VERKAUFSBESCHR\u00c4NKUNGEN. 1<\/a> <a href=\"#_Toc215570487\">4) \u00dcBERTRAGBARKEIT DER GESCHENKKARTE.. 2<\/a> <a href=\"#_Toc215570488\">5) NUTZBARKEIT DER GESCHENKKARTE \u2013 VERBOT DER GETEILTEN ODER TEILWEISEN NUTZUNG. 2<\/a> <a href=\"#_Toc215570489\">6) TECHNOLOGIEWECHSEL. 3<\/a> <a href=\"#_Toc215570490\">7) VERTRAGSABTRETUNGEN.. 3<\/a> <a href=\"#_Toc215570491\">8) WIDERRUFSRECHT.. 3<\/a> <a href=\"#_Toc215570492\">9) ORT.. 3<\/a><\/p>\n<p>Der Erwerb und die Nutzung der Effeuno-Geschenkkarte im Shop effeuno.biz oder \u00fcber andere Instrumente unterliegen diesen Verkaufs- und Nutzungsbedingungen.<\/p>\n<h6><a name=\"_Toc215570484\"><\/a>1) GEGENSTAND<\/h6>\n<p>Die Geschenkkarte ist ein elektronischer Gutschein, der durch einen einmaligen und eindeutigen Code gekennzeichnet ist und steuerlich als Mehrzweckgutschein eingestuft wird, da zum Zeitpunkt des Kaufs die anwendbare Mehrwertsteuerregelung nicht bekannt ist und von Art und Bestimmungsort der Ware des tats\u00e4chlichen Nutzers abh\u00e4ngt.<\/p>\n<p>Die Geschenkkarte berechtigt den Inhaber \u2013 innerhalb der in der Rubrik \u201eDauer\u201c angegebenen Frist und gem\u00e4\u00df den hier geregelten weiteren Bedingungen \u2013 dazu, den Gesamtwert der Karte vom Kaufpreis innerhalb des Shops effeuno.biz abzuziehen.<\/p>\n<p>Die Geschenkkarte berechtigt nicht zu Rabatten oder Sonderkonditionen, sondern ausschlie\u00dflich zur Verrechnung ihres Wertes bis zum Ablaufdatum mit dem Gesamtpreis.<\/p>\n<p>Die Geschenkkarte ist ausschlie\u00dflich im offiziellen E-Commerce-Portal effeuno.biz verwendbar und kann nicht bei K\u00e4ufen \u00fcber Vertriebspartner oder andere Kan\u00e4le au\u00dferhalb des direkten E-Commerce-Portals effeuno.biz genutzt werden.<\/p>\n<p>Die Geschenkkarte wirft keine Fr\u00fcchte ab, erzeugt keine Zinsen und keine sonstige Rendite.<\/p>\n<p>Der Wert der Geschenkkarte ist in Euro angegeben und in Euro nutzbar. Etwaige Umrechnungen in Fremdw\u00e4hrungen werden beim Kauf der Geschenkkarte geregelt; ebenso wird bei der Einl\u00f6sung der Wert der Geschenkkarte von der Transaktion in Euro abgezogen, bevor eine eventuelle Umrechnung in eine andere W\u00e4hrung erfolgt.<\/p>\n<p>Die Geschenkkarte ist ausschlie\u00dflich mit aktiven Promotionen auf dem Portal shop.effeuno.biz kombinierbar.<\/p>\n<p>Die Geschenkkarte darf nicht von Vertriebspartnern und professionellen Wiederverk\u00e4ufern im Rahmen ihrer T\u00e4tigkeit verwendet werden. Sie kann hingegen von professionellen Akteuren, die als \u201eEndnutzer\u201c definiert sind, auch f\u00fcr ihre T\u00e4tigkeit genutzt werden, sofern der Kauf nicht zum Zweck des Weiterverkaufs oder der Distribution erfolgt.<\/p>\n<h6><a name=\"_Toc215570485\"><\/a>2) DAUER<\/h6>\n<p>Die Geschenkkarte ist 12 Monate ab ihrer Ausstellung g\u00fcltig. Die Berechnung des Ablaufdatums erfolgt durch das System, das den Geschenkkarten-Code ausstellt, und richtet sich daher nach der Zeitzone und dem Kalender dieses Systems.<\/p>\n<p>Der K\u00e4ufer der Geschenkkarte und der Endnutzer k\u00f6nnen eine vorzeitige Ablaufzeit nicht geltend machen, sofern die Nutzung auf Grundlage einer anderen Zeitzone oder eines anderen Kalenders als demjenigen des Systems erfolgt, das den Code generiert hat.<\/p>\n<h6><a name=\"_Toc215570486\"><\/a>3) GEBIETSGELTUNG UND VERKAUFSBESCHR\u00c4NKUNGEN<\/h6>\n<p>Die Nutzung der Geschenkkarte ist nur f\u00fcr Verk\u00e4ufe in den L\u00e4ndern zul\u00e4ssig, in denen der Verkauf gem\u00e4\u00df den Verkaufsbedingungen auf dem Shop effeuno.biz erlaubt ist.<\/p>\n<p>Sofern der tats\u00e4chliche Nutzer die Geschenkkarte au\u00dferhalb der auf dem Shop effeuno.biz ggf. zul\u00e4ssigen Gebiete verwenden m\u00f6chte, kann er keine R\u00fcckerstattung, Auszahlung oder Barzahlung des Geschenkkartenwertes oder sonstiger Kosten verlangen.<\/p>\n<p>Die Geschenkkarte darf nicht f\u00fcr K\u00e4ufe an Personen\/Organisationen oder in Gebiete verwendet werden, die Embargos oder anderen Ma\u00dfnahmen zur Einschr\u00e4nkung des Warenverkehrs unterliegen, welche von der Europ\u00e4ischen Union oder Italien gem\u00e4\u00df den einschl\u00e4gigen Bestimmungen verh\u00e4ngt wurden.<\/p>\n<p>Bei Nutzung der Geschenkkarte f\u00fcr K\u00e4ufe an solche Personen\/Organisationen oder in solche Gebiete kann der Aussteller jederzeit den Versand der Bestellung annullieren und beh\u00e4lt sich das Recht vor, den Betrag in H\u00f6he des Geschenkkartenwertes als Vertragsstrafe einzubehalten.<\/p>\n<p>Die Nutzung der Geschenkkarte erfolgt auf Verantwortung des Nutzers. Der K\u00e4ufer haftet gesamtschuldnerisch mit dem Nutzer gegen\u00fcber dem Aussteller f\u00fcr alle Sanktionen und Sch\u00e4den, die mit einer missbr\u00e4uchlichen Nutzung der Geschenkkarte verbunden sind.<\/p>\n<h6><a name=\"_Toc215570487\"><\/a>4) \u00dcBERTRAGBARKEIT DER GESCHENKKARTE<\/h6>\n<p>Die Geschenkkarte ist vom Inhaber\/\u00dcberbringer einl\u00f6sbar, verstanden als die Person, die faktisch \u00fcber die Codes oder die Mittel verf\u00fcgt, mit denen die Geschenkkarte auf Bestellungen auf effeuno.biz angerechnet werden kann.<\/p>\n<p>Die Geschenkkarte kann nicht in station\u00e4ren Gesch\u00e4ften eingel\u00f6st werden, sondern ausschlie\u00dflich \u00fcber das Portal effeuno.biz.<\/p>\n<p>F\u00fcr die \u00dcbertragung der Geschenkkarte an Dritte sind keine besonderen Formalit\u00e4ten vorgesehen, au\u00dfer im Zusammenhang mit einer besonderen steuerlichen Behandlung, die den Aussteller der Geschenkkarten in keiner Weise betrifft.<\/p>\n<p>Der K\u00e4ufer stellt den Aussteller von jeglichen steuerlichen Beanstandungen im Zusammenhang mit der \u00dcbertragung der Karte sowie von jeder Verletzung hinsichtlich der Nutzung der Karte f\u00fcr etwaige rechtswidrige Handlungen durch ihn oder den Nutzer frei.<\/p>\n<h6><a name=\"_Toc215570488\"><\/a>5) NUTZBARKEIT DER GESCHENKKARTE \u2013 VERBOT DER GETEILTEN ODER TEILWEISEN NUTZUNG<\/h6>\n<p>Geschenkkarten sind in verschiedenen Betr\u00e4gen erh\u00e4ltlich, einschlie\u00dflich ggf. eines frei w\u00e4hlbaren Betrags.<\/p>\n<p>Unbeschadet der zwingenden Ablaufdauer der Geschenkkarte, wie in der Rubrik \u201eDauer\u201c dieses Vertrags festgelegt, beh\u00e4lt sich Effeuno das Recht vor, eine geteilte Nutzung nicht zuzulassen; in diesem Fall kann die Geschenkkarte nur in einer einzigen Transaktion f\u00fcr den Gesamtwert der Bestellung verwendet werden.<\/p>\n<p>Die Nutzung der Geschenkkarte f\u00fcr K\u00e4ufe mit einem Wert unterhalb ihres Wertes kann vom System erlaubt werden; dies begr\u00fcndet jedoch in keiner Weise einen Anspruch auf R\u00fcckerstattung des Restbetrags \u2013 weder f\u00fcr den tats\u00e4chlichen Nutzer noch f\u00fcr den K\u00e4ufer.<\/p>\n<p>Der Kauf von Geschenkkarten unter Verwendung einer bereits ausgegebenen Geschenkkarte ist nicht gestattet.<\/p>\n<p>Der Aussteller kann in einigen F\u00e4llen Bedingungen f\u00fcr die Einl\u00f6sung von demn\u00e4chst ablaufenden Geschenkkarten vorsehen.<\/p>\n<p>Die Geschenkkarte kann nicht von Vertriebspartnern und professionellen Wiederverk\u00e4ufern genutzt werden.<\/p>\n<h6><a name=\"_Toc215570489\"><\/a>6) TECHNOLOGIEWECHSEL<\/h6>\n<p>Sollte der Aussteller die Technologie oder das System zur Ausstellung der Geschenkkarten \u00e4ndern, wird er den K\u00e4ufer oder \u2013 sofern m\u00f6glich \u2013 den Inhaber informieren, sofern dieser in einem entsprechenden Bereich registriert ist, und die Modalit\u00e4ten sowie Bedingungen f\u00fcr die Umstellung nicht abgelaufener und nicht genutzter Geschenkkarten mitteilen \u2013 ohne Kosten und ohne \u00c4nderung der urspr\u00fcnglichen Ablaufdauer.<\/p>\n<h6><a name=\"_Toc215570490\"><\/a>7) VERTRAGSABTRETUNGEN<\/h6>\n<p>Der Aussteller kann die aus diesem Vertrag entstehenden Rechte und Pflichten abtreten, ohne dass der Inhaber der Geschenkkarte oder der K\u00e4ufer zustimmen muss und ohne Vorank\u00fcndigung oder Begr\u00fcndung, wobei das Recht des Inhabers der Geschenkkarte, innerhalb der Frist und gem\u00e4\u00df den Bedingungen dieses Vertrags Effeuno-Produkte im offiziellen Store zu kaufen, erhalten bleibt.<\/p>\n<p>Der Aussteller beh\u00e4lt sich au\u00dferdem vor, neue Kaufmodalit\u00e4ten oder neue Portale mitzuteilen, auf denen eine nicht abgelaufene und nicht genutzte Geschenkkarte verwendet werden kann, ohne dass sich andere Bedingungen \u00e4ndern.<\/p>\n<h6><a name=\"_Toc215570491\"><\/a>8) WIDERRUFSRECHT<\/h6>\n<p>Aufgrund der besonderen Beschaffenheit der Geschenkkarte ist eine Stornierung des ausgegebenen Codes nach erfolgter Zahlung nicht m\u00f6glich; folglich besteht kein Widerrufsrecht und kein R\u00fccktrittsrecht.<\/p>\n<p>Das Widerrufsrecht und alle weiteren Bedingungen im Zusammenhang mit Verkauf und Versand von Produkten, die auch mittels Geschenkkarte bezahlt wurden, werden jeweils durch den Kaufvertrag des Endprodukts geregelt, der zum Zeitpunkt des Kaufs gilt.<\/p>\n<h6><a name=\"_Toc215570492\"><\/a>9) ORT<\/h6>\n<p>Der Ort, an dem der Vertrag als geschlossen gilt, ist der Sitz des Ausstellers in Limena (PD), Italien.<\/p>\n<p>Jegliche Abweichung von diesem Ort muss ausschlie\u00dflich und zwingend durch das auf den Einzelfall anwendbare Recht geregelt werden.<\/p>\n<h6>GENEHMIGUNG SPEZIFISCHER KLAUSELN GEM\u00c4SS ART. 1341 UND 1342 ITAL. ZGB<\/h6>\n<p>Gem\u00e4\u00df und im Sinne der Artikel 1341 und 1342 des italienischen Zivilgesetzbuches erkl\u00e4ren die Parteien, alle Bedingungen dieser Vereinbarung gelesen und verstanden zu haben, insbesondere die folgenden Artikel: 2, 3, 4, 5, 6, 7, 8, 9.<br \/>\n[\/vc_column_text][\/vc_column][\/vc_row]<\/p>\n<\/div>","protected":false},"excerpt":{"rendered":"<p>[vc_row][vc_column][vc_column_text css=&#8220;&#8220; text_larger=&#8220;no&#8220; woodmart_inline=&#8220;no&#8220;]Durch das Aufgeben einer Bestellung im Online-Shop [www.effeuno.biz](http:\/\/www.effeuno.biz) erkl\u00e4rt der Kunde, alle w\u00e4hrend des Kaufvorgangs bereitgestellten Informationen<\/p>\n","protected":false},"author":3,"featured_media":0,"parent":0,"menu_order":0,"comment_status":"closed","ping_status":"closed","template":"","meta":{"_acf_changed":false,"om_disable_all_campaigns":false,"_monsterinsights_skip_tracking":false,"_monsterinsights_sitenote_active":false,"_monsterinsights_sitenote_note":"","_monsterinsights_sitenote_category":0,"_uf_show_specific_survey":0,"_uf_disable_surveys":false,"footnotes":""},"class_list":["post-3386","page","type-page","status-publish","hentry"],"acf":[],"aioseo_notices":[],"yoast_head":"<!-- This site is optimized with the Yoast SEO plugin v27.1.1 - https:\/\/yoast.com\/product\/yoast-seo-wordpress\/ -->\n<title>Allgemeinen Gesch\u00e4ftsbedingungen - Effeuno<\/title>\n<meta name=\"robots\" content=\"index, follow, max-snippet:-1, max-image-preview:large, max-video-preview:-1\" \/>\n<link rel=\"canonical\" href=\"https:\/\/www.effeuno.biz\/de\/allgemeine-geschaeftsbedingungen\/\" \/>\n<meta property=\"og:locale\" content=\"de_DE\" \/>\n<meta property=\"og:type\" content=\"article\" \/>\n<meta property=\"og:title\" content=\"Allgemeinen Gesch\u00e4ftsbedingungen - Effeuno\" \/>\n<meta property=\"og:description\" content=\"[vc_row][vc_column][vc_column_text css=&#8220;&#8220; text_larger=&#8220;no&#8220; woodmart_inline=&#8220;no&#8220;]Durch das Aufgeben einer Bestellung im Online-Shop [www.effeuno.biz](http:\/\/www.effeuno.biz) erkl\u00e4rt der Kunde, alle w\u00e4hrend des Kaufvorgangs bereitgestellten Informationen\" \/>\n<meta property=\"og:url\" content=\"https:\/\/www.effeuno.biz\/de\/allgemeine-geschaeftsbedingungen\/\" \/>\n<meta property=\"og:site_name\" content=\"Effeuno\" \/>\n<meta property=\"article:publisher\" content=\"https:\/\/www.facebook.com\/effeuno.forni.pizza.elettrici\" \/>\n<meta property=\"article:modified_time\" content=\"2025-12-23T11:19:48+00:00\" \/>\n<meta name=\"twitter:card\" content=\"summary_large_image\" \/>\n<meta name=\"twitter:label1\" content=\"Gesch\u00e4tzte Lesezeit\" \/>\n\t<meta name=\"twitter:data1\" content=\"9\u00a0Minuten\" \/>\n<script type=\"application\/ld+json\" class=\"yoast-schema-graph\">{\"@context\":\"https:\/\/schema.org\",\"@graph\":[{\"@type\":\"WebPage\",\"@id\":\"https:\/\/www.effeuno.biz\/de\/allgemeine-geschaeftsbedingungen\/\",\"url\":\"https:\/\/www.effeuno.biz\/de\/allgemeine-geschaeftsbedingungen\/\",\"name\":\"Allgemeinen Gesch\u00e4ftsbedingungen - Effeuno\",\"isPartOf\":{\"@id\":\"https:\/\/www.effeuno.biz\/it\/#website\"},\"datePublished\":\"2019-11-13T17:38:28+00:00\",\"dateModified\":\"2025-12-23T11:19:48+00:00\",\"breadcrumb\":{\"@id\":\"https:\/\/www.effeuno.biz\/de\/allgemeine-geschaeftsbedingungen\/#breadcrumb\"},\"inLanguage\":\"de\",\"potentialAction\":[{\"@type\":\"ReadAction\",\"target\":[\"https:\/\/www.effeuno.biz\/de\/allgemeine-geschaeftsbedingungen\/\"]}]},{\"@type\":\"BreadcrumbList\",\"@id\":\"https:\/\/www.effeuno.biz\/de\/allgemeine-geschaeftsbedingungen\/#breadcrumb\",\"itemListElement\":[{\"@type\":\"ListItem\",\"position\":1,\"name\":\"Home\",\"item\":\"https:\/\/www.effeuno.biz\/de\/\"},{\"@type\":\"ListItem\",\"position\":2,\"name\":\"Allgemeinen Gesch\u00e4ftsbedingungen\"}]},{\"@type\":\"WebSite\",\"@id\":\"https:\/\/www.effeuno.biz\/it\/#website\",\"url\":\"https:\/\/www.effeuno.biz\/it\/\",\"name\":\"Effeuno\",\"description\":\"Vendita forni elettrici per pizza ed accessori per forni pizza rigorosamente Made in Italy\",\"publisher\":{\"@id\":\"https:\/\/www.effeuno.biz\/it\/#organization\"},\"potentialAction\":[{\"@type\":\"SearchAction\",\"target\":{\"@type\":\"EntryPoint\",\"urlTemplate\":\"https:\/\/www.effeuno.biz\/it\/?s={search_term_string}\"},\"query-input\":{\"@type\":\"PropertyValueSpecification\",\"valueRequired\":true,\"valueName\":\"search_term_string\"}}],\"inLanguage\":\"de\"},{\"@type\":\"Organization\",\"@id\":\"https:\/\/www.effeuno.biz\/it\/#organization\",\"name\":\"Effeuno\",\"url\":\"https:\/\/www.effeuno.biz\/it\/\",\"logo\":{\"@type\":\"ImageObject\",\"inLanguage\":\"de\",\"@id\":\"https:\/\/www.effeuno.biz\/it\/#\/schema\/logo\/image\/\",\"url\":\"https:\/\/www.effeuno.biz\/wp-content\/uploads\/2023\/08\/r-int.png\",\"contentUrl\":\"https:\/\/www.effeuno.biz\/wp-content\/uploads\/2023\/08\/r-int.png\",\"width\":459,\"height\":448,\"caption\":\"Effeuno\"},\"image\":{\"@id\":\"https:\/\/www.effeuno.biz\/it\/#\/schema\/logo\/image\/\"},\"sameAs\":[\"https:\/\/www.facebook.com\/effeuno.forni.pizza.elettrici\",\"https:\/\/www.instagram.com\/effeunoofficial\/\"]}]}<\/script>\n<!-- \/ Yoast SEO plugin. -->","yoast_head_json":{"title":"Allgemeinen Gesch\u00e4ftsbedingungen - Effeuno","robots":{"index":"index","follow":"follow","max-snippet":"max-snippet:-1","max-image-preview":"max-image-preview:large","max-video-preview":"max-video-preview:-1"},"canonical":"https:\/\/www.effeuno.biz\/de\/allgemeine-geschaeftsbedingungen\/","og_locale":"de_DE","og_type":"article","og_title":"Allgemeinen Gesch\u00e4ftsbedingungen - Effeuno","og_description":"[vc_row][vc_column][vc_column_text css=&#8220;&#8220; text_larger=&#8220;no&#8220; woodmart_inline=&#8220;no&#8220;]Durch das Aufgeben einer Bestellung im Online-Shop [www.effeuno.biz](http:\/\/www.effeuno.biz) erkl\u00e4rt der Kunde, alle w\u00e4hrend des Kaufvorgangs bereitgestellten Informationen","og_url":"https:\/\/www.effeuno.biz\/de\/allgemeine-geschaeftsbedingungen\/","og_site_name":"Effeuno","article_publisher":"https:\/\/www.facebook.com\/effeuno.forni.pizza.elettrici","article_modified_time":"2025-12-23T11:19:48+00:00","twitter_card":"summary_large_image","twitter_misc":{"Gesch\u00e4tzte Lesezeit":"9\u00a0Minuten"},"schema":{"@context":"https:\/\/schema.org","@graph":[{"@type":"WebPage","@id":"https:\/\/www.effeuno.biz\/de\/allgemeine-geschaeftsbedingungen\/","url":"https:\/\/www.effeuno.biz\/de\/allgemeine-geschaeftsbedingungen\/","name":"Allgemeinen Gesch\u00e4ftsbedingungen - Effeuno","isPartOf":{"@id":"https:\/\/www.effeuno.biz\/it\/#website"},"datePublished":"2019-11-13T17:38:28+00:00","dateModified":"2025-12-23T11:19:48+00:00","breadcrumb":{"@id":"https:\/\/www.effeuno.biz\/de\/allgemeine-geschaeftsbedingungen\/#breadcrumb"},"inLanguage":"de","potentialAction":[{"@type":"ReadAction","target":["https:\/\/www.effeuno.biz\/de\/allgemeine-geschaeftsbedingungen\/"]}]},{"@type":"BreadcrumbList","@id":"https:\/\/www.effeuno.biz\/de\/allgemeine-geschaeftsbedingungen\/#breadcrumb","itemListElement":[{"@type":"ListItem","position":1,"name":"Home","item":"https:\/\/www.effeuno.biz\/de\/"},{"@type":"ListItem","position":2,"name":"Allgemeinen Gesch\u00e4ftsbedingungen"}]},{"@type":"WebSite","@id":"https:\/\/www.effeuno.biz\/it\/#website","url":"https:\/\/www.effeuno.biz\/it\/","name":"Effeuno","description":"Vendita forni elettrici per pizza ed accessori per forni pizza rigorosamente Made in Italy","publisher":{"@id":"https:\/\/www.effeuno.biz\/it\/#organization"},"potentialAction":[{"@type":"SearchAction","target":{"@type":"EntryPoint","urlTemplate":"https:\/\/www.effeuno.biz\/it\/?s={search_term_string}"},"query-input":{"@type":"PropertyValueSpecification","valueRequired":true,"valueName":"search_term_string"}}],"inLanguage":"de"},{"@type":"Organization","@id":"https:\/\/www.effeuno.biz\/it\/#organization","name":"Effeuno","url":"https:\/\/www.effeuno.biz\/it\/","logo":{"@type":"ImageObject","inLanguage":"de","@id":"https:\/\/www.effeuno.biz\/it\/#\/schema\/logo\/image\/","url":"https:\/\/www.effeuno.biz\/wp-content\/uploads\/2023\/08\/r-int.png","contentUrl":"https:\/\/www.effeuno.biz\/wp-content\/uploads\/2023\/08\/r-int.png","width":459,"height":448,"caption":"Effeuno"},"image":{"@id":"https:\/\/www.effeuno.biz\/it\/#\/schema\/logo\/image\/"},"sameAs":["https:\/\/www.facebook.com\/effeuno.forni.pizza.elettrici","https:\/\/www.instagram.com\/effeunoofficial\/"]}]}},"_links":{"self":[{"href":"https:\/\/www.effeuno.biz\/de\/wp-json\/wp\/v2\/pages\/3386","targetHints":{"allow":["GET"]}}],"collection":[{"href":"https:\/\/www.effeuno.biz\/de\/wp-json\/wp\/v2\/pages"}],"about":[{"href":"https:\/\/www.effeuno.biz\/de\/wp-json\/wp\/v2\/types\/page"}],"author":[{"embeddable":true,"href":"https:\/\/www.effeuno.biz\/de\/wp-json\/wp\/v2\/users\/3"}],"replies":[{"embeddable":true,"href":"https:\/\/www.effeuno.biz\/de\/wp-json\/wp\/v2\/comments?post=3386"}],"version-history":[{"count":12,"href":"https:\/\/www.effeuno.biz\/de\/wp-json\/wp\/v2\/pages\/3386\/revisions"}],"predecessor-version":[{"id":149649,"href":"https:\/\/www.effeuno.biz\/de\/wp-json\/wp\/v2\/pages\/3386\/revisions\/149649"}],"wp:attachment":[{"href":"https:\/\/www.effeuno.biz\/de\/wp-json\/wp\/v2\/media?parent=3386"}],"curies":[{"name":"wp","href":"https:\/\/api.w.org\/{rel}","templated":true}]}}