{"id":78290,"date":"2024-01-18T13:57:19","date_gmt":"2024-01-18T12:57:19","guid":{"rendered":"https:\/\/www.effeuno.biz\/haeufig-gestellte-fragen\/informationen-zum-effeuno-biscotto\/"},"modified":"2024-01-18T13:57:19","modified_gmt":"2024-01-18T12:57:19","slug":"informationen-zum-effeuno-biscotto","status":"publish","type":"page","link":"https:\/\/www.effeuno.biz\/de\/haeufig-gestellte-fragen\/informationen-zum-effeuno-biscotto\/","title":{"rendered":"Informationen zum Effeuno Biscotto"},"content":{"rendered":"<div class=\"wpb-content-wrapper\"><p>[vc_row][vc_column]\n\t\t<div id=\"wd-65a7fa5c52bba\" class=\"title-wrapper wd-wpb wd-set-mb reset-last-child  wd-rs-65a7fa5c52bba wd-title-color-primary wd-title-style-underlined text-left  wd-underline-colored\">\n\t\t\t\n\t\t\t<div class=\"liner-continer\">\n\t\t\t\t<h4 class=\"woodmart-title-container title  wd-font-weight- wd-fontsize-l\" >Verfahren zur Einbrennung des Effeuno Biscotto<\/h4>\n\t\t\t\t\t\t\t<\/div>\n\t\t\t\n\t\t\t\n\t\t\t\n\t\t<\/div>\n\t\t\n\t\t[\/vc_column][\/vc_row][vc_row][vc_column width=&#8220;1\/2&#8243;][vc_custom_heading text=&#8220;<strong>WIE KANN ICH DIE EINBRENNUNG DES BISCOTTO DURCHF\u00dcHREN?<\/strong>&#8220; font_container=&#8220;tag:h3|font_size:14|text_align:left&#8220; use_theme_fonts=&#8220;yes&#8220;][vc_column_text text_larger=&#8220;no&#8220; woodmart_inline=&#8220;no&#8220;]Die ordnungsgem\u00e4\u00dfe Einbrennung des Effeuno Biscotto-Steins ist entscheidend, um seine maximale Leistung und Haltbarkeit im Laufe der Zeit sicherzustellen. Es wird empfohlen, die folgenden Anweisungen sorgf\u00e4ltig zu befolgen:<\/p>\n<p>1. <strong>Platzierung des Steins:<\/strong> Setzen Sie den Effeuno Biscotto-Stein in die Backkammer des Ofens ein.<\/p>\n<p>2. <strong>Einschalten des Ofens:<\/strong> Starten Sie den Ofen mit der dedizierten Z\u00fcndtaste.<\/p>\n<p>3. <strong>Erster Aufheizschritt:<\/strong><br \/>\n&#8211; Drehen Sie die Kn\u00f6pfe (unten und oben), um eine Temperatur von 100\u00b0C zu erreichen.<br \/>\n&#8211; Warten Sie, bis der Ofen diese Temperatur etwa 20 Minuten lang aufrechterh\u00e4lt.<\/p>\n<p>4. <strong>Zweiter Aufheizschritt:<\/strong><br \/>\n&#8211; Erh\u00f6hen Sie die Temperatur, indem Sie die Kn\u00f6pfe (unten und oben) auf 150\u00b0C einstellen.<br \/>\n&#8211; Halten Sie den Ofen weitere 20 Minuten lang auf dieser Temperatur.<\/p>\n<p>5. <strong>Nachfolgende Erh\u00f6hungen:<\/strong><br \/>\n&#8211; Wiederholen Sie den Vorgang, wie im Schritt 4 beschrieben, und erh\u00f6hen Sie die Temperatur jedes Mal um 50\u00b0C, bis Sie die maximale Temperatur des Ofens erreicht haben.[\/vc_column_text][\/vc_column][vc_column width=&#8220;1\/2&#8243;][vc_custom_heading text=&#8220;<strong>WICHTIGER HINWEIS<\/strong>&#8220; font_container=&#8220;tag:h3|font_size:14|text_align:left&#8220; use_theme_fonts=&#8220;yes&#8220;][vc_column_text text_larger=&#8220;no&#8220; woodmart_inline=&#8220;no&#8220;]<\/p>\n<p style=\"text-align: justify;\">Es wird dringend empfohlen, die Temperatur allm\u00e4hlich zu erh\u00f6hen. Es wird dringend empfohlen, die Temperatur allm\u00e4hlich zu erh\u00f6hen. Dies erm\u00f6glicht es dem Stein, sich langsam an thermische Schwankungen anzupassen, wodurch seine Integrit\u00e4t erhalten bleibt und seine Leistung optimiert wird.<\/p>\n<p class=\"p1\">Au\u00dferdem ist es wichtig, den Raum w\u00e4hrend des Einbrennens ausreichend zu bel\u00fcften, da durch das Erhitzen des Steins Ger\u00fcche entstehen k\u00f6nnen (Ger\u00fcche, die jedoch w\u00e4hrend des Einbrennens v\u00f6llig normal sind).<\/p>\n<p>[\/vc_column_text][vc_custom_heading text=&#8220;<strong>WIE KANN DIE REINIGUNG DES BISCOTTO DURCHGEF\u00dcHRT WERDEN?<\/strong>&#8220; font_container=&#8220;tag:h3|font_size:14|text_align:left&#8220; use_theme_fonts=&#8220;yes&#8220;][vc_column_text text_larger=&#8220;no&#8220; woodmart_inline=&#8220;no&#8220;]<\/p>\n<p style=\"text-align: justify;\">Um den Biscotto-Stein zu reinigen, empfehlen wir (am Ende des Kochvorgangs), den Ofen auf die h\u00f6chste Temperatur zu bringen (ohne Lebensmittel im Inneren, nur mit dem Biscotto), um m\u00f6gliche R\u00fcckst\u00e4nde zu verkohlen. Anschlie\u00dfend, bei vollst\u00e4ndig abgek\u00fchltem Ofen, k\u00f6nnen Sie ein feuchtes Tuch\/einen Schaber verwenden, um die verkohlten R\u00fcckst\u00e4nde zu entfernen. Danach, wenn der Ofen komplett abgek\u00fchlt ist, k\u00f6nnen Sie ein feuchtes Tuch oder einen Schaber verwenden, um die verkohlten R\u00fcckst\u00e4nde zu entfernen.<\/p>\n<p>[\/vc_column_text][\/vc_column][\/vc_row][vc_row][vc_column width=&#8220;1\/2&#8243;][\/vc_column][vc_column width=&#8220;1\/2&#8243;][\/vc_column][\/vc_row][vc_row][vc_column][\/vc_column][\/vc_row][vc_row][vc_column][vc_video link=&#8220;https:\/\/youtu.be\/vhGZeCb0ENU&#8220; woodmart_css_id=&#8220;65a8e4bdc1848&#8243; image_poster_switch=&#8220;no&#8220;][\/vc_column][\/vc_row]<\/p>\n<\/div>","protected":false},"excerpt":{"rendered":"<p>[vc_row][vc_column][\/vc_column][\/vc_row][vc_row][vc_column width=&#8220;1\/2&#8243;][vc_custom_heading text=&#8220;WIE KANN ICH DIE EINBRENNUNG DES BISCOTTO DURCHF\u00dcHREN?&#8220; font_container=&#8220;tag:h3|font_size:14|text_align:left&#8220; use_theme_fonts=&#8220;yes&#8220;][vc_column_text text_larger=&#8220;no&#8220; woodmart_inline=&#8220;no&#8220;]Die ordnungsgem\u00e4\u00dfe Einbrennung des Effeuno Biscotto-Steins ist<\/p>\n","protected":false},"author":7,"featured_media":0,"parent":54877,"menu_order":0,"comment_status":"closed","ping_status":"closed","template":"","meta":{"_acf_changed":false,"om_disable_all_campaigns":false,"_monsterinsights_skip_tracking":false,"_monsterinsights_sitenote_active":false,"_monsterinsights_sitenote_note":"","_monsterinsights_sitenote_category":0,"_uf_show_specific_survey":0,"_uf_disable_surveys":false,"footnotes":""},"class_list":["post-78290","page","type-page","status-publish","hentry"],"acf":[],"aioseo_notices":[],"yoast_head":"<!-- This site is optimized with the Yoast SEO plugin v27.1.1 - https:\/\/yoast.com\/product\/yoast-seo-wordpress\/ -->\n<title>Informationen zum Effeuno Biscotto - Effeuno<\/title>\n<meta name=\"robots\" content=\"index, follow, max-snippet:-1, max-image-preview:large, max-video-preview:-1\" \/>\n<link rel=\"canonical\" href=\"https:\/\/www.effeuno.biz\/de\/haeufig-gestellte-fragen\/informationen-zum-effeuno-biscotto\/\" \/>\n<meta property=\"og:locale\" content=\"de_DE\" \/>\n<meta property=\"og:type\" content=\"article\" \/>\n<meta property=\"og:title\" content=\"Informationen zum Effeuno Biscotto - Effeuno\" \/>\n<meta property=\"og:description\" content=\"[vc_row][vc_column][\/vc_column][\/vc_row][vc_row][vc_column width=&#8220;1\/2&#8243;][vc_custom_heading text=&#8220;WIE KANN ICH DIE EINBRENNUNG DES BISCOTTO DURCHF\u00dcHREN?&#8220; font_container=&#8220;tag:h3|font_size:14|text_align:left&#8220; use_theme_fonts=&#8220;yes&#8220;][vc_column_text text_larger=&#8220;no&#8220; woodmart_inline=&#8220;no&#8220;]Die ordnungsgem\u00e4\u00dfe Einbrennung des Effeuno Biscotto-Steins ist\" \/>\n<meta property=\"og:url\" content=\"https:\/\/www.effeuno.biz\/de\/haeufig-gestellte-fragen\/informationen-zum-effeuno-biscotto\/\" \/>\n<meta property=\"og:site_name\" content=\"Effeuno\" \/>\n<meta property=\"article:publisher\" content=\"https:\/\/www.facebook.com\/effeuno.forni.pizza.elettrici\" \/>\n<meta name=\"twitter:card\" content=\"summary_large_image\" \/>\n<meta name=\"twitter:label1\" content=\"Gesch\u00e4tzte Lesezeit\" \/>\n\t<meta name=\"twitter:data1\" content=\"3\u00a0Minuten\" \/>\n<script type=\"application\/ld+json\" class=\"yoast-schema-graph\">{\"@context\":\"https:\/\/schema.org\",\"@graph\":[{\"@type\":\"WebPage\",\"@id\":\"https:\/\/www.effeuno.biz\/de\/haeufig-gestellte-fragen\/informationen-zum-effeuno-biscotto\/\",\"url\":\"https:\/\/www.effeuno.biz\/de\/haeufig-gestellte-fragen\/informationen-zum-effeuno-biscotto\/\",\"name\":\"Informationen zum Effeuno Biscotto - Effeuno\",\"isPartOf\":{\"@id\":\"https:\/\/www.effeuno.biz\/it\/#website\"},\"datePublished\":\"2024-01-18T12:57:19+00:00\",\"breadcrumb\":{\"@id\":\"https:\/\/www.effeuno.biz\/de\/haeufig-gestellte-fragen\/informationen-zum-effeuno-biscotto\/#breadcrumb\"},\"inLanguage\":\"de\",\"potentialAction\":[{\"@type\":\"ReadAction\",\"target\":[\"https:\/\/www.effeuno.biz\/de\/haeufig-gestellte-fragen\/informationen-zum-effeuno-biscotto\/\"]}]},{\"@type\":\"BreadcrumbList\",\"@id\":\"https:\/\/www.effeuno.biz\/de\/haeufig-gestellte-fragen\/informationen-zum-effeuno-biscotto\/#breadcrumb\",\"itemListElement\":[{\"@type\":\"ListItem\",\"position\":1,\"name\":\"Home\",\"item\":\"https:\/\/www.effeuno.biz\/de\/\"},{\"@type\":\"ListItem\",\"position\":2,\"name\":\"H\u00e4ufig gestellte Fragen\",\"item\":\"https:\/\/www.effeuno.biz\/de\/haeufig-gestellte-fragen\/\"},{\"@type\":\"ListItem\",\"position\":3,\"name\":\"Informationen zum Effeuno Biscotto\"}]},{\"@type\":\"WebSite\",\"@id\":\"https:\/\/www.effeuno.biz\/it\/#website\",\"url\":\"https:\/\/www.effeuno.biz\/it\/\",\"name\":\"Effeuno\",\"description\":\"Vendita forni elettrici per pizza ed accessori per forni pizza rigorosamente Made in Italy\",\"publisher\":{\"@id\":\"https:\/\/www.effeuno.biz\/it\/#organization\"},\"potentialAction\":[{\"@type\":\"SearchAction\",\"target\":{\"@type\":\"EntryPoint\",\"urlTemplate\":\"https:\/\/www.effeuno.biz\/it\/?s={search_term_string}\"},\"query-input\":{\"@type\":\"PropertyValueSpecification\",\"valueRequired\":true,\"valueName\":\"search_term_string\"}}],\"inLanguage\":\"de\"},{\"@type\":\"Organization\",\"@id\":\"https:\/\/www.effeuno.biz\/it\/#organization\",\"name\":\"Effeuno\",\"url\":\"https:\/\/www.effeuno.biz\/it\/\",\"logo\":{\"@type\":\"ImageObject\",\"inLanguage\":\"de\",\"@id\":\"https:\/\/www.effeuno.biz\/it\/#\/schema\/logo\/image\/\",\"url\":\"https:\/\/www.effeuno.biz\/wp-content\/uploads\/2023\/08\/r-int.png\",\"contentUrl\":\"https:\/\/www.effeuno.biz\/wp-content\/uploads\/2023\/08\/r-int.png\",\"width\":459,\"height\":448,\"caption\":\"Effeuno\"},\"image\":{\"@id\":\"https:\/\/www.effeuno.biz\/it\/#\/schema\/logo\/image\/\"},\"sameAs\":[\"https:\/\/www.facebook.com\/effeuno.forni.pizza.elettrici\",\"https:\/\/www.instagram.com\/effeunoofficial\/\"]}]}<\/script>\n<!-- \/ Yoast SEO plugin. -->","yoast_head_json":{"title":"Informationen zum Effeuno Biscotto - Effeuno","robots":{"index":"index","follow":"follow","max-snippet":"max-snippet:-1","max-image-preview":"max-image-preview:large","max-video-preview":"max-video-preview:-1"},"canonical":"https:\/\/www.effeuno.biz\/de\/haeufig-gestellte-fragen\/informationen-zum-effeuno-biscotto\/","og_locale":"de_DE","og_type":"article","og_title":"Informationen zum Effeuno Biscotto - Effeuno","og_description":"[vc_row][vc_column][\/vc_column][\/vc_row][vc_row][vc_column width=&#8220;1\/2&#8243;][vc_custom_heading text=&#8220;WIE KANN ICH DIE EINBRENNUNG DES BISCOTTO DURCHF\u00dcHREN?&#8220; font_container=&#8220;tag:h3|font_size:14|text_align:left&#8220; use_theme_fonts=&#8220;yes&#8220;][vc_column_text text_larger=&#8220;no&#8220; woodmart_inline=&#8220;no&#8220;]Die ordnungsgem\u00e4\u00dfe Einbrennung des Effeuno Biscotto-Steins ist","og_url":"https:\/\/www.effeuno.biz\/de\/haeufig-gestellte-fragen\/informationen-zum-effeuno-biscotto\/","og_site_name":"Effeuno","article_publisher":"https:\/\/www.facebook.com\/effeuno.forni.pizza.elettrici","twitter_card":"summary_large_image","twitter_misc":{"Gesch\u00e4tzte Lesezeit":"3\u00a0Minuten"},"schema":{"@context":"https:\/\/schema.org","@graph":[{"@type":"WebPage","@id":"https:\/\/www.effeuno.biz\/de\/haeufig-gestellte-fragen\/informationen-zum-effeuno-biscotto\/","url":"https:\/\/www.effeuno.biz\/de\/haeufig-gestellte-fragen\/informationen-zum-effeuno-biscotto\/","name":"Informationen zum Effeuno Biscotto - Effeuno","isPartOf":{"@id":"https:\/\/www.effeuno.biz\/it\/#website"},"datePublished":"2024-01-18T12:57:19+00:00","breadcrumb":{"@id":"https:\/\/www.effeuno.biz\/de\/haeufig-gestellte-fragen\/informationen-zum-effeuno-biscotto\/#breadcrumb"},"inLanguage":"de","potentialAction":[{"@type":"ReadAction","target":["https:\/\/www.effeuno.biz\/de\/haeufig-gestellte-fragen\/informationen-zum-effeuno-biscotto\/"]}]},{"@type":"BreadcrumbList","@id":"https:\/\/www.effeuno.biz\/de\/haeufig-gestellte-fragen\/informationen-zum-effeuno-biscotto\/#breadcrumb","itemListElement":[{"@type":"ListItem","position":1,"name":"Home","item":"https:\/\/www.effeuno.biz\/de\/"},{"@type":"ListItem","position":2,"name":"H\u00e4ufig gestellte Fragen","item":"https:\/\/www.effeuno.biz\/de\/haeufig-gestellte-fragen\/"},{"@type":"ListItem","position":3,"name":"Informationen zum Effeuno Biscotto"}]},{"@type":"WebSite","@id":"https:\/\/www.effeuno.biz\/it\/#website","url":"https:\/\/www.effeuno.biz\/it\/","name":"Effeuno","description":"Vendita forni elettrici per pizza ed accessori per forni pizza rigorosamente Made in Italy","publisher":{"@id":"https:\/\/www.effeuno.biz\/it\/#organization"},"potentialAction":[{"@type":"SearchAction","target":{"@type":"EntryPoint","urlTemplate":"https:\/\/www.effeuno.biz\/it\/?s={search_term_string}"},"query-input":{"@type":"PropertyValueSpecification","valueRequired":true,"valueName":"search_term_string"}}],"inLanguage":"de"},{"@type":"Organization","@id":"https:\/\/www.effeuno.biz\/it\/#organization","name":"Effeuno","url":"https:\/\/www.effeuno.biz\/it\/","logo":{"@type":"ImageObject","inLanguage":"de","@id":"https:\/\/www.effeuno.biz\/it\/#\/schema\/logo\/image\/","url":"https:\/\/www.effeuno.biz\/wp-content\/uploads\/2023\/08\/r-int.png","contentUrl":"https:\/\/www.effeuno.biz\/wp-content\/uploads\/2023\/08\/r-int.png","width":459,"height":448,"caption":"Effeuno"},"image":{"@id":"https:\/\/www.effeuno.biz\/it\/#\/schema\/logo\/image\/"},"sameAs":["https:\/\/www.facebook.com\/effeuno.forni.pizza.elettrici","https:\/\/www.instagram.com\/effeunoofficial\/"]}]}},"_links":{"self":[{"href":"https:\/\/www.effeuno.biz\/de\/wp-json\/wp\/v2\/pages\/78290","targetHints":{"allow":["GET"]}}],"collection":[{"href":"https:\/\/www.effeuno.biz\/de\/wp-json\/wp\/v2\/pages"}],"about":[{"href":"https:\/\/www.effeuno.biz\/de\/wp-json\/wp\/v2\/types\/page"}],"author":[{"embeddable":true,"href":"https:\/\/www.effeuno.biz\/de\/wp-json\/wp\/v2\/users\/7"}],"replies":[{"embeddable":true,"href":"https:\/\/www.effeuno.biz\/de\/wp-json\/wp\/v2\/comments?post=78290"}],"version-history":[{"count":2,"href":"https:\/\/www.effeuno.biz\/de\/wp-json\/wp\/v2\/pages\/78290\/revisions"}],"predecessor-version":[{"id":78292,"href":"https:\/\/www.effeuno.biz\/de\/wp-json\/wp\/v2\/pages\/78290\/revisions\/78292"}],"up":[{"embeddable":true,"href":"https:\/\/www.effeuno.biz\/de\/wp-json\/wp\/v2\/pages\/54877"}],"wp:attachment":[{"href":"https:\/\/www.effeuno.biz\/de\/wp-json\/wp\/v2\/media?parent=78290"}],"curies":[{"name":"wp","href":"https:\/\/api.w.org\/{rel}","templated":true}]}}