{"id":65793,"date":"2023-03-08T15:48:02","date_gmt":"2023-03-08T14:48:02","guid":{"rendered":"https:\/\/www.effeuno.biz\/negozio\/unkategorisiert\/komplette-tuer-fuer-p234h\/"},"modified":"2026-01-05T14:22:49","modified_gmt":"2026-01-05T13:22:49","slug":"tur-fur-p234h","status":"publish","type":"product","link":"https:\/\/www.effeuno.biz\/de\/negozio\/ersatzteile\/tur-fur-p234h\/","title":{"rendered":"Komplette T\u00fcr f\u00fcr P234H"},"content":{"rendered":"","protected":false},"excerpt":{"rendered":"<p>Komplette T\u00fcr mit Dreifachverglasung.<br \/>\nEr ist mit den folgenden Backofenmodellen kompatibel:<\/p>\n<ul>\n<li>P234H 509<\/li>\n<\/ul>\n","protected":false},"featured_media":45274,"comment_status":"closed","ping_status":"closed","template":"","meta":{"_acf_changed":false,"om_disable_all_campaigns":false,"_monsterinsights_skip_tracking":false,"_monsterinsights_sitenote_active":false,"_monsterinsights_sitenote_note":"","_monsterinsights_sitenote_category":0,"_uf_show_specific_survey":0,"_uf_disable_surveys":false},"product_brand":[],"product_cat":[655,665],"product_tag":[],"giftcard-category":[],"class_list":{"0":"post-65793","1":"product","2":"type-product","3":"status-publish","4":"has-post-thumbnail","6":"product_cat-ersatzteile","7":"product_cat-vollstandige-turen","9":"first","10":"instock","11":"taxable","12":"shipping-taxable","13":"purchasable","14":"product-type-simple"},"acf":[],"aioseo_notices":[],"yoast_head":"<!-- This site is optimized with the Yoast SEO plugin v27.1.1 - https:\/\/yoast.com\/product\/yoast-seo-wordpress\/ -->\n<title>Komplette T\u00fcr f\u00fcr P234H - Effeuno<\/title>\n<meta name=\"description\" content=\"Komplette T\u00fcr mit Dreifachverglasung. Geeignet f\u00fcr folgende Back\u00f6fen: P234H 509\" \/>\n<meta name=\"robots\" content=\"index, follow, max-snippet:-1, max-image-preview:large, max-video-preview:-1\" \/>\n<link rel=\"canonical\" href=\"https:\/\/www.effeuno.biz\/de\/negozio\/ersatzteile\/tur-fur-p234h\/\" \/>\n<meta property=\"og:locale\" content=\"de_DE\" \/>\n<meta property=\"og:type\" content=\"article\" \/>\n<meta property=\"og:title\" content=\"Komplette T\u00fcr f\u00fcr P234H - Effeuno\" \/>\n<meta property=\"og:description\" content=\"Komplette T\u00fcr mit Dreifachverglasung. Geeignet f\u00fcr folgende Back\u00f6fen: P234H 509\" \/>\n<meta property=\"og:url\" content=\"https:\/\/www.effeuno.biz\/de\/negozio\/ersatzteile\/tur-fur-p234h\/\" \/>\n<meta property=\"og:site_name\" content=\"Effeuno\" \/>\n<meta property=\"article:publisher\" content=\"https:\/\/www.facebook.com\/effeuno.forni.pizza.elettrici\" \/>\n<meta property=\"article:modified_time\" content=\"2026-01-05T13:22:49+00:00\" \/>\n<meta property=\"og:image\" content=\"https:\/\/www.effeuno.biz\/wp-content\/uploads\/2023\/03\/Porta-P234H-509.jpg\" \/>\n\t<meta property=\"og:image:width\" content=\"1080\" \/>\n\t<meta property=\"og:image:height\" content=\"1080\" \/>\n\t<meta property=\"og:image:type\" content=\"image\/jpeg\" \/>\n<meta name=\"twitter:card\" content=\"summary_large_image\" \/>\n<meta name=\"twitter:label1\" content=\"Gesch\u00e4tzte Lesezeit\" \/>\n\t<meta name=\"twitter:data1\" content=\"1\u00a0Minute\" \/>\n<script type=\"application\/ld+json\" class=\"yoast-schema-graph\">{\"@context\":\"https:\/\/schema.org\",\"@graph\":[{\"@type\":\"WebPage\",\"@id\":\"https:\/\/www.effeuno.biz\/de\/negozio\/ersatzteile\/tur-fur-p234h\/\",\"url\":\"https:\/\/www.effeuno.biz\/de\/negozio\/ersatzteile\/tur-fur-p234h\/\",\"name\":\"Komplette T\u00fcr f\u00fcr P234H - Effeuno\",\"isPartOf\":{\"@id\":\"https:\/\/www.effeuno.biz\/it\/#website\"},\"primaryImageOfPage\":{\"@id\":\"https:\/\/www.effeuno.biz\/de\/negozio\/ersatzteile\/tur-fur-p234h\/#primaryimage\"},\"image\":{\"@id\":\"https:\/\/www.effeuno.biz\/de\/negozio\/ersatzteile\/tur-fur-p234h\/#primaryimage\"},\"thumbnailUrl\":\"https:\/\/www.effeuno.biz\/wp-content\/uploads\/2023\/03\/Porta-P234H-509.jpg\",\"datePublished\":\"2023-03-08T14:48:02+00:00\",\"dateModified\":\"2026-01-05T13:22:49+00:00\",\"description\":\"Komplette T\u00fcr mit Dreifachverglasung. Geeignet f\u00fcr folgende Back\u00f6fen: P234H 509\",\"breadcrumb\":{\"@id\":\"https:\/\/www.effeuno.biz\/de\/negozio\/ersatzteile\/tur-fur-p234h\/#breadcrumb\"},\"inLanguage\":\"de\",\"potentialAction\":[{\"@type\":\"ReadAction\",\"target\":[\"https:\/\/www.effeuno.biz\/de\/negozio\/ersatzteile\/tur-fur-p234h\/\"]}]},{\"@type\":\"ImageObject\",\"inLanguage\":\"de\",\"@id\":\"https:\/\/www.effeuno.biz\/de\/negozio\/ersatzteile\/tur-fur-p234h\/#primaryimage\",\"url\":\"https:\/\/www.effeuno.biz\/wp-content\/uploads\/2023\/03\/Porta-P234H-509.jpg\",\"contentUrl\":\"https:\/\/www.effeuno.biz\/wp-content\/uploads\/2023\/03\/Porta-P234H-509.jpg\",\"width\":1080,\"height\":1080},{\"@type\":\"BreadcrumbList\",\"@id\":\"https:\/\/www.effeuno.biz\/de\/negozio\/ersatzteile\/tur-fur-p234h\/#breadcrumb\",\"itemListElement\":[{\"@type\":\"ListItem\",\"position\":1,\"name\":\"Home\",\"item\":\"https:\/\/www.effeuno.biz\/de\/\"},{\"@type\":\"ListItem\",\"position\":2,\"name\":\"Shop\",\"item\":\"https:\/\/www.effeuno.biz\/de\/shop\/\"},{\"@type\":\"ListItem\",\"position\":3,\"name\":\"Komplette T\u00fcr f\u00fcr P234H\"}]},{\"@type\":\"WebSite\",\"@id\":\"https:\/\/www.effeuno.biz\/it\/#website\",\"url\":\"https:\/\/www.effeuno.biz\/it\/\",\"name\":\"Effeuno\",\"description\":\"Vendita forni elettrici per pizza ed accessori per forni pizza rigorosamente Made in Italy\",\"publisher\":{\"@id\":\"https:\/\/www.effeuno.biz\/it\/#organization\"},\"potentialAction\":[{\"@type\":\"SearchAction\",\"target\":{\"@type\":\"EntryPoint\",\"urlTemplate\":\"https:\/\/www.effeuno.biz\/it\/?s={search_term_string}\"},\"query-input\":{\"@type\":\"PropertyValueSpecification\",\"valueRequired\":true,\"valueName\":\"search_term_string\"}}],\"inLanguage\":\"de\"},{\"@type\":\"Organization\",\"@id\":\"https:\/\/www.effeuno.biz\/it\/#organization\",\"name\":\"Effeuno\",\"url\":\"https:\/\/www.effeuno.biz\/it\/\",\"logo\":{\"@type\":\"ImageObject\",\"inLanguage\":\"de\",\"@id\":\"https:\/\/www.effeuno.biz\/it\/#\/schema\/logo\/image\/\",\"url\":\"https:\/\/www.effeuno.biz\/wp-content\/uploads\/2023\/08\/r-int.png\",\"contentUrl\":\"https:\/\/www.effeuno.biz\/wp-content\/uploads\/2023\/08\/r-int.png\",\"width\":459,\"height\":448,\"caption\":\"Effeuno\"},\"image\":{\"@id\":\"https:\/\/www.effeuno.biz\/it\/#\/schema\/logo\/image\/\"},\"sameAs\":[\"https:\/\/www.facebook.com\/effeuno.forni.pizza.elettrici\",\"https:\/\/www.instagram.com\/effeunoofficial\/\"]}]}<\/script>\n<!-- \/ Yoast SEO plugin. -->","yoast_head_json":{"title":"Komplette T\u00fcr f\u00fcr P234H - Effeuno","description":"Komplette T\u00fcr mit Dreifachverglasung. Geeignet f\u00fcr folgende Back\u00f6fen: P234H 509","robots":{"index":"index","follow":"follow","max-snippet":"max-snippet:-1","max-image-preview":"max-image-preview:large","max-video-preview":"max-video-preview:-1"},"canonical":"https:\/\/www.effeuno.biz\/de\/negozio\/ersatzteile\/tur-fur-p234h\/","og_locale":"de_DE","og_type":"article","og_title":"Komplette T\u00fcr f\u00fcr P234H - Effeuno","og_description":"Komplette T\u00fcr mit Dreifachverglasung. Geeignet f\u00fcr folgende Back\u00f6fen: P234H 509","og_url":"https:\/\/www.effeuno.biz\/de\/negozio\/ersatzteile\/tur-fur-p234h\/","og_site_name":"Effeuno","article_publisher":"https:\/\/www.facebook.com\/effeuno.forni.pizza.elettrici","article_modified_time":"2026-01-05T13:22:49+00:00","og_image":[{"width":1080,"height":1080,"url":"https:\/\/www.effeuno.biz\/wp-content\/uploads\/2023\/03\/Porta-P234H-509.jpg","type":"image\/jpeg"}],"twitter_card":"summary_large_image","twitter_misc":{"Gesch\u00e4tzte Lesezeit":"1\u00a0Minute"},"schema":{"@context":"https:\/\/schema.org","@graph":[{"@type":"WebPage","@id":"https:\/\/www.effeuno.biz\/de\/negozio\/ersatzteile\/tur-fur-p234h\/","url":"https:\/\/www.effeuno.biz\/de\/negozio\/ersatzteile\/tur-fur-p234h\/","name":"Komplette T\u00fcr f\u00fcr P234H - Effeuno","isPartOf":{"@id":"https:\/\/www.effeuno.biz\/it\/#website"},"primaryImageOfPage":{"@id":"https:\/\/www.effeuno.biz\/de\/negozio\/ersatzteile\/tur-fur-p234h\/#primaryimage"},"image":{"@id":"https:\/\/www.effeuno.biz\/de\/negozio\/ersatzteile\/tur-fur-p234h\/#primaryimage"},"thumbnailUrl":"https:\/\/www.effeuno.biz\/wp-content\/uploads\/2023\/03\/Porta-P234H-509.jpg","datePublished":"2023-03-08T14:48:02+00:00","dateModified":"2026-01-05T13:22:49+00:00","description":"Komplette T\u00fcr mit Dreifachverglasung. Geeignet f\u00fcr folgende Back\u00f6fen: P234H 509","breadcrumb":{"@id":"https:\/\/www.effeuno.biz\/de\/negozio\/ersatzteile\/tur-fur-p234h\/#breadcrumb"},"inLanguage":"de","potentialAction":[{"@type":"ReadAction","target":["https:\/\/www.effeuno.biz\/de\/negozio\/ersatzteile\/tur-fur-p234h\/"]}]},{"@type":"ImageObject","inLanguage":"de","@id":"https:\/\/www.effeuno.biz\/de\/negozio\/ersatzteile\/tur-fur-p234h\/#primaryimage","url":"https:\/\/www.effeuno.biz\/wp-content\/uploads\/2023\/03\/Porta-P234H-509.jpg","contentUrl":"https:\/\/www.effeuno.biz\/wp-content\/uploads\/2023\/03\/Porta-P234H-509.jpg","width":1080,"height":1080},{"@type":"BreadcrumbList","@id":"https:\/\/www.effeuno.biz\/de\/negozio\/ersatzteile\/tur-fur-p234h\/#breadcrumb","itemListElement":[{"@type":"ListItem","position":1,"name":"Home","item":"https:\/\/www.effeuno.biz\/de\/"},{"@type":"ListItem","position":2,"name":"Shop","item":"https:\/\/www.effeuno.biz\/de\/shop\/"},{"@type":"ListItem","position":3,"name":"Komplette T\u00fcr f\u00fcr P234H"}]},{"@type":"WebSite","@id":"https:\/\/www.effeuno.biz\/it\/#website","url":"https:\/\/www.effeuno.biz\/it\/","name":"Effeuno","description":"Vendita forni elettrici per pizza ed accessori per forni pizza rigorosamente Made in Italy","publisher":{"@id":"https:\/\/www.effeuno.biz\/it\/#organization"},"potentialAction":[{"@type":"SearchAction","target":{"@type":"EntryPoint","urlTemplate":"https:\/\/www.effeuno.biz\/it\/?s={search_term_string}"},"query-input":{"@type":"PropertyValueSpecification","valueRequired":true,"valueName":"search_term_string"}}],"inLanguage":"de"},{"@type":"Organization","@id":"https:\/\/www.effeuno.biz\/it\/#organization","name":"Effeuno","url":"https:\/\/www.effeuno.biz\/it\/","logo":{"@type":"ImageObject","inLanguage":"de","@id":"https:\/\/www.effeuno.biz\/it\/#\/schema\/logo\/image\/","url":"https:\/\/www.effeuno.biz\/wp-content\/uploads\/2023\/08\/r-int.png","contentUrl":"https:\/\/www.effeuno.biz\/wp-content\/uploads\/2023\/08\/r-int.png","width":459,"height":448,"caption":"Effeuno"},"image":{"@id":"https:\/\/www.effeuno.biz\/it\/#\/schema\/logo\/image\/"},"sameAs":["https:\/\/www.facebook.com\/effeuno.forni.pizza.elettrici","https:\/\/www.instagram.com\/effeunoofficial\/"]}]}},"_links":{"self":[{"href":"https:\/\/www.effeuno.biz\/de\/wp-json\/wp\/v2\/product\/65793","targetHints":{"allow":["GET"]}}],"collection":[{"href":"https:\/\/www.effeuno.biz\/de\/wp-json\/wp\/v2\/product"}],"about":[{"href":"https:\/\/www.effeuno.biz\/de\/wp-json\/wp\/v2\/types\/product"}],"replies":[{"embeddable":true,"href":"https:\/\/www.effeuno.biz\/de\/wp-json\/wp\/v2\/comments?post=65793"}],"wp:featuredmedia":[{"embeddable":true,"href":"https:\/\/www.effeuno.biz\/de\/wp-json\/wp\/v2\/media\/45274"}],"wp:attachment":[{"href":"https:\/\/www.effeuno.biz\/de\/wp-json\/wp\/v2\/media?parent=65793"}],"wp:term":[{"taxonomy":"product_brand","embeddable":true,"href":"https:\/\/www.effeuno.biz\/de\/wp-json\/wp\/v2\/product_brand?post=65793"},{"taxonomy":"product_cat","embeddable":true,"href":"https:\/\/www.effeuno.biz\/de\/wp-json\/wp\/v2\/product_cat?post=65793"},{"taxonomy":"product_tag","embeddable":true,"href":"https:\/\/www.effeuno.biz\/de\/wp-json\/wp\/v2\/product_tag?post=65793"},{"taxonomy":"giftcard-category","embeddable":true,"href":"https:\/\/www.effeuno.biz\/de\/wp-json\/wp\/v2\/giftcard-category?post=65793"}],"curies":[{"name":"wp","href":"https:\/\/api.w.org\/{rel}","templated":true}]}}