{"id":78262,"date":"2024-01-18T13:50:56","date_gmt":"2024-01-18T12:50:56","guid":{"rendered":"https:\/\/www.effeuno.biz\/preguntas-mas-frecuentes\/informacion-sobre-el-biscotto-effeuno\/"},"modified":"2024-01-18T13:50:56","modified_gmt":"2024-01-18T12:50:56","slug":"informacion-sobre-el-biscotto-effeuno","status":"publish","type":"page","link":"https:\/\/www.effeuno.biz\/es\/preguntas-mas-frecuentes\/informacion-sobre-el-biscotto-effeuno\/","title":{"rendered":"Informaci\u00f3n sobre el Biscotto Effeuno"},"content":{"rendered":"<div class=\"wpb-content-wrapper\"><p>[vc_row][vc_column]\n\t\t<div id=\"wd-65a7fa5c52bba\" class=\"title-wrapper wd-wpb wd-set-mb reset-last-child  wd-rs-65a7fa5c52bba wd-title-color-primary wd-title-style-underlined text-left  wd-underline-colored\">\n\t\t\t\n\t\t\t<div class=\"liner-continer\">\n\t\t\t\t<h4 class=\"woodmart-title-container title  wd-font-weight- wd-fontsize-l\" >Procedimiento de Rodaje de la Biscotto Effeuno<\/h4>\n\t\t\t\t\t\t\t<\/div>\n\t\t\t\n\t\t\t\n\t\t\t\n\t\t<\/div>\n\t\t\n\t\t[\/vc_column][\/vc_row][vc_row][vc_column width=\u00bb1\/2&#8243;][vc_custom_heading text=\u00bb<strong>\u00bfC\u00d3MO DEBO REALIZAR EL RODAJE DE LA BISCOTTO?<\/strong>\u00bb font_container=\u00bbtag:h3|font_size:14|text_align:left\u00bb use_theme_fonts=\u00bbyes\u00bb][vc_column_text text_larger=\u00bbno\u00bb woodmart_inline=\u00bbno\u00bb]El correcto rodaje de la piedra biscotto Effeuno es esencial para garantizar su m\u00e1ximo rendimiento y durabilidad a lo largo del tiempo. Se recomienda seguir cuidadosamente las siguientes instrucciones:<\/p>\n<p>1. <strong>Colocaci\u00f3n de la Piedra:<\/strong> Insertar la piedra biscotto Effeuno en el interior de la c\u00e1mara de cocci\u00f3n del horno.<\/p>\n<p>2. <strong>Encendido del Horno:<\/strong> Encender el horno utilizando el bot\u00f3n de encendido dedicado.<\/p>\n<p>3. <strong>Primer Paso de Calentamiento:<\/strong><br \/>\n&#8211; Girar las perillas (inferior y superior) hasta alcanzar una temperatura de 100\u00b0C.<br \/>\nEsperar a que el horno mantenga esta temperatura durante aproximadamente 20 minutos.<\/p>\n<p>4. <strong>Segundo Paso de Calentamiento:<\/strong><br \/>\n&#8211; Aumentar la temperatura girando las perillas (inferior y superior) hasta 150\u00b0C.<br \/>\n&#8211; Mantener el horno a esta temperatura durante 20 minutos adicionales.<\/p>\n<p>5. <strong>Incrementos Posteriores:<\/strong><br \/>\n&#8211; Repetir la operaci\u00f3n descrita en el punto 4, aumentando la temperatura en 50\u00b0C cada vez, hasta alcanzar la temperatura m\u00e1xima del horno.[\/vc_column_text][\/vc_column][vc_column width=\u00bb1\/2&#8243;][vc_custom_heading text=\u00bb<strong>NOTA IMPORTANTE<\/strong>\u00bb font_container=\u00bbtag:h3|font_size:14|text_align:left\u00bb use_theme_fonts=\u00bbyes\u00bb][vc_column_text text_larger=\u00bbno\u00bb woodmart_inline=\u00bbno\u00bb]<\/p>\n<p style=\"text-align: justify;\">Se recomienda encarecidamente aumentar gradualmente la temperatura. Cuanto m\u00e1s lento sea el aumento de temperatura, con m\u00e1s pasos intermedios de calentamiento, mejor ser\u00e1 el rendimiento de la biscotto. Esto permite que la piedra se adapte lentamente a las variaciones t\u00e9rmicas, preservando su integridad y optimizando su rendimiento.<\/p>\n<p class=\"p1\">Adem\u00e1s, es importante asegurarse de ventilar adecuadamente el entorno circundante durante el procedimiento de rodaje, ya que puede haber un olor debido a la cocci\u00f3n de la piedra (olores, sin embargo, completamente normales, que solo ocurren durante el rodaje).<\/p>\n<p>[\/vc_column_text][vc_custom_heading text=\u00bb<strong>\u00bfC\u00d3MO SE PUEDE REALIZAR LA LIMPIEZA DE LA BISCOTTO?<\/strong>\u00bb font_container=\u00bbtag:h3|font_size:14|text_align:left\u00bb use_theme_fonts=\u00bbyes\u00bb][vc_column_text text_larger=\u00bbno\u00bb woodmart_inline=\u00bbno\u00bb]<\/p>\n<p style=\"text-align: justify;\">Para limpiar la piedra Biscotto, recomendamos (al final de la cocci\u00f3n) calentar el horno a la temperatura m\u00e1xima (sin alimentos en su interior, solo con la biscotto), de manera que carbonice todos los posibles residuos. Luego, con el horno completamente fr\u00edo, puede usar un pa\u00f1o h\u00famedo\/esp\u00e1tula para eliminar los residuos carbonizados. Luego, una vez que el horno est\u00e9 completamente fr\u00edo, se puede utilizar un pa\u00f1o h\u00famedo o una rasqueta para eliminar los residuos carbonizados.<\/p>\n<p>[\/vc_column_text][\/vc_column][\/vc_row][vc_row][vc_column width=\u00bb1\/2&#8243;][\/vc_column][vc_column width=\u00bb1\/2&#8243;][\/vc_column][\/vc_row][vc_row][vc_column][\/vc_column][\/vc_row][vc_row][vc_column][vc_video link=\u00bbhttps:\/\/youtu.be\/vhGZeCb0ENU\u00bb woodmart_css_id=\u00bb65a8e4bdc1848&#8243; image_poster_switch=\u00bbno\u00bb][\/vc_column][\/vc_row]<\/p>\n<\/div>","protected":false},"excerpt":{"rendered":"<p>[vc_row][vc_column][\/vc_column][\/vc_row][vc_row][vc_column width=\u00bb1\/2&#8243;][vc_custom_heading text=\u00bb\u00bfC\u00d3MO DEBO REALIZAR EL RODAJE DE LA BISCOTTO?\u00bb font_container=\u00bbtag:h3|font_size:14|text_align:left\u00bb use_theme_fonts=\u00bbyes\u00bb][vc_column_text text_larger=\u00bbno\u00bb woodmart_inline=\u00bbno\u00bb]El correcto rodaje de la piedra biscotto<\/p>\n","protected":false},"author":7,"featured_media":0,"parent":54885,"menu_order":0,"comment_status":"closed","ping_status":"closed","template":"","meta":{"_acf_changed":false,"om_disable_all_campaigns":false,"_monsterinsights_skip_tracking":false,"_monsterinsights_sitenote_active":false,"_monsterinsights_sitenote_note":"","_monsterinsights_sitenote_category":0,"_uf_show_specific_survey":0,"_uf_disable_surveys":false,"footnotes":""},"class_list":["post-78262","page","type-page","status-publish","hentry"],"acf":[],"aioseo_notices":[],"yoast_head":"<!-- This site is optimized with the Yoast SEO plugin v27.1.1 - https:\/\/yoast.com\/product\/yoast-seo-wordpress\/ -->\n<title>Informaci\u00f3n sobre el Biscotto Effeuno - Effeuno<\/title>\n<meta name=\"robots\" content=\"index, follow, max-snippet:-1, max-image-preview:large, max-video-preview:-1\" \/>\n<link rel=\"canonical\" href=\"https:\/\/www.effeuno.biz\/es\/preguntas-mas-frecuentes\/informacion-sobre-el-biscotto-effeuno\/\" \/>\n<meta property=\"og:locale\" content=\"es_ES\" \/>\n<meta property=\"og:type\" content=\"article\" \/>\n<meta property=\"og:title\" content=\"Informaci\u00f3n sobre el Biscotto Effeuno - Effeuno\" \/>\n<meta property=\"og:description\" content=\"[vc_row][vc_column][\/vc_column][\/vc_row][vc_row][vc_column width=\u00bb1\/2&#8243;][vc_custom_heading text=\u00bb\u00bfC\u00d3MO DEBO REALIZAR EL RODAJE DE LA BISCOTTO?\u00bb font_container=\u00bbtag:h3|font_size:14|text_align:left\u00bb use_theme_fonts=\u00bbyes\u00bb][vc_column_text text_larger=\u00bbno\u00bb woodmart_inline=\u00bbno\u00bb]El correcto rodaje de la piedra biscotto\" \/>\n<meta property=\"og:url\" content=\"https:\/\/www.effeuno.biz\/es\/preguntas-mas-frecuentes\/informacion-sobre-el-biscotto-effeuno\/\" \/>\n<meta property=\"og:site_name\" content=\"Effeuno\" \/>\n<meta property=\"article:publisher\" content=\"https:\/\/www.facebook.com\/effeuno.forni.pizza.elettrici\" \/>\n<meta name=\"twitter:card\" content=\"summary_large_image\" \/>\n<meta name=\"twitter:label1\" content=\"Tiempo de lectura\" \/>\n\t<meta name=\"twitter:data1\" content=\"3 minutos\" \/>\n<script type=\"application\/ld+json\" class=\"yoast-schema-graph\">{\"@context\":\"https:\/\/schema.org\",\"@graph\":[{\"@type\":\"WebPage\",\"@id\":\"https:\/\/www.effeuno.biz\/es\/preguntas-mas-frecuentes\/informacion-sobre-el-biscotto-effeuno\/\",\"url\":\"https:\/\/www.effeuno.biz\/es\/preguntas-mas-frecuentes\/informacion-sobre-el-biscotto-effeuno\/\",\"name\":\"Informaci\u00f3n sobre el Biscotto Effeuno - Effeuno\",\"isPartOf\":{\"@id\":\"https:\/\/www.effeuno.biz\/it\/#website\"},\"datePublished\":\"2024-01-18T12:50:56+00:00\",\"breadcrumb\":{\"@id\":\"https:\/\/www.effeuno.biz\/es\/preguntas-mas-frecuentes\/informacion-sobre-el-biscotto-effeuno\/#breadcrumb\"},\"inLanguage\":\"es\",\"potentialAction\":[{\"@type\":\"ReadAction\",\"target\":[\"https:\/\/www.effeuno.biz\/es\/preguntas-mas-frecuentes\/informacion-sobre-el-biscotto-effeuno\/\"]}]},{\"@type\":\"BreadcrumbList\",\"@id\":\"https:\/\/www.effeuno.biz\/es\/preguntas-mas-frecuentes\/informacion-sobre-el-biscotto-effeuno\/#breadcrumb\",\"itemListElement\":[{\"@type\":\"ListItem\",\"position\":1,\"name\":\"Home\",\"item\":\"https:\/\/www.effeuno.biz\/es\/\"},{\"@type\":\"ListItem\",\"position\":2,\"name\":\"Preguntas m\u00e1s frecuentes\",\"item\":\"https:\/\/www.effeuno.biz\/es\/preguntas-mas-frecuentes\/\"},{\"@type\":\"ListItem\",\"position\":3,\"name\":\"Informaci\u00f3n sobre el Biscotto Effeuno\"}]},{\"@type\":\"WebSite\",\"@id\":\"https:\/\/www.effeuno.biz\/it\/#website\",\"url\":\"https:\/\/www.effeuno.biz\/it\/\",\"name\":\"Effeuno\",\"description\":\"Vendita forni elettrici per pizza ed accessori per forni pizza rigorosamente Made in Italy\",\"publisher\":{\"@id\":\"https:\/\/www.effeuno.biz\/it\/#organization\"},\"potentialAction\":[{\"@type\":\"SearchAction\",\"target\":{\"@type\":\"EntryPoint\",\"urlTemplate\":\"https:\/\/www.effeuno.biz\/it\/?s={search_term_string}\"},\"query-input\":{\"@type\":\"PropertyValueSpecification\",\"valueRequired\":true,\"valueName\":\"search_term_string\"}}],\"inLanguage\":\"es\"},{\"@type\":\"Organization\",\"@id\":\"https:\/\/www.effeuno.biz\/it\/#organization\",\"name\":\"Effeuno\",\"url\":\"https:\/\/www.effeuno.biz\/it\/\",\"logo\":{\"@type\":\"ImageObject\",\"inLanguage\":\"es\",\"@id\":\"https:\/\/www.effeuno.biz\/it\/#\/schema\/logo\/image\/\",\"url\":\"https:\/\/www.effeuno.biz\/wp-content\/uploads\/2023\/08\/r-int.png\",\"contentUrl\":\"https:\/\/www.effeuno.biz\/wp-content\/uploads\/2023\/08\/r-int.png\",\"width\":459,\"height\":448,\"caption\":\"Effeuno\"},\"image\":{\"@id\":\"https:\/\/www.effeuno.biz\/it\/#\/schema\/logo\/image\/\"},\"sameAs\":[\"https:\/\/www.facebook.com\/effeuno.forni.pizza.elettrici\",\"https:\/\/www.instagram.com\/effeunoofficial\/\"]}]}<\/script>\n<!-- \/ Yoast SEO plugin. -->","yoast_head_json":{"title":"Informaci\u00f3n sobre el Biscotto Effeuno - Effeuno","robots":{"index":"index","follow":"follow","max-snippet":"max-snippet:-1","max-image-preview":"max-image-preview:large","max-video-preview":"max-video-preview:-1"},"canonical":"https:\/\/www.effeuno.biz\/es\/preguntas-mas-frecuentes\/informacion-sobre-el-biscotto-effeuno\/","og_locale":"es_ES","og_type":"article","og_title":"Informaci\u00f3n sobre el Biscotto Effeuno - Effeuno","og_description":"[vc_row][vc_column][\/vc_column][\/vc_row][vc_row][vc_column width=\u00bb1\/2&#8243;][vc_custom_heading text=\u00bb\u00bfC\u00d3MO DEBO REALIZAR EL RODAJE DE LA BISCOTTO?\u00bb font_container=\u00bbtag:h3|font_size:14|text_align:left\u00bb use_theme_fonts=\u00bbyes\u00bb][vc_column_text text_larger=\u00bbno\u00bb woodmart_inline=\u00bbno\u00bb]El correcto rodaje de la piedra biscotto","og_url":"https:\/\/www.effeuno.biz\/es\/preguntas-mas-frecuentes\/informacion-sobre-el-biscotto-effeuno\/","og_site_name":"Effeuno","article_publisher":"https:\/\/www.facebook.com\/effeuno.forni.pizza.elettrici","twitter_card":"summary_large_image","twitter_misc":{"Tiempo de lectura":"3 minutos"},"schema":{"@context":"https:\/\/schema.org","@graph":[{"@type":"WebPage","@id":"https:\/\/www.effeuno.biz\/es\/preguntas-mas-frecuentes\/informacion-sobre-el-biscotto-effeuno\/","url":"https:\/\/www.effeuno.biz\/es\/preguntas-mas-frecuentes\/informacion-sobre-el-biscotto-effeuno\/","name":"Informaci\u00f3n sobre el Biscotto Effeuno - Effeuno","isPartOf":{"@id":"https:\/\/www.effeuno.biz\/it\/#website"},"datePublished":"2024-01-18T12:50:56+00:00","breadcrumb":{"@id":"https:\/\/www.effeuno.biz\/es\/preguntas-mas-frecuentes\/informacion-sobre-el-biscotto-effeuno\/#breadcrumb"},"inLanguage":"es","potentialAction":[{"@type":"ReadAction","target":["https:\/\/www.effeuno.biz\/es\/preguntas-mas-frecuentes\/informacion-sobre-el-biscotto-effeuno\/"]}]},{"@type":"BreadcrumbList","@id":"https:\/\/www.effeuno.biz\/es\/preguntas-mas-frecuentes\/informacion-sobre-el-biscotto-effeuno\/#breadcrumb","itemListElement":[{"@type":"ListItem","position":1,"name":"Home","item":"https:\/\/www.effeuno.biz\/es\/"},{"@type":"ListItem","position":2,"name":"Preguntas m\u00e1s frecuentes","item":"https:\/\/www.effeuno.biz\/es\/preguntas-mas-frecuentes\/"},{"@type":"ListItem","position":3,"name":"Informaci\u00f3n sobre el Biscotto Effeuno"}]},{"@type":"WebSite","@id":"https:\/\/www.effeuno.biz\/it\/#website","url":"https:\/\/www.effeuno.biz\/it\/","name":"Effeuno","description":"Vendita forni elettrici per pizza ed accessori per forni pizza rigorosamente Made in Italy","publisher":{"@id":"https:\/\/www.effeuno.biz\/it\/#organization"},"potentialAction":[{"@type":"SearchAction","target":{"@type":"EntryPoint","urlTemplate":"https:\/\/www.effeuno.biz\/it\/?s={search_term_string}"},"query-input":{"@type":"PropertyValueSpecification","valueRequired":true,"valueName":"search_term_string"}}],"inLanguage":"es"},{"@type":"Organization","@id":"https:\/\/www.effeuno.biz\/it\/#organization","name":"Effeuno","url":"https:\/\/www.effeuno.biz\/it\/","logo":{"@type":"ImageObject","inLanguage":"es","@id":"https:\/\/www.effeuno.biz\/it\/#\/schema\/logo\/image\/","url":"https:\/\/www.effeuno.biz\/wp-content\/uploads\/2023\/08\/r-int.png","contentUrl":"https:\/\/www.effeuno.biz\/wp-content\/uploads\/2023\/08\/r-int.png","width":459,"height":448,"caption":"Effeuno"},"image":{"@id":"https:\/\/www.effeuno.biz\/it\/#\/schema\/logo\/image\/"},"sameAs":["https:\/\/www.facebook.com\/effeuno.forni.pizza.elettrici","https:\/\/www.instagram.com\/effeunoofficial\/"]}]}},"_links":{"self":[{"href":"https:\/\/www.effeuno.biz\/es\/wp-json\/wp\/v2\/pages\/78262","targetHints":{"allow":["GET"]}}],"collection":[{"href":"https:\/\/www.effeuno.biz\/es\/wp-json\/wp\/v2\/pages"}],"about":[{"href":"https:\/\/www.effeuno.biz\/es\/wp-json\/wp\/v2\/types\/page"}],"author":[{"embeddable":true,"href":"https:\/\/www.effeuno.biz\/es\/wp-json\/wp\/v2\/users\/7"}],"replies":[{"embeddable":true,"href":"https:\/\/www.effeuno.biz\/es\/wp-json\/wp\/v2\/comments?post=78262"}],"version-history":[{"count":2,"href":"https:\/\/www.effeuno.biz\/es\/wp-json\/wp\/v2\/pages\/78262\/revisions"}],"predecessor-version":[{"id":78264,"href":"https:\/\/www.effeuno.biz\/es\/wp-json\/wp\/v2\/pages\/78262\/revisions\/78264"}],"up":[{"embeddable":true,"href":"https:\/\/www.effeuno.biz\/es\/wp-json\/wp\/v2\/pages\/54885"}],"wp:attachment":[{"href":"https:\/\/www.effeuno.biz\/es\/wp-json\/wp\/v2\/media?parent=78262"}],"curies":[{"name":"wp","href":"https:\/\/api.w.org\/{rel}","templated":true}]}}