{"id":66107,"date":"2023-10-20T15:13:45","date_gmt":"2023-10-20T13:13:45","guid":{"rendered":"https:\/\/www.effeuno.biz\/p134h\/"},"modified":"2023-10-20T15:13:45","modified_gmt":"2023-10-20T13:13:45","slug":"p134h","status":"publish","type":"page","link":"https:\/\/www.effeuno.biz\/fr\/assistance-ligne-easy-pizza\/p134h\/","title":{"rendered":"P134H"},"content":{"rendered":"<div class=\"wpb-content-wrapper\"><p>[vc_row][vc_column]\n\t\t<div id=\"wd-6034e32875bf1\" class=\"title-wrapper wd-wpb wd-set-mb reset-last-child  wd-rs-6034e32875bf1 wd-title-color-primary wd-title-style-underlined text-left  wd-underline-colored\">\n\t\t\t\n\t\t\t<div class=\"liner-continer\">\n\t\t\t\t<h4 class=\"woodmart-title-container title  wd-font-weight- wd-fontsize-l\" >Le mod\u00e8le P134H<\/h4>\n\t\t\t\t\t\t\t<\/div>\n\t\t\t\n\t\t\t\n\t\t\t\n\t\t<\/div>\n\t\t\n\t\t[\/vc_column][\/vc_row][vc_row][vc_column width=\u00a0\u00bb1\/2&Prime;][vc_custom_heading text=\u00a0\u00bb<strong>LE FOUR P134H PEUT-IL \u00caTRE ENCASTR\u00c9 ? DOIT-IL \u00caTRE INSTALL\u00c9 DANS UN ESPACE MINIMUM POUR FONCTIONNER CORRECTEMENT ?<\/strong>\u00a0\u00bb font_container=\u00a0\u00bbtag:h3|font_size:14|text_align:left\u00a0\u00bb use_theme_fonts=\u00a0\u00bbyes\u00a0\u00bb][vc_column_text text_larger=\u00a0\u00bbno\u00a0\u00bb]<\/p>\n<p class=\"p1\" style=\"text-align: justify;\">Nos fours professionnels ne sont pas encastrables, il est donc recommand\u00e9 de laisser au moins 12 \u00e0 15 cm autour des c\u00f4t\u00e9s (gauche, droit et sup\u00e9rieur) du four pour assurer une bonne ventilation en permanence.<\/p>\n<p>[\/vc_column_text][\/vc_column][vc_column width=\u00a0\u00bb1\/2&Prime;][vc_custom_heading text=\u00a0\u00bb<strong>PEUT-ON CUIRE D&apos;AUTRES ALIMENTS DANS LE FOUR P134H ?<\/strong>\u00a0\u00bb font_container=\u00a0\u00bbtag:h3|font_size:14|text_align:left\u00a0\u00bb use_theme_fonts=\u00a0\u00bbyes\u00a0\u00bb][vc_column_text text_larger=\u00a0\u00bbno\u00a0\u00bb]<\/p>\n<p class=\"p1\" style=\"text-align: justify;\">Gr\u00e2ce aux caract\u00e9ristiques de ce four \u00e0 convection statique, il est possible de cuire tous types de pizzas (pizza traditionnelle, pizza \u00e0 la po\u00eale, pizza \u00e0 la pelle, pinsa romana, scrocchiarella, et avec la pierre r\u00e9fractaire, il est \u00e9galement possible de cuire la pizza napolitaine). De plus, il est possible de cuire du pain de taille mod\u00e9r\u00e9e (ce mod\u00e8le a une hauteur de chambre interne de 11 cm).<br \/>\nDe plus, il est possible de cuisiner m\u00eame certains types de g\u00e2teaux et de desserts, des p\u00e2tes lev\u00e9es, des focaccias, de petits panettones, des g\u00e2teaux \u00e9ponge (sur la pierre r\u00e9fractaire), des plats de p\u00e2tes, du poisson, de la viande, etc.<\/p>\n<p>[\/vc_column_text][\/vc_column][\/vc_row][vc_row][vc_column width=\u00a0\u00bb1\/2&Prime;][vc_custom_heading text=\u00a0\u00bb<strong>COMBIEN DE TEMPS FAUT-IL AU FOUR P134H POUR ATTEINDRE LA TEMP\u00c9RATURE ID\u00c9ALE ?<\/strong>\u00a0\u00bb font_container=\u00a0\u00bbtag:h3|font_size:14|text_align:left\u00a0\u00bb use_theme_fonts=\u00a0\u00bbyes\u00a0\u00bb][vc_column_text text_larger=\u00a0\u00bbno\u00a0\u00bb]<\/p>\n<p class=\"p1\" style=\"text-align: justify;\">Le temps n\u00e9cessaire d\u00e9pend principalement du type de pierre r\u00e9fractaire. En utilisant la pierre \u00e0 pizza, le four met au moins 50 \u00e0 60 minutes pour atteindre 500 \u00b0C, tandis qu&rsquo;avec la pierre r\u00e9fractaire standard, les temps sont plus courts.<\/p>\n<p>[\/vc_column_text][\/vc_column][vc_column width=\u00a0\u00bb1\/2&Prime;][vc_custom_heading text=\u00a0\u00bb<strong>QUEL TYPE DE PRISE EST FOURNI AVEC LE FOUR P134H ? FAUT-IL AVOIR UNE PRISE \u00c9LECTRIQUE SP\u00c9CIALE POUR UTILISER LE FOUR ?<\/strong>\u00a0\u00bb font_container=\u00a0\u00bbtag:h3|font_size:14|text_align:left\u00a0\u00bb use_theme_fonts=\u00a0\u00bbyes\u00a0\u00bb][vc_column_text text_larger=\u00a0\u00bbno\u00a0\u00bb]<\/p>\n<p class=\"p1\" style=\"text-align: justify;\">Le mod\u00e8le P134H est \u00e9quip\u00e9 d&rsquo;une fiche standard SCHUKO 16A, qui peut \u00eatre branch\u00e9e sur une prise conforme \u00e0 cette norme.<\/p>\n<p>[\/vc_column_text][\/vc_column][\/vc_row][vc_row][vc_column width=\u00a0\u00bb1\/2&Prime;][vc_custom_heading text=\u00a0\u00bb<strong>LE FOUR P134H N\u00c9CESSITE-T-IL UNE AUGMENTATION DE LA PUISSANCE DE L&apos;INSTALLATION \u00c9LECTRIQUE \u00c0 DOMICILE ?<\/strong>\u00a0\u00bb font_container=\u00a0\u00bbtag:h3|font_size:14|text_align:left\u00a0\u00bb use_theme_fonts=\u00a0\u00bbyes\u00a0\u00bb][vc_column_text text_larger=\u00a0\u00bbno\u00a0\u00bb]<\/p>\n<p style=\"text-align: justify;\">Le four P134H (comme tous les autres mod\u00e8les) est un four professionnel qui peut \u00eatre utilis\u00e9 avec une installation standard de 3 kW.<\/p>\n<p>[\/vc_column_text][\/vc_column][vc_column width=\u00a0\u00bb1\/2&Prime;][vc_custom_heading text=\u00a0\u00bb<strong>Le four P134H appartient \u00e0 la classe \u00e9nerg\u00e9tique A.<\/strong>\u00a0\u00bb font_container=\u00a0\u00bbtag:h3|font_size:14|text_align:left\u00a0\u00bb use_theme_fonts=\u00a0\u00bbyes\u00a0\u00bb][vc_column_text text_larger=\u00a0\u00bbno\u00a0\u00bb]<\/p>\n<p class=\"p1\" style=\"text-align: justify;\">Puisqu&rsquo;il s&rsquo;agit de produits professionnels, ils ne sont actuellement pas class\u00e9s en termes d&rsquo;efficacit\u00e9 \u00e9nerg\u00e9tique.<\/p>\n<p>[\/vc_column_text][\/vc_column][\/vc_row][vc_row][vc_column width=\u00a0\u00bb1\/2&Prime;][vc_custom_heading text=\u00a0\u00bb<strong>QUELS SONT LES CONSOMMATIONS DU FOUR P134H ET \u00c0 QUELLE TEMP\u00c9RATURE PEUT-IL ATTEINDRE ?<\/strong>\u00a0\u00bb font_container=\u00a0\u00bbtag:h3|font_size:14|text_align:left\u00a0\u00bb use_theme_fonts=\u00a0\u00bbyes\u00a0\u00bb][vc_column_text text_larger=\u00a0\u00bbno\u00a0\u00bb]<\/p>\n<p style=\"text-align: justify;\">Lorsque les deux voyants sont allum\u00e9s, le four a une consommation de 2,8 kW (comme indiqu\u00e9 sur la plaque signal\u00e9tique \u00e0 l&rsquo;arri\u00e8re).<br \/>\nQuand, d&rsquo;autre part, nous avons:<br \/>\n&#8211; <u>Seule la lumi\u00e8re t\u00e9moin sup\u00e9rieure allum\u00e9e :<\/u> consommation de 1,9 kW (r\u00e9sistance sup\u00e9rieure)<br \/>\n&#8211; <u>Seule la lumi\u00e8re t\u00e9moin inf\u00e9rieure allum\u00e9e :<\/u> consommation de 0,9 kW (r\u00e9sistance inf\u00e9rieure)<br \/>\n&#8211; <u>Seule l&rsquo;ampoule allum\u00e9e :<\/u> consommation de 25 W<\/p>\n<p>Ce mod\u00e8le atteint une temp\u00e9rature maximale de 509\u00b0C.[\/vc_column_text][\/vc_column][vc_column width=\u00a0\u00bb1\/2&Prime;][vc_custom_heading text=\u00a0\u00bb<strong>QUELLES SONT LES DIFF\u00c9RENCES ENTRE LES MOD\u00c8LES P134H ET P134HA ?<\/strong>\u00a0\u00bb font_container=\u00a0\u00bbtag:h3|font_size:14|text_align:left\u00a0\u00bb use_theme_fonts=\u00a0\u00bbyes\u00a0\u00bb][vc_column_text text_larger=\u00a0\u00bbno\u00a0\u00bb]<\/p>\n<p style=\"text-align: justify;\">Les deux mod\u00e8les partagent les principales caract\u00e9ristiques de la gamme Easy Pizza.<\/p>\n<p style=\"text-align: justify;\">La seule diff\u00e9rence r\u00e9side dans la hauteur de la chambre interne : en particulier, la hauteur du mod\u00e8le P134H est de 11 cm (id\u00e9ale pour la cuisson de la pizza napolitaine &#8211; si \u00e9quip\u00e9e d&rsquo;une pierre r\u00e9fractaire &#8211; et de toutes les autres pizzas, ainsi que pour un type de pain plus bas), tandis que la hauteur du P134HA est de 18 cm (id\u00e9ale pour cuire un type de pain plus volumineux).<\/p>\n<p>[\/vc_column_text][\/vc_column][\/vc_row][vc_row][vc_column width=\u00a0\u00bb1\/2&Prime;][vc_custom_heading text=\u00a0\u00bb<strong>LA PIERRE R\u00c9FRACTAIRE SP\u00c9CIALE BISCUIT POUR CE FOUR, QUAND EST-ELLE RECOMMAND\u00c9E ?<\/strong>\u00a0\u00bb font_container=\u00a0\u00bbtag:h3|font_size:14|text_align:left\u00a0\u00bb use_theme_fonts=\u00a0\u00bbyes\u00a0\u00bb][vc_column_text text_larger=\u00a0\u00bbno\u00a0\u00bb]<\/p>\n<p style=\"text-align: justify;\">Le biscuit est recommand\u00e9 pour tous ceux qui souhaitent surtout cuire la pizza napolitaine, car la pierre permet de g\u00e9rer et de lib\u00e9rer la chaleur de mani\u00e8re plus uniforme, au d\u00e9triment d&rsquo;un temps de pr\u00e9chauffage plus long. Id\u00e9al pour la cuisson de pizzas l&rsquo;une apr\u00e8s l&rsquo;autre.<\/p>\n<p>[\/vc_column_text][\/vc_column][\/vc_row]<\/p>\n<\/div>","protected":false},"excerpt":{"rendered":"<p>[vc_row][vc_column][\/vc_column][\/vc_row][vc_row][vc_column width=\u00a0\u00bb1\/2&Prime;][vc_custom_heading text=\u00a0\u00bbLE FOUR P134H PEUT-IL \u00caTRE ENCASTR\u00c9 ? DOIT-IL \u00caTRE INSTALL\u00c9 DANS UN ESPACE MINIMUM POUR FONCTIONNER CORRECTEMENT ?\u00a0\u00bb<\/p>\n","protected":false},"author":3,"featured_media":0,"parent":67342,"menu_order":0,"comment_status":"closed","ping_status":"closed","template":"","meta":{"_acf_changed":false,"om_disable_all_campaigns":false,"_monsterinsights_skip_tracking":false,"_monsterinsights_sitenote_active":false,"_monsterinsights_sitenote_note":"","_monsterinsights_sitenote_category":0,"_uf_show_specific_survey":0,"_uf_disable_surveys":false,"footnotes":""},"class_list":["post-66107","page","type-page","status-publish","hentry"],"acf":[],"aioseo_notices":[],"yoast_head":"<!-- This site is optimized with the Yoast SEO plugin v27.1.1 - https:\/\/yoast.com\/product\/yoast-seo-wordpress\/ -->\n<title>P134H - Effeuno<\/title>\n<meta name=\"robots\" content=\"index, follow, max-snippet:-1, max-image-preview:large, max-video-preview:-1\" \/>\n<link rel=\"canonical\" href=\"https:\/\/www.effeuno.biz\/it\/assistenza-linea-easy-pizza\/assistenza-p134h\/\" \/>\n<meta property=\"og:locale\" content=\"fr_FR\" \/>\n<meta property=\"og:type\" content=\"article\" \/>\n<meta property=\"og:title\" content=\"P134H - Effeuno\" \/>\n<meta property=\"og:description\" content=\"[vc_row][vc_column][\/vc_column][\/vc_row][vc_row][vc_column width=\u00a0\u00bb1\/2&Prime;][vc_custom_heading text=\u00a0\u00bbLE FOUR P134H PEUT-IL \u00caTRE ENCASTR\u00c9 ? DOIT-IL \u00caTRE INSTALL\u00c9 DANS UN ESPACE MINIMUM POUR FONCTIONNER CORRECTEMENT ?\u00a0\u00bb\" \/>\n<meta property=\"og:url\" content=\"https:\/\/www.effeuno.biz\/it\/assistenza-linea-easy-pizza\/assistenza-p134h\/\" \/>\n<meta property=\"og:site_name\" content=\"Effeuno\" \/>\n<meta property=\"article:publisher\" content=\"https:\/\/www.facebook.com\/effeuno.forni.pizza.elettrici\" \/>\n<meta name=\"twitter:card\" content=\"summary_large_image\" \/>\n<meta name=\"twitter:label1\" content=\"Dur\u00e9e de lecture estim\u00e9e\" \/>\n\t<meta name=\"twitter:data1\" content=\"5 minutes\" \/>\n<script type=\"application\/ld+json\" class=\"yoast-schema-graph\">{\"@context\":\"https:\/\/schema.org\",\"@graph\":[{\"@type\":\"WebPage\",\"@id\":\"https:\/\/www.effeuno.biz\/it\/assistenza-linea-easy-pizza\/assistenza-p134h\/\",\"url\":\"https:\/\/www.effeuno.biz\/it\/assistenza-linea-easy-pizza\/assistenza-p134h\/\",\"name\":\"P134H - Effeuno\",\"isPartOf\":{\"@id\":\"https:\/\/www.effeuno.biz\/it\/#website\"},\"datePublished\":\"2023-10-20T13:13:45+00:00\",\"breadcrumb\":{\"@id\":\"https:\/\/www.effeuno.biz\/it\/assistenza-linea-easy-pizza\/assistenza-p134h\/#breadcrumb\"},\"inLanguage\":\"fr-FR\",\"potentialAction\":[{\"@type\":\"ReadAction\",\"target\":[\"https:\/\/www.effeuno.biz\/it\/assistenza-linea-easy-pizza\/assistenza-p134h\/\"]}]},{\"@type\":\"BreadcrumbList\",\"@id\":\"https:\/\/www.effeuno.biz\/it\/assistenza-linea-easy-pizza\/assistenza-p134h\/#breadcrumb\",\"itemListElement\":[{\"@type\":\"ListItem\",\"position\":1,\"name\":\"Home\",\"item\":\"https:\/\/www.effeuno.biz\/fr\/\"},{\"@type\":\"ListItem\",\"position\":2,\"name\":\"Assistance Ligne Easy Pizza\",\"item\":\"https:\/\/www.effeuno.biz\/it\/assistenza-linea-easy-pizza\/\"},{\"@type\":\"ListItem\",\"position\":3,\"name\":\"P134H\"}]},{\"@type\":\"WebSite\",\"@id\":\"https:\/\/www.effeuno.biz\/it\/#website\",\"url\":\"https:\/\/www.effeuno.biz\/it\/\",\"name\":\"Effeuno\",\"description\":\"Vendita forni elettrici per pizza ed accessori per forni pizza rigorosamente Made in Italy\",\"publisher\":{\"@id\":\"https:\/\/www.effeuno.biz\/it\/#organization\"},\"potentialAction\":[{\"@type\":\"SearchAction\",\"target\":{\"@type\":\"EntryPoint\",\"urlTemplate\":\"https:\/\/www.effeuno.biz\/it\/?s={search_term_string}\"},\"query-input\":{\"@type\":\"PropertyValueSpecification\",\"valueRequired\":true,\"valueName\":\"search_term_string\"}}],\"inLanguage\":\"fr-FR\"},{\"@type\":\"Organization\",\"@id\":\"https:\/\/www.effeuno.biz\/it\/#organization\",\"name\":\"Effeuno\",\"url\":\"https:\/\/www.effeuno.biz\/it\/\",\"logo\":{\"@type\":\"ImageObject\",\"inLanguage\":\"fr-FR\",\"@id\":\"https:\/\/www.effeuno.biz\/it\/#\/schema\/logo\/image\/\",\"url\":\"https:\/\/www.effeuno.biz\/wp-content\/uploads\/2023\/08\/r-int.png\",\"contentUrl\":\"https:\/\/www.effeuno.biz\/wp-content\/uploads\/2023\/08\/r-int.png\",\"width\":459,\"height\":448,\"caption\":\"Effeuno\"},\"image\":{\"@id\":\"https:\/\/www.effeuno.biz\/it\/#\/schema\/logo\/image\/\"},\"sameAs\":[\"https:\/\/www.facebook.com\/effeuno.forni.pizza.elettrici\",\"https:\/\/www.instagram.com\/effeunoofficial\/\"]}]}<\/script>\n<!-- \/ Yoast SEO plugin. -->","yoast_head_json":{"title":"P134H - Effeuno","robots":{"index":"index","follow":"follow","max-snippet":"max-snippet:-1","max-image-preview":"max-image-preview:large","max-video-preview":"max-video-preview:-1"},"canonical":"https:\/\/www.effeuno.biz\/it\/assistenza-linea-easy-pizza\/assistenza-p134h\/","og_locale":"fr_FR","og_type":"article","og_title":"P134H - Effeuno","og_description":"[vc_row][vc_column][\/vc_column][\/vc_row][vc_row][vc_column width=\u00a0\u00bb1\/2&Prime;][vc_custom_heading text=\u00a0\u00bbLE FOUR P134H PEUT-IL \u00caTRE ENCASTR\u00c9 ? DOIT-IL \u00caTRE INSTALL\u00c9 DANS UN ESPACE MINIMUM POUR FONCTIONNER CORRECTEMENT ?\u00a0\u00bb","og_url":"https:\/\/www.effeuno.biz\/it\/assistenza-linea-easy-pizza\/assistenza-p134h\/","og_site_name":"Effeuno","article_publisher":"https:\/\/www.facebook.com\/effeuno.forni.pizza.elettrici","twitter_card":"summary_large_image","twitter_misc":{"Dur\u00e9e de lecture estim\u00e9e":"5 minutes"},"schema":{"@context":"https:\/\/schema.org","@graph":[{"@type":"WebPage","@id":"https:\/\/www.effeuno.biz\/it\/assistenza-linea-easy-pizza\/assistenza-p134h\/","url":"https:\/\/www.effeuno.biz\/it\/assistenza-linea-easy-pizza\/assistenza-p134h\/","name":"P134H - Effeuno","isPartOf":{"@id":"https:\/\/www.effeuno.biz\/it\/#website"},"datePublished":"2023-10-20T13:13:45+00:00","breadcrumb":{"@id":"https:\/\/www.effeuno.biz\/it\/assistenza-linea-easy-pizza\/assistenza-p134h\/#breadcrumb"},"inLanguage":"fr-FR","potentialAction":[{"@type":"ReadAction","target":["https:\/\/www.effeuno.biz\/it\/assistenza-linea-easy-pizza\/assistenza-p134h\/"]}]},{"@type":"BreadcrumbList","@id":"https:\/\/www.effeuno.biz\/it\/assistenza-linea-easy-pizza\/assistenza-p134h\/#breadcrumb","itemListElement":[{"@type":"ListItem","position":1,"name":"Home","item":"https:\/\/www.effeuno.biz\/fr\/"},{"@type":"ListItem","position":2,"name":"Assistance Ligne Easy Pizza","item":"https:\/\/www.effeuno.biz\/it\/assistenza-linea-easy-pizza\/"},{"@type":"ListItem","position":3,"name":"P134H"}]},{"@type":"WebSite","@id":"https:\/\/www.effeuno.biz\/it\/#website","url":"https:\/\/www.effeuno.biz\/it\/","name":"Effeuno","description":"Vendita forni elettrici per pizza ed accessori per forni pizza rigorosamente Made in Italy","publisher":{"@id":"https:\/\/www.effeuno.biz\/it\/#organization"},"potentialAction":[{"@type":"SearchAction","target":{"@type":"EntryPoint","urlTemplate":"https:\/\/www.effeuno.biz\/it\/?s={search_term_string}"},"query-input":{"@type":"PropertyValueSpecification","valueRequired":true,"valueName":"search_term_string"}}],"inLanguage":"fr-FR"},{"@type":"Organization","@id":"https:\/\/www.effeuno.biz\/it\/#organization","name":"Effeuno","url":"https:\/\/www.effeuno.biz\/it\/","logo":{"@type":"ImageObject","inLanguage":"fr-FR","@id":"https:\/\/www.effeuno.biz\/it\/#\/schema\/logo\/image\/","url":"https:\/\/www.effeuno.biz\/wp-content\/uploads\/2023\/08\/r-int.png","contentUrl":"https:\/\/www.effeuno.biz\/wp-content\/uploads\/2023\/08\/r-int.png","width":459,"height":448,"caption":"Effeuno"},"image":{"@id":"https:\/\/www.effeuno.biz\/it\/#\/schema\/logo\/image\/"},"sameAs":["https:\/\/www.facebook.com\/effeuno.forni.pizza.elettrici","https:\/\/www.instagram.com\/effeunoofficial\/"]}]}},"_links":{"self":[{"href":"https:\/\/www.effeuno.biz\/fr\/wp-json\/wp\/v2\/pages\/66107","targetHints":{"allow":["GET"]}}],"collection":[{"href":"https:\/\/www.effeuno.biz\/fr\/wp-json\/wp\/v2\/pages"}],"about":[{"href":"https:\/\/www.effeuno.biz\/fr\/wp-json\/wp\/v2\/types\/page"}],"author":[{"embeddable":true,"href":"https:\/\/www.effeuno.biz\/fr\/wp-json\/wp\/v2\/users\/3"}],"replies":[{"embeddable":true,"href":"https:\/\/www.effeuno.biz\/fr\/wp-json\/wp\/v2\/comments?post=66107"}],"version-history":[{"count":2,"href":"https:\/\/www.effeuno.biz\/fr\/wp-json\/wp\/v2\/pages\/66107\/revisions"}],"predecessor-version":[{"id":66109,"href":"https:\/\/www.effeuno.biz\/fr\/wp-json\/wp\/v2\/pages\/66107\/revisions\/66109"}],"up":[{"embeddable":true,"href":"https:\/\/www.effeuno.biz\/fr\/wp-json\/wp\/v2\/pages\/67342"}],"wp:attachment":[{"href":"https:\/\/www.effeuno.biz\/fr\/wp-json\/wp\/v2\/media?parent=66107"}],"curies":[{"name":"wp","href":"https:\/\/api.w.org\/{rel}","templated":true}]}}