{"id":78259,"date":"2024-01-18T13:45:00","date_gmt":"2024-01-18T12:45:00","guid":{"rendered":"https:\/\/www.effeuno.biz\/questions-frequemment-posees\/informations-sur-le-biscotto-effeuno\/"},"modified":"2024-01-18T13:45:00","modified_gmt":"2024-01-18T12:45:00","slug":"informations-sur-le-biscotto-effeuno","status":"publish","type":"page","link":"https:\/\/www.effeuno.biz\/fr\/questions-frequemment-posees\/informations-sur-le-biscotto-effeuno\/","title":{"rendered":"Informations sur le Biscotto Effeuno"},"content":{"rendered":"<div class=\"wpb-content-wrapper\"><p>[vc_row][vc_column]\n\t\t<div id=\"wd-65a7fa5c52bba\" class=\"title-wrapper wd-wpb wd-set-mb reset-last-child  wd-rs-65a7fa5c52bba wd-title-color-primary wd-title-style-underlined text-left  wd-underline-colored\">\n\t\t\t\n\t\t\t<div class=\"liner-continer\">\n\t\t\t\t<h4 class=\"woodmart-title-container title  wd-font-weight- wd-fontsize-l\" >Proc\u00e9dure de Rodage de la Biscotto Effeuno<\/h4>\n\t\t\t\t\t\t\t<\/div>\n\t\t\t\n\t\t\t\n\t\t\t\n\t\t<\/div>\n\t\t\n\t\t[\/vc_column][\/vc_row][vc_row][vc_column width=\u00a0\u00bb1\/2&Prime;][vc_custom_heading text=\u00a0\u00bb<strong>COMMENT PROC\u00c9DER AU RODAGE DE LA BISCOTTO?<\/strong>\u00a0\u00bb font_container=\u00a0\u00bbtag:h3|font_size:14|text_align:left\u00a0\u00bb use_theme_fonts=\u00a0\u00bbyes\u00a0\u00bb][vc_column_text text_larger=\u00a0\u00bbno\u00a0\u00bb woodmart_inline=\u00a0\u00bbno\u00a0\u00bb]Le rodage appropri\u00e9 de la pierre biscotto Effeuno est essentiel pour garantir une performance maximale et une durabilit\u00e9 au fil du temps. Il est recommand\u00e9 de suivre attentivement les instructions ci-dessous:<\/p>\n<p>1. <strong>Placement de la Pierre:<\/strong> Ins\u00e9rer la pierre biscotto Effeuno \u00e0 l&rsquo;int\u00e9rieur de la chambre de cuisson du four.<\/p>\n<p>2. <strong>Allumage du Four:<\/strong> Allumer le four en utilisant le bouton d&rsquo;allumage d\u00e9di\u00e9.<\/p>\n<p>3. <strong>Premi\u00e8re \u00c9tape de Chauffage:<\/strong><br \/>\n&#8211; Tourner les boutons (inf\u00e9rieur et sup\u00e9rieur) pour atteindre une temp\u00e9rature de 100\u00b0C.<br \/>\n&#8211; Attendre que le four maintienne cette temp\u00e9rature pendant environ 20 minutes.<\/p>\n<p>4. <strong>Deuxi\u00e8me \u00c9tape de Chauffage:<\/strong><br \/>\n&#8211; Augmenter la temp\u00e9rature en tournant les boutons (inf\u00e9rieur et sup\u00e9rieur) jusqu&rsquo;\u00e0 150\u00b0C.<br \/>\n&#8211; Maintenir le four \u00e0 cette temp\u00e9rature pendant 20 minutes suppl\u00e9mentaires.<\/p>\n<p>5. <strong>Augmentations Ult\u00e9rieures:<\/strong><br \/>\n&#8211; R\u00e9p\u00e9ter l&rsquo;op\u00e9ration d\u00e9crite \u00e0 l&rsquo;\u00e9tape 4, en augmentant la temp\u00e9rature de 50\u00b0C \u00e0 chaque fois, jusqu&rsquo;\u00e0 atteindre la temp\u00e9rature maximale du four.[\/vc_column_text][\/vc_column][vc_column width=\u00a0\u00bb1\/2&Prime;][vc_custom_heading text=\u00a0\u00bb<strong>NOTE IMPORTANTE<\/strong>\u00a0\u00bb font_container=\u00a0\u00bbtag:h3|font_size:14|text_align:left\u00a0\u00bb use_theme_fonts=\u00a0\u00bbyes\u00a0\u00bb][vc_column_text text_larger=\u00a0\u00bbno\u00a0\u00bb woodmart_inline=\u00a0\u00bbno\u00a0\u00bb]<\/p>\n<p style=\"text-align: justify;\">Il est fortement recommand\u00e9 de proc\u00e9der progressivement \u00e0 l&rsquo;augmentation de la temp\u00e9rature. Plus la mont\u00e9e en temp\u00e9rature est lente, avec davantage d&rsquo;\u00e9tapes interm\u00e9diaires de chauffage, meilleure sera la performance de la biscotto. Cela permet \u00e0 la pierre de s&rsquo;adapter lentement aux variations thermiques, pr\u00e9servant ainsi son int\u00e9grit\u00e9 et optimisant ses performances.<\/p>\n<p class=\"p1\">De plus, il est important de bien ventiler l&rsquo;environnement environnant pendant la proc\u00e9dure de rodage, car il peut y avoir une odeur due \u00e0 la cuisson de la pierre (odeurs toutefois tout \u00e0 fait normales, qui se produisent uniquement pendant le rodage).<\/p>\n<p>[\/vc_column_text][vc_custom_heading text=\u00a0\u00bb<strong>COMMENT NETTOYER LA BISCOTTO?<\/strong>\u00a0\u00bb font_container=\u00a0\u00bbtag:h3|font_size:14|text_align:left\u00a0\u00bb use_theme_fonts=\u00a0\u00bbyes\u00a0\u00bb][vc_column_text text_larger=\u00a0\u00bbno\u00a0\u00bb woodmart_inline=\u00a0\u00bbno\u00a0\u00bb]<\/p>\n<p style=\"text-align: justify;\">Pour nettoyer la pierre Biscotto, nous recommandons (\u00e0 la fin de la cuisson) de chauffer le four \u00e0 la temp\u00e9rature maximale (sans plats \u00e0 l&rsquo;int\u00e9rieur, seulement avec la biscotto), de mani\u00e8re \u00e0 carboniser tous les r\u00e9sidus \u00e9ventuels. Ensuite, \u00e0 four compl\u00e8tement refroidi, vous pouvez utiliser un chiffon humide\/une spatule pour \u00e9liminer les r\u00e9sidus carbonis\u00e9s.<\/p>\n<p>[\/vc_column_text][\/vc_column][\/vc_row][vc_row][vc_column width=\u00a0\u00bb1\/2&Prime;][\/vc_column][vc_column width=\u00a0\u00bb1\/2&Prime;][\/vc_column][\/vc_row][vc_row][vc_column][\/vc_column][\/vc_row][vc_row][vc_column][vc_video link=\u00a0\u00bbhttps:\/\/youtu.be\/vhGZeCb0ENU\u00a0\u00bb woodmart_css_id=\u00a0\u00bb65a8e4bdc1848&Prime; image_poster_switch=\u00a0\u00bbno\u00a0\u00bb][\/vc_column][\/vc_row]<\/p>\n<\/div>","protected":false},"excerpt":{"rendered":"<p>[vc_row][vc_column][\/vc_column][\/vc_row][vc_row][vc_column width=\u00a0\u00bb1\/2&Prime;][vc_custom_heading text=\u00a0\u00bbCOMMENT PROC\u00c9DER AU RODAGE DE LA BISCOTTO?\u00a0\u00bb font_container=\u00a0\u00bbtag:h3|font_size:14|text_align:left\u00a0\u00bb use_theme_fonts=\u00a0\u00bbyes\u00a0\u00bb][vc_column_text text_larger=\u00a0\u00bbno\u00a0\u00bb woodmart_inline=\u00a0\u00bbno\u00a0\u00bb]Le rodage appropri\u00e9 de la pierre biscotto Effeuno<\/p>\n","protected":false},"author":7,"featured_media":0,"parent":54871,"menu_order":0,"comment_status":"closed","ping_status":"closed","template":"","meta":{"_acf_changed":false,"om_disable_all_campaigns":false,"_monsterinsights_skip_tracking":false,"_monsterinsights_sitenote_active":false,"_monsterinsights_sitenote_note":"","_monsterinsights_sitenote_category":0,"_uf_show_specific_survey":0,"_uf_disable_surveys":false,"footnotes":""},"class_list":["post-78259","page","type-page","status-publish","hentry"],"acf":[],"aioseo_notices":[],"yoast_head":"<!-- This site is optimized with the Yoast SEO plugin v27.1.1 - https:\/\/yoast.com\/product\/yoast-seo-wordpress\/ -->\n<title>Informations sur le Biscotto Effeuno - Effeuno<\/title>\n<meta name=\"robots\" content=\"index, follow, max-snippet:-1, max-image-preview:large, max-video-preview:-1\" \/>\n<link rel=\"canonical\" href=\"https:\/\/www.effeuno.biz\/fr\/questions-frequemment-posees\/informations-sur-le-biscotto-effeuno\/\" \/>\n<meta property=\"og:locale\" content=\"fr_FR\" \/>\n<meta property=\"og:type\" content=\"article\" \/>\n<meta property=\"og:title\" content=\"Informations sur le Biscotto Effeuno - Effeuno\" \/>\n<meta property=\"og:description\" content=\"[vc_row][vc_column][\/vc_column][\/vc_row][vc_row][vc_column width=\u00a0\u00bb1\/2&Prime;][vc_custom_heading text=\u00a0\u00bbCOMMENT PROC\u00c9DER AU RODAGE DE LA BISCOTTO?\u00a0\u00bb font_container=\u00a0\u00bbtag:h3|font_size:14|text_align:left\u00a0\u00bb use_theme_fonts=\u00a0\u00bbyes\u00a0\u00bb][vc_column_text text_larger=\u00a0\u00bbno\u00a0\u00bb woodmart_inline=\u00a0\u00bbno\u00a0\u00bb]Le rodage appropri\u00e9 de la pierre biscotto Effeuno\" \/>\n<meta property=\"og:url\" content=\"https:\/\/www.effeuno.biz\/fr\/questions-frequemment-posees\/informations-sur-le-biscotto-effeuno\/\" \/>\n<meta property=\"og:site_name\" content=\"Effeuno\" \/>\n<meta property=\"article:publisher\" content=\"https:\/\/www.facebook.com\/effeuno.forni.pizza.elettrici\" \/>\n<meta name=\"twitter:card\" content=\"summary_large_image\" \/>\n<meta name=\"twitter:label1\" content=\"Dur\u00e9e de lecture estim\u00e9e\" \/>\n\t<meta name=\"twitter:data1\" content=\"3 minutes\" \/>\n<script type=\"application\/ld+json\" class=\"yoast-schema-graph\">{\"@context\":\"https:\/\/schema.org\",\"@graph\":[{\"@type\":\"WebPage\",\"@id\":\"https:\/\/www.effeuno.biz\/fr\/questions-frequemment-posees\/informations-sur-le-biscotto-effeuno\/\",\"url\":\"https:\/\/www.effeuno.biz\/fr\/questions-frequemment-posees\/informations-sur-le-biscotto-effeuno\/\",\"name\":\"Informations sur le Biscotto Effeuno - Effeuno\",\"isPartOf\":{\"@id\":\"https:\/\/www.effeuno.biz\/it\/#website\"},\"datePublished\":\"2024-01-18T12:45:00+00:00\",\"breadcrumb\":{\"@id\":\"https:\/\/www.effeuno.biz\/fr\/questions-frequemment-posees\/informations-sur-le-biscotto-effeuno\/#breadcrumb\"},\"inLanguage\":\"fr-FR\",\"potentialAction\":[{\"@type\":\"ReadAction\",\"target\":[\"https:\/\/www.effeuno.biz\/fr\/questions-frequemment-posees\/informations-sur-le-biscotto-effeuno\/\"]}]},{\"@type\":\"BreadcrumbList\",\"@id\":\"https:\/\/www.effeuno.biz\/fr\/questions-frequemment-posees\/informations-sur-le-biscotto-effeuno\/#breadcrumb\",\"itemListElement\":[{\"@type\":\"ListItem\",\"position\":1,\"name\":\"Home\",\"item\":\"https:\/\/www.effeuno.biz\/fr\/\"},{\"@type\":\"ListItem\",\"position\":2,\"name\":\"Questions fr\u00e9quemment pos\u00e9es\",\"item\":\"https:\/\/www.effeuno.biz\/fr\/questions-frequemment-posees\/\"},{\"@type\":\"ListItem\",\"position\":3,\"name\":\"Informations sur le Biscotto Effeuno\"}]},{\"@type\":\"WebSite\",\"@id\":\"https:\/\/www.effeuno.biz\/it\/#website\",\"url\":\"https:\/\/www.effeuno.biz\/it\/\",\"name\":\"Effeuno\",\"description\":\"Vendita forni elettrici per pizza ed accessori per forni pizza rigorosamente Made in Italy\",\"publisher\":{\"@id\":\"https:\/\/www.effeuno.biz\/it\/#organization\"},\"potentialAction\":[{\"@type\":\"SearchAction\",\"target\":{\"@type\":\"EntryPoint\",\"urlTemplate\":\"https:\/\/www.effeuno.biz\/it\/?s={search_term_string}\"},\"query-input\":{\"@type\":\"PropertyValueSpecification\",\"valueRequired\":true,\"valueName\":\"search_term_string\"}}],\"inLanguage\":\"fr-FR\"},{\"@type\":\"Organization\",\"@id\":\"https:\/\/www.effeuno.biz\/it\/#organization\",\"name\":\"Effeuno\",\"url\":\"https:\/\/www.effeuno.biz\/it\/\",\"logo\":{\"@type\":\"ImageObject\",\"inLanguage\":\"fr-FR\",\"@id\":\"https:\/\/www.effeuno.biz\/it\/#\/schema\/logo\/image\/\",\"url\":\"https:\/\/www.effeuno.biz\/wp-content\/uploads\/2023\/08\/r-int.png\",\"contentUrl\":\"https:\/\/www.effeuno.biz\/wp-content\/uploads\/2023\/08\/r-int.png\",\"width\":459,\"height\":448,\"caption\":\"Effeuno\"},\"image\":{\"@id\":\"https:\/\/www.effeuno.biz\/it\/#\/schema\/logo\/image\/\"},\"sameAs\":[\"https:\/\/www.facebook.com\/effeuno.forni.pizza.elettrici\",\"https:\/\/www.instagram.com\/effeunoofficial\/\"]}]}<\/script>\n<!-- \/ Yoast SEO plugin. -->","yoast_head_json":{"title":"Informations sur le Biscotto Effeuno - Effeuno","robots":{"index":"index","follow":"follow","max-snippet":"max-snippet:-1","max-image-preview":"max-image-preview:large","max-video-preview":"max-video-preview:-1"},"canonical":"https:\/\/www.effeuno.biz\/fr\/questions-frequemment-posees\/informations-sur-le-biscotto-effeuno\/","og_locale":"fr_FR","og_type":"article","og_title":"Informations sur le Biscotto Effeuno - Effeuno","og_description":"[vc_row][vc_column][\/vc_column][\/vc_row][vc_row][vc_column width=\u00a0\u00bb1\/2&Prime;][vc_custom_heading text=\u00a0\u00bbCOMMENT PROC\u00c9DER AU RODAGE DE LA BISCOTTO?\u00a0\u00bb font_container=\u00a0\u00bbtag:h3|font_size:14|text_align:left\u00a0\u00bb use_theme_fonts=\u00a0\u00bbyes\u00a0\u00bb][vc_column_text text_larger=\u00a0\u00bbno\u00a0\u00bb woodmart_inline=\u00a0\u00bbno\u00a0\u00bb]Le rodage appropri\u00e9 de la pierre biscotto Effeuno","og_url":"https:\/\/www.effeuno.biz\/fr\/questions-frequemment-posees\/informations-sur-le-biscotto-effeuno\/","og_site_name":"Effeuno","article_publisher":"https:\/\/www.facebook.com\/effeuno.forni.pizza.elettrici","twitter_card":"summary_large_image","twitter_misc":{"Dur\u00e9e de lecture estim\u00e9e":"3 minutes"},"schema":{"@context":"https:\/\/schema.org","@graph":[{"@type":"WebPage","@id":"https:\/\/www.effeuno.biz\/fr\/questions-frequemment-posees\/informations-sur-le-biscotto-effeuno\/","url":"https:\/\/www.effeuno.biz\/fr\/questions-frequemment-posees\/informations-sur-le-biscotto-effeuno\/","name":"Informations sur le Biscotto Effeuno - Effeuno","isPartOf":{"@id":"https:\/\/www.effeuno.biz\/it\/#website"},"datePublished":"2024-01-18T12:45:00+00:00","breadcrumb":{"@id":"https:\/\/www.effeuno.biz\/fr\/questions-frequemment-posees\/informations-sur-le-biscotto-effeuno\/#breadcrumb"},"inLanguage":"fr-FR","potentialAction":[{"@type":"ReadAction","target":["https:\/\/www.effeuno.biz\/fr\/questions-frequemment-posees\/informations-sur-le-biscotto-effeuno\/"]}]},{"@type":"BreadcrumbList","@id":"https:\/\/www.effeuno.biz\/fr\/questions-frequemment-posees\/informations-sur-le-biscotto-effeuno\/#breadcrumb","itemListElement":[{"@type":"ListItem","position":1,"name":"Home","item":"https:\/\/www.effeuno.biz\/fr\/"},{"@type":"ListItem","position":2,"name":"Questions fr\u00e9quemment pos\u00e9es","item":"https:\/\/www.effeuno.biz\/fr\/questions-frequemment-posees\/"},{"@type":"ListItem","position":3,"name":"Informations sur le Biscotto Effeuno"}]},{"@type":"WebSite","@id":"https:\/\/www.effeuno.biz\/it\/#website","url":"https:\/\/www.effeuno.biz\/it\/","name":"Effeuno","description":"Vendita forni elettrici per pizza ed accessori per forni pizza rigorosamente Made in Italy","publisher":{"@id":"https:\/\/www.effeuno.biz\/it\/#organization"},"potentialAction":[{"@type":"SearchAction","target":{"@type":"EntryPoint","urlTemplate":"https:\/\/www.effeuno.biz\/it\/?s={search_term_string}"},"query-input":{"@type":"PropertyValueSpecification","valueRequired":true,"valueName":"search_term_string"}}],"inLanguage":"fr-FR"},{"@type":"Organization","@id":"https:\/\/www.effeuno.biz\/it\/#organization","name":"Effeuno","url":"https:\/\/www.effeuno.biz\/it\/","logo":{"@type":"ImageObject","inLanguage":"fr-FR","@id":"https:\/\/www.effeuno.biz\/it\/#\/schema\/logo\/image\/","url":"https:\/\/www.effeuno.biz\/wp-content\/uploads\/2023\/08\/r-int.png","contentUrl":"https:\/\/www.effeuno.biz\/wp-content\/uploads\/2023\/08\/r-int.png","width":459,"height":448,"caption":"Effeuno"},"image":{"@id":"https:\/\/www.effeuno.biz\/it\/#\/schema\/logo\/image\/"},"sameAs":["https:\/\/www.facebook.com\/effeuno.forni.pizza.elettrici","https:\/\/www.instagram.com\/effeunoofficial\/"]}]}},"_links":{"self":[{"href":"https:\/\/www.effeuno.biz\/fr\/wp-json\/wp\/v2\/pages\/78259","targetHints":{"allow":["GET"]}}],"collection":[{"href":"https:\/\/www.effeuno.biz\/fr\/wp-json\/wp\/v2\/pages"}],"about":[{"href":"https:\/\/www.effeuno.biz\/fr\/wp-json\/wp\/v2\/types\/page"}],"author":[{"embeddable":true,"href":"https:\/\/www.effeuno.biz\/fr\/wp-json\/wp\/v2\/users\/7"}],"replies":[{"embeddable":true,"href":"https:\/\/www.effeuno.biz\/fr\/wp-json\/wp\/v2\/comments?post=78259"}],"version-history":[{"count":2,"href":"https:\/\/www.effeuno.biz\/fr\/wp-json\/wp\/v2\/pages\/78259\/revisions"}],"predecessor-version":[{"id":78261,"href":"https:\/\/www.effeuno.biz\/fr\/wp-json\/wp\/v2\/pages\/78259\/revisions\/78261"}],"up":[{"embeddable":true,"href":"https:\/\/www.effeuno.biz\/fr\/wp-json\/wp\/v2\/pages\/54871"}],"wp:attachment":[{"href":"https:\/\/www.effeuno.biz\/fr\/wp-json\/wp\/v2\/media?parent=78259"}],"curies":[{"name":"wp","href":"https:\/\/api.w.org\/{rel}","templated":true}]}}