{"id":53118,"date":"2023-06-30T17:26:22","date_gmt":"2023-06-30T15:26:22","guid":{"rendered":"https:\/\/www.effeuno.biz\/negozio\/non%20class\u00e9\/aplatisseur-professionnel\/"},"modified":"2026-02-02T09:45:13","modified_gmt":"2026-02-02T08:45:13","slug":"spianatoia-professionale","status":"publish","type":"product","link":"https:\/\/www.effeuno.biz\/fr\/negozio\/accessoires\/spianatoia-professionale\/","title":{"rendered":"Planche \u00e0 p\u00e9trir professionnelle"},"content":{"rendered":"<div class=\"wpb-content-wrapper\"><p>[vc_row][vc_column][vc_column_text woodmart_inline=\u00a0\u00bbno\u00a0\u00bb text_larger=\u00a0\u00bbno\u00a0\u00bb]<\/p>\n<h3 class=\"p1\"><b>Caract\u00e9ristiques :<\/b><\/h3>\n<p><img decoding=\"async\" class=\" wp-image-51421 alignleft\" src=\"https:\/\/www.effeuno.biz\/wp-content\/uploads\/2023\/06\/12-300x300.png\" alt=\"niveleur professionnel\" width=\"200\" height=\"200\" srcset=\"https:\/\/www.effeuno.biz\/wp-content\/uploads\/2023\/06\/12-300x300.png 300w, https:\/\/www.effeuno.biz\/wp-content\/uploads\/2023\/06\/12-1024x1024.png 1024w, https:\/\/www.effeuno.biz\/wp-content\/uploads\/2023\/06\/12-150x150.png 150w, https:\/\/www.effeuno.biz\/wp-content\/uploads\/2023\/06\/12-768x768.png 768w, https:\/\/www.effeuno.biz\/wp-content\/uploads\/2023\/06\/12-600x600.png 600w, https:\/\/www.effeuno.biz\/wp-content\/uploads\/2023\/06\/12-32x32.png 32w, https:\/\/www.effeuno.biz\/wp-content\/uploads\/2023\/06\/12.png 1080w\" sizes=\"(max-width: 200px) 100vw, 200px\" \/><\/p>\n<h4><\/h4>\n<h4><b>Mat\u00e9riau<\/b><\/h4>\n<p>Fabriqu\u00e9 en acier inoxydable AISI 304, un mat\u00e9riau de haute qualit\u00e9 conforme aux r\u00e9glementations en vigueur en mati\u00e8re de s\u00e9curit\u00e9 alimentaire. Cela permet d&rsquo;\u00e9viter la contamination de la p\u00e2te et garantit une r\u00e9sistance durable \u00e0 l&rsquo;usure et \u00e0 la corrosion.<\/p>\n<p>&nbsp;<\/p>\n<p>&nbsp;<\/p>\n<p>&nbsp;<\/p>\n<p><img decoding=\"async\" class=\" wp-image-51443 alignleft\" src=\"https:\/\/www.effeuno.biz\/wp-content\/uploads\/2023\/06\/20-300x300.png\" alt=\"niveleur professionnel\" width=\"200\" height=\"200\" srcset=\"https:\/\/www.effeuno.biz\/wp-content\/uploads\/2023\/06\/20-300x300.png 300w, https:\/\/www.effeuno.biz\/wp-content\/uploads\/2023\/06\/20-1024x1024.png 1024w, https:\/\/www.effeuno.biz\/wp-content\/uploads\/2023\/06\/20-150x150.png 150w, https:\/\/www.effeuno.biz\/wp-content\/uploads\/2023\/06\/20-768x768.png 768w, https:\/\/www.effeuno.biz\/wp-content\/uploads\/2023\/06\/20-600x600.png 600w, https:\/\/www.effeuno.biz\/wp-content\/uploads\/2023\/06\/20-32x32.png 32w, https:\/\/www.effeuno.biz\/wp-content\/uploads\/2023\/06\/20.png 1080w\" sizes=\"(max-width: 200px) 100vw, 200px\" \/><\/p>\n<h4><b>Surface homog\u00e8ne<\/b><\/h4>\n<p>La surface de cette planche \u00e0 p\u00e2tisserie est sp\u00e9cialement con\u00e7ue pour offrir une surface uniforme et fonctionnelle pour le p\u00e9trissage de vos pizzas.<br \/>\nSa consistance permet de travailler la p\u00e2te facilement et d&rsquo;obtenir des r\u00e9sultats professionnels \u00e0 la maison.<\/p>\n<p>&nbsp;<\/p>\n<p>&nbsp;<\/p>\n<p>&nbsp;<\/p>\n<h4><b><img decoding=\"async\" class=\"wp-image-51447 alignleft\" src=\"https:\/\/www.effeuno.biz\/wp-content\/uploads\/2023\/06\/SpianatoiaMadeItaly-_-Scheda-Prodotto-300x300.png\" alt=\"Aplatissement fabriqu\u00e9 en Italie\" width=\"200\" height=\"200\" srcset=\"https:\/\/www.effeuno.biz\/wp-content\/uploads\/2023\/06\/SpianatoiaMadeItaly-_-Scheda-Prodotto-300x300.png 300w, https:\/\/www.effeuno.biz\/wp-content\/uploads\/2023\/06\/SpianatoiaMadeItaly-_-Scheda-Prodotto-1024x1024.png 1024w, https:\/\/www.effeuno.biz\/wp-content\/uploads\/2023\/06\/SpianatoiaMadeItaly-_-Scheda-Prodotto-150x150.png 150w, https:\/\/www.effeuno.biz\/wp-content\/uploads\/2023\/06\/SpianatoiaMadeItaly-_-Scheda-Prodotto-768x768.png 768w, https:\/\/www.effeuno.biz\/wp-content\/uploads\/2023\/06\/SpianatoiaMadeItaly-_-Scheda-Prodotto-600x600.png 600w, https:\/\/www.effeuno.biz\/wp-content\/uploads\/2023\/06\/SpianatoiaMadeItaly-_-Scheda-Prodotto-32x32.png 32w, https:\/\/www.effeuno.biz\/wp-content\/uploads\/2023\/06\/SpianatoiaMadeItaly-_-Scheda-Prodotto.png 1080w\" sizes=\"(max-width: 200px) 100vw, 200px\" \/><\/b><\/h4>\n<h4><b>Fabriqu\u00e9 en Italie<\/b><\/h4>\n<p>Nous garantissons la plus haute qualit\u00e9 de fabrication, l&rsquo;attention port\u00e9e aux d\u00e9tails et l&rsquo;utilisation des meilleurs mat\u00e9riaux pour vous fournir un excellent produit.<br \/>\nFabriqu\u00e9 \u00e0 100 % en Italie.<\/p>\n<p>&nbsp;<\/p>\n<p>&nbsp;<\/p>\n<p>&nbsp;<\/p>\n<h4><b>Double pli<img decoding=\"async\" class=\"wp-image-51451 alignleft\" src=\"https:\/\/www.effeuno.biz\/wp-content\/uploads\/2023\/06\/11-300x300.png\" alt=\"niveleur professionnel\" width=\"200\" height=\"200\" srcset=\"https:\/\/www.effeuno.biz\/wp-content\/uploads\/2023\/06\/11-300x300.png 300w, https:\/\/www.effeuno.biz\/wp-content\/uploads\/2023\/06\/11-1024x1024.png 1024w, https:\/\/www.effeuno.biz\/wp-content\/uploads\/2023\/06\/11-150x150.png 150w, https:\/\/www.effeuno.biz\/wp-content\/uploads\/2023\/06\/11-768x768.png 768w, https:\/\/www.effeuno.biz\/wp-content\/uploads\/2023\/06\/11-600x600.png 600w, https:\/\/www.effeuno.biz\/wp-content\/uploads\/2023\/06\/11-32x32.png 32w, https:\/\/www.effeuno.biz\/wp-content\/uploads\/2023\/06\/11.png 1080w\" sizes=\"(max-width: 200px) 100vw, 200px\" \/><\/b><\/h4>\n<p>Le travail \u00e0 plat d&rsquo;Effeuno se caract\u00e9rise par un double pliage qui conf\u00e8re au produit une stabilit\u00e9 et une r\u00e9sistance structurelle.<br \/>\nLa planche \u00e0 p\u00e2tisserie reste ainsi immobile pendant le processus de laminage de la p\u00e2te, ce qui vous permet de travailler en toute s\u00e9curit\u00e9 et avec pr\u00e9cision.<\/p>\n<p>&nbsp;<\/p>\n<h4><\/h4>\n<p>[\/vc_column_text][\/vc_column][\/vc_row]<\/p>\n<\/div>","protected":false},"excerpt":{"rendered":"<p class=\"p1\">Le <strong>choix id\u00e9al<\/strong> pour les passionn\u00e9s \u00e0 la recherche d&rsquo;une haute qualit\u00e9 et d&rsquo;une performance fiable.<\/p>\n<p><b>\u2705 <em>Durable et s\u00fbr :<\/em><\/b> fabriqu\u00e9 en acier inoxydable AISI 304, un mat\u00e9riau de haute qualit\u00e9 conforme aux r\u00e9glementations en vigueur en mati\u00e8re de s\u00e9curit\u00e9 alimentaire.<br \/>\n\u2705 <b> <em>Surface homog\u00e8ne et fonctionnelle :<\/em><\/b> sa consistance vous permet de travailler la p\u00e2te facilement et d&rsquo;obtenir des r\u00e9sultats professionnels \u00e0 la maison.<br \/>\n<b>\u2705 <em>Facile \u00e0 nettoyer :<\/em><\/b> un simple lavage avec de l&rsquo;eau et du savon le gardera propre et pr\u00eat pour votre prochaine fourn\u00e9e de pizzas.<br \/>\n<b>\u2705 <em>Double pliage :<\/em><\/b> il garantit que la planche \u00e0 p\u00e2tisserie reste immobile pendant le processus de laminage de la p\u00e2te, ce qui vous permet de travailler en toute s\u00e9curit\u00e9 et avec pr\u00e9cision.<br \/>\n<b>\u2705 <em>Made in Italy :<\/em><\/b> garantit la plus haute qualit\u00e9 de l&rsquo;artisanat, l&rsquo;attention aux d\u00e9tails et l&rsquo;utilisation des meilleurs mat\u00e9riaux pour vous offrir un excellent produit.<\/p>\n","protected":false},"featured_media":50759,"comment_status":"closed","ping_status":"closed","template":"","meta":{"_acf_changed":false,"om_disable_all_campaigns":false,"_monsterinsights_skip_tracking":false,"_monsterinsights_sitenote_active":false,"_monsterinsights_sitenote_note":"","_monsterinsights_sitenote_category":0,"_uf_show_specific_survey":0,"_uf_disable_surveys":false},"product_brand":[],"product_cat":[116],"product_tag":[],"giftcard-category":[],"class_list":{"0":"post-53118","1":"product","2":"type-product","3":"status-publish","4":"has-post-thumbnail","6":"product_cat-accessoires","8":"first","9":"instock","10":"taxable","11":"shipping-taxable","12":"purchasable","13":"product-type-variable"},"acf":[],"aioseo_notices":[],"yoast_head":"<!-- This site is optimized with the Yoast SEO plugin v27.1.1 - https:\/\/yoast.com\/product\/yoast-seo-wordpress\/ -->\n<title>Planche \u00e0 p\u00e9trir professionnelle - Effeuno<\/title>\n<meta name=\"robots\" content=\"index, follow, max-snippet:-1, max-image-preview:large, max-video-preview:-1\" \/>\n<link rel=\"canonical\" href=\"https:\/\/www.effeuno.biz\/fr\/negozio\/accessoires\/spianatoia-professionale\/\" \/>\n<meta property=\"og:locale\" content=\"fr_FR\" \/>\n<meta property=\"og:type\" content=\"article\" \/>\n<meta property=\"og:title\" content=\"Planche \u00e0 p\u00e9trir professionnelle - Effeuno\" \/>\n<meta property=\"og:description\" content=\"Le choix id\u00e9al pour les passionn\u00e9s \u00e0 la recherche d&#039;une haute qualit\u00e9 et d&#039;une performance fiable. \u2705 Durable et s\u00fbr : fabriqu\u00e9 en acier inoxydable AISI 304, un mat\u00e9riau de haute qualit\u00e9 conforme aux r\u00e9glementations en vigueur en mati\u00e8re de s\u00e9curit\u00e9 alimentaire. \u2705 Surface homog\u00e8ne et fonctionnelle : sa consistance vous permet de travailler la p\u00e2te facilement et d&#039;obtenir des r\u00e9sultats professionnels \u00e0 la maison. \u2705 Facile \u00e0 nettoyer : un simple lavage avec de l&#039;eau et du savon le gardera propre et pr\u00eat pour votre prochaine fourn\u00e9e de pizzas. \u2705 Double pliage : il garantit que la planche \u00e0 p\u00e2tisserie reste immobile pendant le processus de laminage de la p\u00e2te, ce qui vous permet de travailler en toute s\u00e9curit\u00e9 et avec pr\u00e9cision. \u2705 Made in Italy : garantit la plus haute qualit\u00e9 de l&#039;artisanat, l&#039;attention aux d\u00e9tails et l&#039;utilisation des meilleurs mat\u00e9riaux pour vous offrir un excellent produit.\" \/>\n<meta property=\"og:url\" content=\"https:\/\/www.effeuno.biz\/fr\/negozio\/accessoires\/spianatoia-professionale\/\" \/>\n<meta property=\"og:site_name\" content=\"Effeuno\" \/>\n<meta property=\"article:publisher\" content=\"https:\/\/www.facebook.com\/effeuno.forni.pizza.elettrici\" \/>\n<meta property=\"article:modified_time\" content=\"2026-02-02T08:45:13+00:00\" \/>\n<meta property=\"og:image\" content=\"https:\/\/www.effeuno.biz\/wp-content\/uploads\/2023\/05\/6-2.png\" \/>\n\t<meta property=\"og:image:width\" content=\"1080\" \/>\n\t<meta property=\"og:image:height\" content=\"1080\" \/>\n\t<meta property=\"og:image:type\" content=\"image\/png\" \/>\n<meta name=\"twitter:card\" content=\"summary_large_image\" \/>\n<meta name=\"twitter:label1\" content=\"Dur\u00e9e de lecture estim\u00e9e\" \/>\n\t<meta name=\"twitter:data1\" content=\"2 minutes\" \/>\n<script type=\"application\/ld+json\" class=\"yoast-schema-graph\">{\"@context\":\"https:\/\/schema.org\",\"@graph\":[{\"@type\":\"WebPage\",\"@id\":\"https:\/\/www.effeuno.biz\/fr\/negozio\/accessoires\/spianatoia-professionale\/\",\"url\":\"https:\/\/www.effeuno.biz\/fr\/negozio\/accessoires\/spianatoia-professionale\/\",\"name\":\"Planche \u00e0 p\u00e9trir professionnelle - Effeuno\",\"isPartOf\":{\"@id\":\"https:\/\/www.effeuno.biz\/it\/#website\"},\"primaryImageOfPage\":{\"@id\":\"https:\/\/www.effeuno.biz\/fr\/negozio\/accessoires\/spianatoia-professionale\/#primaryimage\"},\"image\":{\"@id\":\"https:\/\/www.effeuno.biz\/fr\/negozio\/accessoires\/spianatoia-professionale\/#primaryimage\"},\"thumbnailUrl\":\"https:\/\/www.effeuno.biz\/wp-content\/uploads\/2023\/05\/6-2.png\",\"datePublished\":\"2023-06-30T15:26:22+00:00\",\"dateModified\":\"2026-02-02T08:45:13+00:00\",\"breadcrumb\":{\"@id\":\"https:\/\/www.effeuno.biz\/fr\/negozio\/accessoires\/spianatoia-professionale\/#breadcrumb\"},\"inLanguage\":\"fr-FR\",\"potentialAction\":[{\"@type\":\"ReadAction\",\"target\":[\"https:\/\/www.effeuno.biz\/fr\/negozio\/accessoires\/spianatoia-professionale\/\"]}]},{\"@type\":\"ImageObject\",\"inLanguage\":\"fr-FR\",\"@id\":\"https:\/\/www.effeuno.biz\/fr\/negozio\/accessoires\/spianatoia-professionale\/#primaryimage\",\"url\":\"https:\/\/www.effeuno.biz\/wp-content\/uploads\/2023\/05\/6-2.png\",\"contentUrl\":\"https:\/\/www.effeuno.biz\/wp-content\/uploads\/2023\/05\/6-2.png\",\"width\":1080,\"height\":1080,\"caption\":\"spianatoia-professionale\"},{\"@type\":\"BreadcrumbList\",\"@id\":\"https:\/\/www.effeuno.biz\/fr\/negozio\/accessoires\/spianatoia-professionale\/#breadcrumb\",\"itemListElement\":[{\"@type\":\"ListItem\",\"position\":1,\"name\":\"Home\",\"item\":\"https:\/\/www.effeuno.biz\/fr\/\"},{\"@type\":\"ListItem\",\"position\":2,\"name\":\"Boutique\",\"item\":\"https:\/\/www.effeuno.biz\/fr\/boutique\/\"},{\"@type\":\"ListItem\",\"position\":3,\"name\":\"Planche \u00e0 p\u00e9trir professionnelle\"}]},{\"@type\":\"WebSite\",\"@id\":\"https:\/\/www.effeuno.biz\/it\/#website\",\"url\":\"https:\/\/www.effeuno.biz\/it\/\",\"name\":\"Effeuno\",\"description\":\"Vendita forni elettrici per pizza ed accessori per forni pizza rigorosamente Made in Italy\",\"publisher\":{\"@id\":\"https:\/\/www.effeuno.biz\/it\/#organization\"},\"potentialAction\":[{\"@type\":\"SearchAction\",\"target\":{\"@type\":\"EntryPoint\",\"urlTemplate\":\"https:\/\/www.effeuno.biz\/it\/?s={search_term_string}\"},\"query-input\":{\"@type\":\"PropertyValueSpecification\",\"valueRequired\":true,\"valueName\":\"search_term_string\"}}],\"inLanguage\":\"fr-FR\"},{\"@type\":\"Organization\",\"@id\":\"https:\/\/www.effeuno.biz\/it\/#organization\",\"name\":\"Effeuno\",\"url\":\"https:\/\/www.effeuno.biz\/it\/\",\"logo\":{\"@type\":\"ImageObject\",\"inLanguage\":\"fr-FR\",\"@id\":\"https:\/\/www.effeuno.biz\/it\/#\/schema\/logo\/image\/\",\"url\":\"https:\/\/www.effeuno.biz\/wp-content\/uploads\/2023\/08\/r-int.png\",\"contentUrl\":\"https:\/\/www.effeuno.biz\/wp-content\/uploads\/2023\/08\/r-int.png\",\"width\":459,\"height\":448,\"caption\":\"Effeuno\"},\"image\":{\"@id\":\"https:\/\/www.effeuno.biz\/it\/#\/schema\/logo\/image\/\"},\"sameAs\":[\"https:\/\/www.facebook.com\/effeuno.forni.pizza.elettrici\",\"https:\/\/www.instagram.com\/effeunoofficial\/\"]}]}<\/script>\n<!-- \/ Yoast SEO plugin. -->","yoast_head_json":{"title":"Planche \u00e0 p\u00e9trir professionnelle - Effeuno","robots":{"index":"index","follow":"follow","max-snippet":"max-snippet:-1","max-image-preview":"max-image-preview:large","max-video-preview":"max-video-preview:-1"},"canonical":"https:\/\/www.effeuno.biz\/fr\/negozio\/accessoires\/spianatoia-professionale\/","og_locale":"fr_FR","og_type":"article","og_title":"Planche \u00e0 p\u00e9trir professionnelle - Effeuno","og_description":"Le choix id\u00e9al pour les passionn\u00e9s \u00e0 la recherche d'une haute qualit\u00e9 et d'une performance fiable. \u2705 Durable et s\u00fbr : fabriqu\u00e9 en acier inoxydable AISI 304, un mat\u00e9riau de haute qualit\u00e9 conforme aux r\u00e9glementations en vigueur en mati\u00e8re de s\u00e9curit\u00e9 alimentaire. \u2705 Surface homog\u00e8ne et fonctionnelle : sa consistance vous permet de travailler la p\u00e2te facilement et d'obtenir des r\u00e9sultats professionnels \u00e0 la maison. \u2705 Facile \u00e0 nettoyer : un simple lavage avec de l'eau et du savon le gardera propre et pr\u00eat pour votre prochaine fourn\u00e9e de pizzas. \u2705 Double pliage : il garantit que la planche \u00e0 p\u00e2tisserie reste immobile pendant le processus de laminage de la p\u00e2te, ce qui vous permet de travailler en toute s\u00e9curit\u00e9 et avec pr\u00e9cision. \u2705 Made in Italy : garantit la plus haute qualit\u00e9 de l'artisanat, l'attention aux d\u00e9tails et l'utilisation des meilleurs mat\u00e9riaux pour vous offrir un excellent produit.","og_url":"https:\/\/www.effeuno.biz\/fr\/negozio\/accessoires\/spianatoia-professionale\/","og_site_name":"Effeuno","article_publisher":"https:\/\/www.facebook.com\/effeuno.forni.pizza.elettrici","article_modified_time":"2026-02-02T08:45:13+00:00","og_image":[{"width":1080,"height":1080,"url":"https:\/\/www.effeuno.biz\/wp-content\/uploads\/2023\/05\/6-2.png","type":"image\/png"}],"twitter_card":"summary_large_image","twitter_misc":{"Dur\u00e9e de lecture estim\u00e9e":"2 minutes"},"schema":{"@context":"https:\/\/schema.org","@graph":[{"@type":"WebPage","@id":"https:\/\/www.effeuno.biz\/fr\/negozio\/accessoires\/spianatoia-professionale\/","url":"https:\/\/www.effeuno.biz\/fr\/negozio\/accessoires\/spianatoia-professionale\/","name":"Planche \u00e0 p\u00e9trir professionnelle - Effeuno","isPartOf":{"@id":"https:\/\/www.effeuno.biz\/it\/#website"},"primaryImageOfPage":{"@id":"https:\/\/www.effeuno.biz\/fr\/negozio\/accessoires\/spianatoia-professionale\/#primaryimage"},"image":{"@id":"https:\/\/www.effeuno.biz\/fr\/negozio\/accessoires\/spianatoia-professionale\/#primaryimage"},"thumbnailUrl":"https:\/\/www.effeuno.biz\/wp-content\/uploads\/2023\/05\/6-2.png","datePublished":"2023-06-30T15:26:22+00:00","dateModified":"2026-02-02T08:45:13+00:00","breadcrumb":{"@id":"https:\/\/www.effeuno.biz\/fr\/negozio\/accessoires\/spianatoia-professionale\/#breadcrumb"},"inLanguage":"fr-FR","potentialAction":[{"@type":"ReadAction","target":["https:\/\/www.effeuno.biz\/fr\/negozio\/accessoires\/spianatoia-professionale\/"]}]},{"@type":"ImageObject","inLanguage":"fr-FR","@id":"https:\/\/www.effeuno.biz\/fr\/negozio\/accessoires\/spianatoia-professionale\/#primaryimage","url":"https:\/\/www.effeuno.biz\/wp-content\/uploads\/2023\/05\/6-2.png","contentUrl":"https:\/\/www.effeuno.biz\/wp-content\/uploads\/2023\/05\/6-2.png","width":1080,"height":1080,"caption":"spianatoia-professionale"},{"@type":"BreadcrumbList","@id":"https:\/\/www.effeuno.biz\/fr\/negozio\/accessoires\/spianatoia-professionale\/#breadcrumb","itemListElement":[{"@type":"ListItem","position":1,"name":"Home","item":"https:\/\/www.effeuno.biz\/fr\/"},{"@type":"ListItem","position":2,"name":"Boutique","item":"https:\/\/www.effeuno.biz\/fr\/boutique\/"},{"@type":"ListItem","position":3,"name":"Planche \u00e0 p\u00e9trir professionnelle"}]},{"@type":"WebSite","@id":"https:\/\/www.effeuno.biz\/it\/#website","url":"https:\/\/www.effeuno.biz\/it\/","name":"Effeuno","description":"Vendita forni elettrici per pizza ed accessori per forni pizza rigorosamente Made in Italy","publisher":{"@id":"https:\/\/www.effeuno.biz\/it\/#organization"},"potentialAction":[{"@type":"SearchAction","target":{"@type":"EntryPoint","urlTemplate":"https:\/\/www.effeuno.biz\/it\/?s={search_term_string}"},"query-input":{"@type":"PropertyValueSpecification","valueRequired":true,"valueName":"search_term_string"}}],"inLanguage":"fr-FR"},{"@type":"Organization","@id":"https:\/\/www.effeuno.biz\/it\/#organization","name":"Effeuno","url":"https:\/\/www.effeuno.biz\/it\/","logo":{"@type":"ImageObject","inLanguage":"fr-FR","@id":"https:\/\/www.effeuno.biz\/it\/#\/schema\/logo\/image\/","url":"https:\/\/www.effeuno.biz\/wp-content\/uploads\/2023\/08\/r-int.png","contentUrl":"https:\/\/www.effeuno.biz\/wp-content\/uploads\/2023\/08\/r-int.png","width":459,"height":448,"caption":"Effeuno"},"image":{"@id":"https:\/\/www.effeuno.biz\/it\/#\/schema\/logo\/image\/"},"sameAs":["https:\/\/www.facebook.com\/effeuno.forni.pizza.elettrici","https:\/\/www.instagram.com\/effeunoofficial\/"]}]}},"_links":{"self":[{"href":"https:\/\/www.effeuno.biz\/fr\/wp-json\/wp\/v2\/product\/53118","targetHints":{"allow":["GET"]}}],"collection":[{"href":"https:\/\/www.effeuno.biz\/fr\/wp-json\/wp\/v2\/product"}],"about":[{"href":"https:\/\/www.effeuno.biz\/fr\/wp-json\/wp\/v2\/types\/product"}],"replies":[{"embeddable":true,"href":"https:\/\/www.effeuno.biz\/fr\/wp-json\/wp\/v2\/comments?post=53118"}],"wp:featuredmedia":[{"embeddable":true,"href":"https:\/\/www.effeuno.biz\/fr\/wp-json\/wp\/v2\/media\/50759"}],"wp:attachment":[{"href":"https:\/\/www.effeuno.biz\/fr\/wp-json\/wp\/v2\/media?parent=53118"}],"wp:term":[{"taxonomy":"product_brand","embeddable":true,"href":"https:\/\/www.effeuno.biz\/fr\/wp-json\/wp\/v2\/product_brand?post=53118"},{"taxonomy":"product_cat","embeddable":true,"href":"https:\/\/www.effeuno.biz\/fr\/wp-json\/wp\/v2\/product_cat?post=53118"},{"taxonomy":"product_tag","embeddable":true,"href":"https:\/\/www.effeuno.biz\/fr\/wp-json\/wp\/v2\/product_tag?post=53118"},{"taxonomy":"giftcard-category","embeddable":true,"href":"https:\/\/www.effeuno.biz\/fr\/wp-json\/wp\/v2\/giftcard-category?post=53118"}],"curies":[{"name":"wp","href":"https:\/\/api.w.org\/{rel}","templated":true}]}}