{"id":78171,"date":"2024-01-17T16:55:36","date_gmt":"2024-01-17T15:55:36","guid":{"rendered":"https:\/\/www.effeuno.biz\/faq-forni-effeuno\/manutenzione-assistenza-forni-effeuno-copy\/"},"modified":"2025-05-08T17:27:48","modified_gmt":"2025-05-08T15:27:48","slug":"rodaggio-biscotto-effeuno","status":"publish","type":"page","link":"https:\/\/www.effeuno.biz\/it\/faq-forni-effeuno\/rodaggio-biscotto-effeuno\/","title":{"rendered":"Informazioni sulla Pietra Effeuno"},"content":{"rendered":"<div class=\"wpb-content-wrapper\"><p>[vc_row][vc_column]\n\t\t<div id=\"wd-67d3de70845c4\" class=\"title-wrapper wd-wpb wd-set-mb reset-last-child  wd-rs-67d3de70845c4 wd-title-color-primary wd-title-style-underlined text-left  wd-underline-colored\">\n\t\t\t\n\t\t\t<div class=\"liner-continer\">\n\t\t\t\t<h4 class=\"woodmart-title-container title  wd-font-weight- wd-fontsize-l\" >Procedura di Rodaggio della Pietra Effeuno<\/h4>\n\t\t\t\t\t\t\t<\/div>\n\t\t\t\n\t\t\t\n\t\t\t\n\t\t<\/div>\n\t\t\n\t\t[\/vc_column][\/vc_row][vc_row][vc_column width=&#8221;1\/2&#8243;][vc_custom_heading text=&#8221;<strong>COME POSSO PROCEDERE CON IL RODAGGIO DELLA PIETRA?<\/strong>&#8221; font_container=&#8221;tag:h3|font_size:14|text_align:left&#8221; use_theme_fonts=&#8221;yes&#8221; css=&#8221;&#8221;][vc_column_text css=&#8221;&#8221; text_larger=&#8221;no&#8221; woodmart_inline=&#8221;no&#8221;]Il corretto rodaggio della pietra Effeuno \u00e8 essenziale per garantirne la massima resa e durata nel tempo. Si raccomanda di seguire attentamente le istruzioni riportate di seguito:<\/p>\n<p>1. <strong>Posizionamento della Pietra:<\/strong> Inserire la pietra Effeuno all&#8217;interno della camera di cottura del forno.<\/p>\n<p>2. <strong>Accensione del Forno:<\/strong> Accendere il forno utilizzando il tasto di accensione dedicato.<\/p>\n<p>3. <strong>Primo Step di Riscaldamento:<\/strong><br \/>\n&#8211; Ruotare le manopole (inferiore e superiore) fino a raggiungere una temperatura di 100\u00b0C.<br \/>\n&#8211; Attendere che il forno mantenga questa temperatura per circa 20 minuti.<\/p>\n<p>4. <strong>Secondo Step di Riscaldamento:<\/strong><br \/>\n&#8211; Aumentare la temperatura ruotando le manopole (inferiore e superiore) fino a 150\u00b0C.<br \/>\n&#8211; Mantenere il forno a questa temperatura per altri 20 minuti.<\/p>\n<p>5. <strong>Incrementi Successivi:<\/strong><br \/>\n&#8211; Ripetere l&#8217;operazione descritta al punto 4, aumentando ogni volta la temperatura di 50\u00b0C, fino al raggiungimento della temperatura massima del forno.[\/vc_column_text][\/vc_column][vc_column width=&#8221;1\/2&#8243;][vc_custom_heading text=&#8221;<strong>NOTA IMPORTANTE<\/strong>&#8221; font_container=&#8221;tag:h3|font_size:14|text_align:left&#8221; use_theme_fonts=&#8221;yes&#8221;][vc_column_text css=&#8221;&#8221; text_larger=&#8221;no&#8221; woodmart_inline=&#8221;no&#8221;]<\/p>\n<p style=\"text-align: justify;\">Si consiglia vivamente di procedere con gradualit\u00e0 nell&#8217;aumentare la temperatura. Pi\u00f9 lentamente si innalza la temperatura, con pi\u00f9 step intermedi di riscaldamento, migliore sar\u00e0 la resa della pietra. Questo permette alla pietra di adattarsi lentamente alle variazioni termiche, preservandone l&#8217;integrit\u00e0 e ottimizzandone le prestazioni.<\/p>\n<p class=\"p1\">Inoltre, \u00e8 importante assicurarsi di adeguatamente areare l&#8217;ambiente circostante durante la procedura di condizionamento, poich\u00e9 potrebbe verificarsi un odore causato dalla cottura della pietra (odori comunque del tutto normali, che si verificano solamente durante il condizionamento).<\/p>\n<p>[\/vc_column_text][vc_custom_heading text=&#8221;<strong>COME PU\u00d2 ESSERE EFFETTUATA LA PULIZIA DELLA PIETRA?<\/strong>&#8221; font_container=&#8221;tag:h3|font_size:14|text_align:left&#8221; use_theme_fonts=&#8221;yes&#8221; css=&#8221;&#8221;][vc_column_text css=&#8221;&#8221; text_larger=&#8221;no&#8221; woodmart_inline=&#8221;no&#8221;]<\/p>\n<p style=\"text-align: justify;\">Per poter effettuare la pulizia della pietra Effeuno, consigliamo (a fine cottura) di spingere il forno alla massima temperatura (senza pietanze all\u2019interno ma solo con la pietra), in modo tale da poter carbonizzare tutti gli eventuali e possibili residui. Dopodich\u00e9, a forno completamente freddo, si pu\u00f2 utilizzare un panno umido\/raschietto per poter rimuovere i residui carbonizzati.<\/p>\n<p>[\/vc_column_text][\/vc_column][\/vc_row][vc_row][vc_column width=&#8221;1\/2&#8243;][\/vc_column][vc_column width=&#8221;1\/2&#8243;][\/vc_column][\/vc_row][vc_row][vc_column][\/vc_column][\/vc_row][vc_row][vc_column width=&#8221;1\/2&#8243;][vc_video link=&#8221;https:\/\/youtu.be\/h-pzUZPGyjA&#8221; css=&#8221;&#8221; woodmart_css_id=&#8221;681ccd3ec3346&#8243; image_poster_switch=&#8221;no&#8221;][\/vc_column][vc_column width=&#8221;1\/2&#8243;]\n\t\t<div id=\"wd-67d3defe72d97\" class=\"title-wrapper wd-wpb wd-set-mb reset-last-child  wd-rs-67d3defe72d97 wd-title-color-default wd-title-style-default text-left vc_custom_1741938443701 wd-underline-colored\">\n\t\t\t\n\t\t\t<div class=\"liner-continer\">\n\t\t\t\t<h4 class=\"woodmart-title-container title  wd-font-weight- wd-fontsize-xxl\" >Domande sulla Pietra Effeuno<\/h4>\n\t\t\t\t\t\t\t<\/div>\n\t\t\t\n\t\t\t\n\t\t\t\n\t\t<\/div>\n\t\t\n\t\t\n\t\t<div id=\"wd-64775e41888c3\" class=\"wd-accordion wd-wpb wd-rs-64775e41888c3 vc_custom_1685544517764 wd-style-default wd-border-off wd-titles-left wd-opener-pos-right wd-opener-style-arrow\" data-state=\"all_closed\">\n\t\t\t\t\t\t\t\n\t\t\t\t\n\t\t\t\t<div class=\"wd-accordion-item\">\n\t\t\t\t\t<div class=\"wd-accordion-title wd-role-btn font-primary wd-fontsize-custom wd-font-weight-700\" data-accordion-index=\"0\" tabindex=\"0\">\n\t\t\t\t\t\t<div class=\"wd-accordion-title-text\">\n\t\t\t\t\t\t\t\t\t\t\t\t\t\t<span>\n\t\t\t\t\t\t\t\tLa Pietra Effeuno presenta un colore diverso rispetto al classico biscotto?\t\t\t\t\t\t\t<\/span>\n\t\t\t\t\t\t<\/div>\n\t\t\t\t\t\t<span class=\"wd-accordion-opener\"><\/span>\n\t\t\t\t\t<\/div>\n\n\t\t\t\t\t<div class=\"wd-accordion-content wd-entry-content\" data-accordion-index=\"0\">\n\t\t\t\t\t\t\t\t\t\t\t\t\t\n<ul>\n<li>La Pietra Effeuno viene consegnato umido come da fornitura, ne consegue la colorazione scura.<\/li>\n<li>Il classico color marroncino del biscotto verr\u00e0 ottenuto una volta eseguito il rodaggio della Pietra, come si pu\u00f2 notare dal video.<\/li>\n<\/ul>\n\t\t\t\t\t\t\t\t\t\t\t<\/div>\n\t\t\t\t<\/div>\n\t\t\t\t\t\t\t\n\t\t\t\t\n\t\t\t\t<div class=\"wd-accordion-item\">\n\t\t\t\t\t<div class=\"wd-accordion-title wd-role-btn font-primary wd-fontsize-custom wd-font-weight-700\" data-accordion-index=\"1\" tabindex=\"0\">\n\t\t\t\t\t\t<div class=\"wd-accordion-title-text\">\n\t\t\t\t\t\t\t\t\t\t\t\t\t\t<span>\n\t\t\t\t\t\t\t\tSu quale lato della Pietra Effeuno devo cucinare?\t\t\t\t\t\t\t<\/span>\n\t\t\t\t\t\t<\/div>\n\t\t\t\t\t\t<span class=\"wd-accordion-opener\"><\/span>\n\t\t\t\t\t<\/div>\n\n\t\t\t\t\t<div class=\"wd-accordion-content wd-entry-content\" data-accordion-index=\"1\">\n\t\t\t\t\t\t\t\t\t\t\t\t\t\n<ul>\n<li>Il lato della Pietra Effeuno nel quale va effettuata la cottura \u00e8 quello che presenta il Logo Effeuno ed \u00e8 liscio. Ne consegue che la parte ruvida della Pietra Effeuno va posizionata orientata verso la resistenza.<\/li>\n<\/ul>\n\t\t\t\t\t\t\t\t\t\t\t<\/div>\n\t\t\t\t<\/div>\n\t\t\t\t\t\t\t\n\t\t\t\t\n\t\t\t\t<div class=\"wd-accordion-item\">\n\t\t\t\t\t<div class=\"wd-accordion-title wd-role-btn font-primary wd-fontsize-custom wd-font-weight-700\" data-accordion-index=\"2\" tabindex=\"0\">\n\t\t\t\t\t\t<div class=\"wd-accordion-title-text\">\n\t\t\t\t\t\t\t\t\t\t\t\t\t\t<span>\n\t\t\t\t\t\t\t\tA che temperature posso cuocere la pizza napoletana e romana sulla Pietra Effeuno?\t\t\t\t\t\t\t<\/span>\n\t\t\t\t\t\t<\/div>\n\t\t\t\t\t\t<span class=\"wd-accordion-opener\"><\/span>\n\t\t\t\t\t<\/div>\n\n\t\t\t\t\t<div class=\"wd-accordion-content wd-entry-content\" data-accordion-index=\"2\">\n\t\t\t\t\t\t\t\t\t\t\t\t\t<p>La scelta della temperatura di cottura \u00e8 indipendente dalla pietra\/ biscotto in uso, la temperatura dipende dalla tipologia di pizza (o di qualsiasi altro alimento messo in cottura) che si vuole ottenere. Dalle prove eseguite internamente dal nostro reparto R&amp;D ed esternamente, abbiamo ottenuto risultati ottimali.<\/p>\n\t\t\t\t\t\t\t\t\t\t\t<\/div>\n\t\t\t\t<\/div>\n\t\t\t\t\t\t\t\t\t\t\t\t\t\t<\/div>\n\n\t\t[\/vc_column][\/vc_row]<\/p>\n<\/div>","protected":false},"excerpt":{"rendered":"<p>[vc_row][vc_column][\/vc_column][\/vc_row][vc_row][vc_column width=&#8221;1\/2&#8243;][vc_custom_heading text=&#8221;COME POSSO PROCEDERE CON IL RODAGGIO DELLA PIETRA?&#8221; font_container=&#8221;tag:h3|font_size:14|text_align:left&#8221; use_theme_fonts=&#8221;yes&#8221; css=&#8221;&#8221;][vc_column_text css=&#8221;&#8221; text_larger=&#8221;no&#8221; woodmart_inline=&#8221;no&#8221;]Il corretto rodaggio della pietra<\/p>\n","protected":false},"author":7,"featured_media":0,"parent":12565,"menu_order":0,"comment_status":"closed","ping_status":"closed","template":"","meta":{"_acf_changed":false,"om_disable_all_campaigns":false,"_monsterinsights_skip_tracking":false,"_monsterinsights_sitenote_active":false,"_monsterinsights_sitenote_note":"","_monsterinsights_sitenote_category":0,"_uf_show_specific_survey":0,"_uf_disable_surveys":false,"footnotes":""},"class_list":["post-78171","page","type-page","status-publish","hentry"],"acf":[],"aioseo_notices":[],"yoast_head":"<!-- This site is optimized with the Yoast SEO plugin v27.1.1 - https:\/\/yoast.com\/product\/yoast-seo-wordpress\/ -->\n<title>Informazioni sulla Pietra Effeuno - Effeuno<\/title>\n<meta name=\"robots\" content=\"index, follow, max-snippet:-1, max-image-preview:large, max-video-preview:-1\" \/>\n<link rel=\"canonical\" href=\"https:\/\/www.effeuno.biz\/it\/faq-forni-effeuno\/rodaggio-biscotto-effeuno\/\" \/>\n<meta property=\"og:locale\" content=\"it_IT\" \/>\n<meta property=\"og:type\" content=\"article\" \/>\n<meta property=\"og:title\" content=\"Informazioni sulla Pietra Effeuno - Effeuno\" \/>\n<meta property=\"og:description\" content=\"[vc_row][vc_column][\/vc_column][\/vc_row][vc_row][vc_column width=&#8221;1\/2&#8243;][vc_custom_heading text=&#8221;COME POSSO PROCEDERE CON IL RODAGGIO DELLA PIETRA?&#8221; font_container=&#8221;tag:h3|font_size:14|text_align:left&#8221; use_theme_fonts=&#8221;yes&#8221; css=&#8221;&#8221;][vc_column_text css=&#8221;&#8221; text_larger=&#8221;no&#8221; woodmart_inline=&#8221;no&#8221;]Il corretto rodaggio della pietra\" \/>\n<meta property=\"og:url\" content=\"https:\/\/www.effeuno.biz\/it\/faq-forni-effeuno\/rodaggio-biscotto-effeuno\/\" \/>\n<meta property=\"og:site_name\" content=\"Effeuno\" \/>\n<meta property=\"article:publisher\" content=\"https:\/\/www.facebook.com\/effeuno.forni.pizza.elettrici\" \/>\n<meta property=\"article:modified_time\" content=\"2025-05-08T15:27:48+00:00\" \/>\n<meta name=\"twitter:card\" content=\"summary_large_image\" \/>\n<meta name=\"twitter:label1\" content=\"Tempo di lettura stimato\" \/>\n\t<meta name=\"twitter:data1\" content=\"3 minuti\" \/>\n<script type=\"application\/ld+json\" class=\"yoast-schema-graph\">{\"@context\":\"https:\/\/schema.org\",\"@graph\":[{\"@type\":\"WebPage\",\"@id\":\"https:\/\/www.effeuno.biz\/it\/faq-forni-effeuno\/rodaggio-biscotto-effeuno\/\",\"url\":\"https:\/\/www.effeuno.biz\/it\/faq-forni-effeuno\/rodaggio-biscotto-effeuno\/\",\"name\":\"Informazioni sulla Pietra Effeuno - Effeuno\",\"isPartOf\":{\"@id\":\"https:\/\/www.effeuno.biz\/it\/#website\"},\"datePublished\":\"2024-01-17T15:55:36+00:00\",\"dateModified\":\"2025-05-08T15:27:48+00:00\",\"breadcrumb\":{\"@id\":\"https:\/\/www.effeuno.biz\/it\/faq-forni-effeuno\/rodaggio-biscotto-effeuno\/#breadcrumb\"},\"inLanguage\":\"it-IT\",\"potentialAction\":[{\"@type\":\"ReadAction\",\"target\":[\"https:\/\/www.effeuno.biz\/it\/faq-forni-effeuno\/rodaggio-biscotto-effeuno\/\"]}]},{\"@type\":\"BreadcrumbList\",\"@id\":\"https:\/\/www.effeuno.biz\/it\/faq-forni-effeuno\/rodaggio-biscotto-effeuno\/#breadcrumb\",\"itemListElement\":[{\"@type\":\"ListItem\",\"position\":1,\"name\":\"Home\",\"item\":\"https:\/\/www.effeuno.biz\/it\/\"},{\"@type\":\"ListItem\",\"position\":2,\"name\":\"Domande frequenti\",\"item\":\"https:\/\/www.effeuno.biz\/it\/faq-forni-effeuno\/\"},{\"@type\":\"ListItem\",\"position\":3,\"name\":\"Informazioni sulla Pietra Effeuno\"}]},{\"@type\":\"WebSite\",\"@id\":\"https:\/\/www.effeuno.biz\/it\/#website\",\"url\":\"https:\/\/www.effeuno.biz\/it\/\",\"name\":\"Effeuno\",\"description\":\"Vendita forni elettrici per pizza ed accessori per forni pizza rigorosamente Made in Italy\",\"publisher\":{\"@id\":\"https:\/\/www.effeuno.biz\/it\/#organization\"},\"potentialAction\":[{\"@type\":\"SearchAction\",\"target\":{\"@type\":\"EntryPoint\",\"urlTemplate\":\"https:\/\/www.effeuno.biz\/it\/?s={search_term_string}\"},\"query-input\":{\"@type\":\"PropertyValueSpecification\",\"valueRequired\":true,\"valueName\":\"search_term_string\"}}],\"inLanguage\":\"it-IT\"},{\"@type\":\"Organization\",\"@id\":\"https:\/\/www.effeuno.biz\/it\/#organization\",\"name\":\"Effeuno\",\"url\":\"https:\/\/www.effeuno.biz\/it\/\",\"logo\":{\"@type\":\"ImageObject\",\"inLanguage\":\"it-IT\",\"@id\":\"https:\/\/www.effeuno.biz\/it\/#\/schema\/logo\/image\/\",\"url\":\"https:\/\/www.effeuno.biz\/wp-content\/uploads\/2023\/08\/r-int.png\",\"contentUrl\":\"https:\/\/www.effeuno.biz\/wp-content\/uploads\/2023\/08\/r-int.png\",\"width\":459,\"height\":448,\"caption\":\"Effeuno\"},\"image\":{\"@id\":\"https:\/\/www.effeuno.biz\/it\/#\/schema\/logo\/image\/\"},\"sameAs\":[\"https:\/\/www.facebook.com\/effeuno.forni.pizza.elettrici\",\"https:\/\/www.instagram.com\/effeunoofficial\/\"]}]}<\/script>\n<!-- \/ Yoast SEO plugin. -->","yoast_head_json":{"title":"Informazioni sulla Pietra Effeuno - Effeuno","robots":{"index":"index","follow":"follow","max-snippet":"max-snippet:-1","max-image-preview":"max-image-preview:large","max-video-preview":"max-video-preview:-1"},"canonical":"https:\/\/www.effeuno.biz\/it\/faq-forni-effeuno\/rodaggio-biscotto-effeuno\/","og_locale":"it_IT","og_type":"article","og_title":"Informazioni sulla Pietra Effeuno - Effeuno","og_description":"[vc_row][vc_column][\/vc_column][\/vc_row][vc_row][vc_column width=&#8221;1\/2&#8243;][vc_custom_heading text=&#8221;COME POSSO PROCEDERE CON IL RODAGGIO DELLA PIETRA?&#8221; font_container=&#8221;tag:h3|font_size:14|text_align:left&#8221; use_theme_fonts=&#8221;yes&#8221; css=&#8221;&#8221;][vc_column_text css=&#8221;&#8221; text_larger=&#8221;no&#8221; woodmart_inline=&#8221;no&#8221;]Il corretto rodaggio della pietra","og_url":"https:\/\/www.effeuno.biz\/it\/faq-forni-effeuno\/rodaggio-biscotto-effeuno\/","og_site_name":"Effeuno","article_publisher":"https:\/\/www.facebook.com\/effeuno.forni.pizza.elettrici","article_modified_time":"2025-05-08T15:27:48+00:00","twitter_card":"summary_large_image","twitter_misc":{"Tempo di lettura stimato":"3 minuti"},"schema":{"@context":"https:\/\/schema.org","@graph":[{"@type":"WebPage","@id":"https:\/\/www.effeuno.biz\/it\/faq-forni-effeuno\/rodaggio-biscotto-effeuno\/","url":"https:\/\/www.effeuno.biz\/it\/faq-forni-effeuno\/rodaggio-biscotto-effeuno\/","name":"Informazioni sulla Pietra Effeuno - Effeuno","isPartOf":{"@id":"https:\/\/www.effeuno.biz\/it\/#website"},"datePublished":"2024-01-17T15:55:36+00:00","dateModified":"2025-05-08T15:27:48+00:00","breadcrumb":{"@id":"https:\/\/www.effeuno.biz\/it\/faq-forni-effeuno\/rodaggio-biscotto-effeuno\/#breadcrumb"},"inLanguage":"it-IT","potentialAction":[{"@type":"ReadAction","target":["https:\/\/www.effeuno.biz\/it\/faq-forni-effeuno\/rodaggio-biscotto-effeuno\/"]}]},{"@type":"BreadcrumbList","@id":"https:\/\/www.effeuno.biz\/it\/faq-forni-effeuno\/rodaggio-biscotto-effeuno\/#breadcrumb","itemListElement":[{"@type":"ListItem","position":1,"name":"Home","item":"https:\/\/www.effeuno.biz\/it\/"},{"@type":"ListItem","position":2,"name":"Domande frequenti","item":"https:\/\/www.effeuno.biz\/it\/faq-forni-effeuno\/"},{"@type":"ListItem","position":3,"name":"Informazioni sulla Pietra Effeuno"}]},{"@type":"WebSite","@id":"https:\/\/www.effeuno.biz\/it\/#website","url":"https:\/\/www.effeuno.biz\/it\/","name":"Effeuno","description":"Vendita forni elettrici per pizza ed accessori per forni pizza rigorosamente Made in Italy","publisher":{"@id":"https:\/\/www.effeuno.biz\/it\/#organization"},"potentialAction":[{"@type":"SearchAction","target":{"@type":"EntryPoint","urlTemplate":"https:\/\/www.effeuno.biz\/it\/?s={search_term_string}"},"query-input":{"@type":"PropertyValueSpecification","valueRequired":true,"valueName":"search_term_string"}}],"inLanguage":"it-IT"},{"@type":"Organization","@id":"https:\/\/www.effeuno.biz\/it\/#organization","name":"Effeuno","url":"https:\/\/www.effeuno.biz\/it\/","logo":{"@type":"ImageObject","inLanguage":"it-IT","@id":"https:\/\/www.effeuno.biz\/it\/#\/schema\/logo\/image\/","url":"https:\/\/www.effeuno.biz\/wp-content\/uploads\/2023\/08\/r-int.png","contentUrl":"https:\/\/www.effeuno.biz\/wp-content\/uploads\/2023\/08\/r-int.png","width":459,"height":448,"caption":"Effeuno"},"image":{"@id":"https:\/\/www.effeuno.biz\/it\/#\/schema\/logo\/image\/"},"sameAs":["https:\/\/www.facebook.com\/effeuno.forni.pizza.elettrici","https:\/\/www.instagram.com\/effeunoofficial\/"]}]}},"_links":{"self":[{"href":"https:\/\/www.effeuno.biz\/it\/wp-json\/wp\/v2\/pages\/78171","targetHints":{"allow":["GET"]}}],"collection":[{"href":"https:\/\/www.effeuno.biz\/it\/wp-json\/wp\/v2\/pages"}],"about":[{"href":"https:\/\/www.effeuno.biz\/it\/wp-json\/wp\/v2\/types\/page"}],"author":[{"embeddable":true,"href":"https:\/\/www.effeuno.biz\/it\/wp-json\/wp\/v2\/users\/7"}],"replies":[{"embeddable":true,"href":"https:\/\/www.effeuno.biz\/it\/wp-json\/wp\/v2\/comments?post=78171"}],"version-history":[{"count":14,"href":"https:\/\/www.effeuno.biz\/it\/wp-json\/wp\/v2\/pages\/78171\/revisions"}],"predecessor-version":[{"id":120953,"href":"https:\/\/www.effeuno.biz\/it\/wp-json\/wp\/v2\/pages\/78171\/revisions\/120953"}],"up":[{"embeddable":true,"href":"https:\/\/www.effeuno.biz\/it\/wp-json\/wp\/v2\/pages\/12565"}],"wp:attachment":[{"href":"https:\/\/www.effeuno.biz\/it\/wp-json\/wp\/v2\/media?parent=78171"}],"curies":[{"name":"wp","href":"https:\/\/api.w.org\/{rel}","templated":true}]}}