{"id":845,"date":"2017-07-13T06:58:00","date_gmt":"2017-07-13T06:58:00","guid":{"rendered":"http:\/\/dummy.xtemos.com\/woodmart\/demos\/?page_id=845"},"modified":"2025-12-23T12:15:57","modified_gmt":"2025-12-23T11:15:57","slug":"termini-e-condizioni","status":"publish","type":"page","link":"https:\/\/www.effeuno.biz\/it\/termini-e-condizioni\/","title":{"rendered":"Termini e Condizioni"},"content":{"rendered":"<div class=\"wpb-content-wrapper\"><p>[vc_row][vc_column][vc_column_text css=&#8221;&#8221; text_larger=&#8221;no&#8221; woodmart_inline=&#8221;no&#8221;]Effettuando un ordine sul negozio on-line www.effeuno.biz il Cliente dichiara di aver preso visione di tutte le indicazioni a lui fornite durante la procedura d&#8217;acquisto, e di accettare integralmente le condizioni generali e di pagamento di seguito trascritte.<\/p>\n<p>Viene escluso ogni diritto del Cliente a un risarcimento danni o indennizzo, nonch\u00e9 qualsiasi responsabilit\u00e0 contrattuale o extracontrattuale per danni diretti o indiretti a persone e\/o cose, provocati dalla mancata accettazione, anche parziale, di un ordine.<br \/>\nIn caso di imprevista indisponibilit\u00e0 della merce e mancata accettazione dell&#8217;ordine non verr\u00e0 effettuato alcun addebito al Cliente.<\/p>\n<p>La corretta ricezione dell&#8217;ordine \u00e8 confermata dal sistema mediante una risposta via e-mail, inviata all&#8217;indirizzo di posta elettronica comunicato dal Cliente. Tale messaggio di conferma riporter\u00e0 Data dell&#8217;ordine, un &#8220;Numero d&#8217;Ordine&#8221; da utilizzarsi in ogni ulteriore comunicazione con il venditore.<\/p>\n<p>E\u2019 responsabilit\u00e0 del Cliente registrarsi con i dati corretti e mantenere aggiornati tali dati mediante le credenziali di accesso.<\/p>\n<p>L\u2019acquisto della merce \u00e8 previsto con modalit\u00e0 di pagamento Carta di Credito, Paypal, Bonifico Bancario oppure con finanziamenti con le piattaforme di Cofidis o Alma.\u00a0 La transazione con Carta avviene attraverso il sistema elettronico Paypal. In nessun momento della procedura d\u2019acquisto il sistema elettronico e nessun membro dello staff \u00e8 in grado di conoscere il numero di carta di credito del Cliente, che viene fornito dal Cliente su una connessione internet protetta e crittografata secondo gli standard attuali del mercato dei pagamenti on-line.<\/p>\n<p>Tutti gli importi visualizzati su Ecommerce sono espressi in Euro, che \u00e8 la valuta di riferimento.<\/p>\n<p>Per ogni ordine effettuato su www.effeuno.biz, verr\u00e0 emessa una fattura elettronica che troverete nel vostro cassetto fiscale. Successivamente Effeuno s.r.l. invier\u00e0 via mail le fatture di cortesia.<\/p>\n<p>Si ricorda che:<br \/>\n\u2013\u00a0<span class=\"s2\">la fattura commerciale (emessa verso soggetti iva come societ\u00e0, professionisti o ditte individuali) d\u00e0 diritto alla garanzia di un anno;<br \/>\n<\/span><span class=\"s2\">\u2013 la fattura commerciale a privato (possessore del solo codice fiscale) da diritto invece a due anni di garanzia sul prodotto acquistato.<\/span><\/p>\n<p>Per l&#8217;emissione della fattura, fanno fede le informazioni fornite dal Cliente all&#8217;atto dell&#8217;ordine.<br \/>\nLe spese di spedizione sono evidenziate esplicitamente al momento dell&#8217;effettuazione dell&#8217;ordine.<\/p>\n<p>Effeuno Srl pu\u00f2 in alcuni casi accettare ordini solo con consegna in territorio italiano. Nessuna responsabilit\u00e0 pu\u00f2 essere imputata ad Effeuno s.r.l. in caso di ritardo nella consegna di quanto ordinato da parte dei corrieri.<br \/>\nAl momento della consegna della merce da parte del corriere o di poste italiane, il Cliente \u00e8 tenuto a controllare:<\/p>\n<ul>\n<li>che il numero dei colli in consegna corrisponda a quanto indicato nel documento di trasporto;<\/li>\n<li>che l&#8217;imballo risulti integro, non danneggiato, n\u00e9 bagnato o comunque alterato, anche nei materiali di chiusura (nastro adesivo o reggette metalliche)<\/li>\n<\/ul>\n<p>Eventuali danni all&#8217;imballo e\/o al prodotto o la mancata corrispondenza del numero dei colli o delle indicazioni, devono essere immediatamente contestati, apponendo RISERVA DI CONTROLLO SPECIFICA SCRITTA sulla prova di consegna del corriere. <strong>Una volta firmato il documento del corriere, il Cliente non potr\u00e0 opporre alcuna contestazione circa le caratteristiche esteriori di quanto consegnato.<\/strong><\/p>\n<p>Eventuali problemi inerenti l&#8217;integrit\u00e0 fisica, la corrispondenza o la completezza dei prodotti ricevuti devono essere segnalati entro 3 giorni dalla avvenuta consegna, inviando una mail a <a href=\"mailto:support@effeunosrl.zendesk.com\">support@effeunosrl.zendesk.com<\/a><\/p>\n<h5><a name=\"_Toc215570482\"><\/a>GIFT CARD EFFEUNO:<\/h5>\n<h6><a name=\"_Toc215570483\"><\/a>CONDIZIONI DI VENDITA E UTILIZZO<\/h6>\n<p>Sommario<br \/>\n<a href=\"#_Toc215570482\">GIFT CARD EFFEUNO.. 1<\/a><br \/>\n<a href=\"#_Toc215570483\">CONDIZIONI DI VENDITA E UTILIZZO.. 1<\/a><br \/>\n<a href=\"#_Toc215570484\">1)\u00a0\u00a0\u00a0\u00a0\u00a0 OGGETTO.. 1<\/a><br \/>\n<a href=\"#_Toc215570485\">2)\u00a0\u00a0\u00a0\u00a0\u00a0 DURATA. 1<\/a><br \/>\n<a href=\"#_Toc215570486\">3)\u00a0\u00a0\u00a0\u00a0\u00a0 TERRITORIALITA\u2019 E LIMITAZIONI ALLA VENDITA. 1<\/a><br \/>\n<a href=\"#_Toc215570487\">4)\u00a0\u00a0\u00a0\u00a0\u00a0 TRAFERIBILITA\u2019 DELLA GIFT CARD.. 2<\/a><br \/>\n<a href=\"#_Toc215570488\">5)\u00a0\u00a0\u00a0\u00a0\u00a0 UTILIZZABILITA\u2019 DELLA GIFT CARD \u2013 DIVIETO DI USO FRAZIONATO O PARZIALE. 2<\/a><br \/>\n<a href=\"#_Toc215570489\">6)\u00a0\u00a0\u00a0\u00a0\u00a0 CAMBI DI TECNOLOGIA. 3<\/a><br \/>\n<a href=\"#_Toc215570490\">7)\u00a0\u00a0\u00a0\u00a0\u00a0 CESSIONI DEL CONTRATTO.. 3<\/a><br \/>\n<a href=\"#_Toc215570491\">8)\u00a0\u00a0\u00a0\u00a0\u00a0 DIRITTO DI RECESSO.. 3<\/a><br \/>\n<a href=\"#_Toc215570492\">9)\u00a0\u00a0\u00a0\u00a0\u00a0 LUOGO.. 3<\/a><\/p>\n<p>L\u2019acquisto e l\u2019utilizzo di Gift Card Effeuno sullo shop effeuno.biz o tramite altro strumento \u00e8 disciplinato dalle presenti condizioni di vendita e di utilizzo.<\/p>\n<h6><a name=\"_Toc215570484\"><\/a>1)\u00a0\u00a0\u00a0\u00a0\u00a0 OGGETTO<\/h6>\n<p>La Gift Card \u00e8 un buono elettronico contraddistinto da un codice monouso e univoco, fiscalmente definito multiuso in quanto non \u00e8 noto all\u2019acquisto il regime fiscale IVA applicabile, dipendendo dalla natura e dal luogo di spedizione della merce dell\u2019effettivo fruitore.<\/p>\n<p>La Gift Card d\u00e0 diritto al possessore, nei termini temporali riportati nella sezione \u201cdurata\u201d e secondo gli altri termini qui disciplinati, di scomputare il valore dell\u2019intera card dal prezzo di acquisto all\u2019interno dello shop effeuno.biz.<\/p>\n<p>La Gift Card non d\u00e0 diritto a sconti o condizioni particolari, ma esclusivamente allo scomputo del relativo valore, entro la sua scadenza, dal totale del prezzo.<\/p>\n<p>La Gift Card \u00e8 utilizzabile solo sul portale e-commerce ufficiale effeuno.biz, non \u00e8 utilizzabile in caso di acquisto attraverso distributori n\u00e9 altri canali diversi dal portale e-commerce diretto effeuno.biz<\/p>\n<p>La Gift Card non \u00e8 produttiva di frutti, interessi n\u00e9 di alcuna rendita.<\/p>\n<p>Il valore della Gift Card \u00e8 espresso in euro ed \u00e8 utilizzabile in euro. Ogni rapporto di conversione con valute straniere \u00e8 regolato all\u2019atto dell\u2019acquisto della Gift Card e cos\u00ec lo scorporo del valore della Gift Card all\u2019atto di utilizzazione verr\u00e0 scorporato dalla transazione in euro prima della conversione in altra eventuale valuta.<\/p>\n<p>La Gift Card \u00e8 cumulabile esclusivamente con promozioni attive sul portale shop effeuno.biz.<\/p>\n<p>La Gift Card non pu\u00f2 essere utilizzata da distributori e rivenditori professionali nell\u2019ambito della propria attivit\u00e0. \u00c8 fruibile invece da operatori professionali definiti \u201cutilizzatori finali\u201d anche per la propria attivit\u00e0, purch\u00e9 non acquistati a scopo di rivendita o distribuzione.<\/p>\n<h6><a name=\"_Toc215570485\"><\/a>2)\u00a0\u00a0\u00a0\u00a0\u00a0 DURATA<\/h6>\n<p>La Gift Card ha una validit\u00e0 di mesi 12 dalla sua emissione. Il calcolo della scadenza viene calcolato dal sistema di emissione del codice gift card e pertanto seguir\u00e0 il fuso orario e il calendario del sistema di emissione del codice.<\/p>\n<p>L\u2019acquirente della gift card e l\u2019utilizzatore finale non potranno eccepire la scadenza della gift card anticipata laddove l\u2019utilizzo venisse effettuato sulla base di un diverso fuso orario o un diverso calendario rispetto a quello del sistema che ha generato il codice.<\/p>\n<h6><a name=\"_Toc215570486\"><\/a>3)\u00a0\u00a0\u00a0\u00a0\u00a0 TERRITORIALITA\u2019 E LIMITAZIONI ALLA VENDITA<\/h6>\n<p>L\u2019utilizzo della Gift Card \u00e8 consentito solo per vendite nei paesi ove \u00e8 consentita la vendita secondo i termini di vendita presenti sullo shop effeuno.biz.<\/p>\n<p>Laddove l\u2019effettivo utilizzatore intendesse utilizzare la Gift Card fuori dai territori eventualmente consentiti sullo shop effeuno.biz non potr\u00e0 chiedere alcun rimborso, riscatto o pagamento in denaro del valore della gift n\u00e9 di alcun altro onere o spesa.<\/p>\n<p>La Gift Card non potr\u00e0 essere utilizzata per acquisti a soggetti o verso territori soggetti ad Embargo o altri provvedimenti di limitazione alla circolazione delle merci disposte dall\u2019Unione Europea o dall\u2019Italia secondo i relativi provvedimenti.<\/p>\n<p>In caso di utilizzo della Gift Card per acquisti verso tali soggetti o territorio l\u2019emittente potr\u00e0 in ogni momento annullare la spedizione dell\u2019ordine riservandosi il diritto di trattenere l\u2019importo del valore della Gift Card a titolo di penale.<\/p>\n<p>L\u2019utilizzo della Gift Card \u00e8 a responsabilit\u00e0 dell\u2019utilizzatore. L\u2019acquirente risponde in solido con l\u2019utilizzatore verso l\u2019emittente per ogni sanzione e danno connesso all\u2019improprio utilizzo della Gift Card.<\/p>\n<h6><a name=\"_Toc215570487\"><\/a>4)\u00a0\u00a0\u00a0\u00a0\u00a0 TRASFERIBILITA\u2019 DELLA GIFT CARD<\/h6>\n<p>La Gift Card \u00e8 fruibile al portatore, inteso come soggetto che materialmente dispone dei codici o degli strumenti con cui la Gift Card \u00e8 scalabile dagli ordini sul sito effeuno.biz.<\/p>\n<p>La Gift Card non \u00e8 fruibile per acquisti in locali fisici ma solamente attraverso il portale effeuno.biz.<\/p>\n<p>Non sono previste formalit\u00e0 particolari per la cessione della Gift Card a terzi, se non in ragione di un particolare trattamento fiscale che non coinvolge in alcun modo l\u2019emittente delle Gift Card.<\/p>\n<p>L\u2019acquirente terr\u00e0 indenne l\u2019emittente da qualsiasi contestazione fiscale inerente il trasferimento della Card e ogni violazione sull\u2019utilizzo della Card per eventuali operazioni illecite da parte sua o dell\u2019utilizzatore.<\/p>\n<h6><a name=\"_Toc215570488\"><\/a>5)\u00a0\u00a0\u00a0\u00a0\u00a0 UTILIZZABILITA\u2019 DELLA GIFT CARD \u2013 DIVIETO DI USO FRAZIONATO O PARZIALE<\/h6>\n<p>Le Gift Card sono fruibili con diversi tagli, compreso eventualmente un taglio libero di acquisto.<\/p>\n<p>Fermo restando il termine inderogabile di scadenza della Gift Card, definito nella sezione \u201cDurata\u201d del presente contratto, Effeuno si riserva di non consentire un utilizzo frazionato della stessa, che nel caso potr\u00e0 quindi essere utilizzato solo in un\u2019unica soluzione per il totale dell\u2019ordine.<\/p>\n<p>L\u2019utilizzo della Gift Card per acquisti di valore inferiore al suo valore pu\u00f2 essere consentito dal sistema; tuttavia, ci\u00f2 non consente in alcun modo diritto ad alcun rimborso dell\u2019eccedenza n\u00e9 all\u2019effettivo utilizzatore n\u00e9 all\u2019acquirente.<\/p>\n<p>Non \u00e8 consentito l\u2019acquisto di Gift Card mediante l\u2019utilizzo di una Gift Card gi\u00e0 emessa.<\/p>\n<p>L\u2019emittente potr\u00e0 in alcuni casi prevedere condizioni di riscatto delle Gift Card in scadenza.<\/p>\n<p>La Gift Card non pu\u00f2 essere utilizzata da distributori e rivenditori professionali.<\/p>\n<h6><a name=\"_Toc215570489\"><\/a>6)\u00a0\u00a0\u00a0\u00a0\u00a0 CAMBI DI TECNOLOGIA<\/h6>\n<p>Laddove l\u2019emittente mutasse tecnologia o sistema per l\u2019emissione delle Gift Card avviser\u00e0 l\u2019acquirente o, laddove possibile, il possessore se registrato in eventuale apposita sezione, comunicando le modalit\u00e0 e le condizioni di conversione delle Gift Card non ancora scadute o utilizzate, senza costo e senza mutamento della originale scadenza per l\u2019utilizzo.<\/p>\n<h6><a name=\"_Toc215570490\"><\/a>7)\u00a0\u00a0\u00a0\u00a0\u00a0 CESSIONI DEL CONTRATTO<\/h6>\n<p>L\u2019emittente potr\u00e0 cedere i diritti e gli obblighi scaturente dal presente contratto senza necessit\u00e0 di accettazione da parte del possessore delle Gift Card o dell\u2019acquirente e senza necessit\u00e0 di preavviso o motivazione ma comunque mantenendo il diritto del possessore della Gift Card di acquistare, entro la scadenza e i termini del presente contratto, prodotti Effeuno dallo store ufficiale.<\/p>\n<p>L\u2019emittente si riserva di comunicare inoltre nuove modalit\u00e0 di acquisto o nuovi portali presso cui potr\u00e0 essere utilizzabile la Gift Card non scaduta e non utilizzata senza variazione di altri termini.<\/p>\n<h6><a name=\"_Toc215570491\"><\/a>8)\u00a0\u00a0\u00a0\u00a0\u00a0 DIRITTO DI RECESSO<\/h6>\n<p>La peculiarit\u00e0 della Gift Card non consente l\u2019annullamento del codice emesso dopo l\u2019avvenuto pagamento, conseguentemente non \u00e8 applicabile alcun diritto di recesso n\u00e9 alcun diritto di ripensamento.<\/p>\n<p>Il diritto di recesso e ogni altra condizione inerente la vendita e la spedizione dei prodotti pagati anche mediante l\u2019utilizzo della Gift Card viene disciplinato dal contratto di vendita del prodotto caso per caso previsto all\u2019atto di acquisto del prodotto finale.<\/p>\n<h6><a name=\"_Toc215570492\"><\/a>9)\u00a0\u00a0\u00a0\u00a0\u00a0 LUOGO<\/h6>\n<p>Il luogo ove il contratto s\u2019intende stipulato \u00e8 la sede dell\u2019emittente in Limena (Pd) Italia.<\/p>\n<p>Ogni deroga a tale luogo deve essere definita esclusivamente e tassativamente dalla legge applicabile al singolo caso.<\/p>\n<h6>APPROVAZIONE CLAUSOLE SPECIFICHE EX ART 1341 E1342 C.C.<\/h6>\n<p>Ai sensi e per gli effetti degli art. 1341 e1342 c.c. le parti dichiarano di aver letto e compreso tutte le condizioni del presente accordo e in particolare i seguenti articoli: 2, 3, 4, 5, 6, 7, 8, 9.[\/vc_column_text][\/vc_column][\/vc_row]<\/p>\n<\/div>","protected":false},"excerpt":{"rendered":"<p>[vc_row][vc_column][vc_column_text css=&#8221;&#8221; text_larger=&#8221;no&#8221; woodmart_inline=&#8221;no&#8221;]Effettuando un ordine sul negozio on-line www.effeuno.biz il Cliente dichiara di aver preso visione di tutte le<\/p>\n","protected":false},"author":3,"featured_media":0,"parent":0,"menu_order":0,"comment_status":"closed","ping_status":"closed","template":"","meta":{"_acf_changed":false,"om_disable_all_campaigns":false,"_monsterinsights_skip_tracking":false,"_monsterinsights_sitenote_active":false,"_monsterinsights_sitenote_note":"","_monsterinsights_sitenote_category":0,"_uf_show_specific_survey":0,"_uf_disable_surveys":false,"footnotes":""},"class_list":["post-845","page","type-page","status-publish","hentry"],"acf":[],"aioseo_notices":[],"yoast_head":"<!-- This site is optimized with the Yoast SEO plugin v27.1.1 - https:\/\/yoast.com\/product\/yoast-seo-wordpress\/ -->\n<title>Termini e Condizioni - Effeuno<\/title>\n<meta name=\"robots\" content=\"index, follow, max-snippet:-1, max-image-preview:large, max-video-preview:-1\" \/>\n<link rel=\"canonical\" href=\"https:\/\/www.effeuno.biz\/it\/termini-e-condizioni\/\" \/>\n<meta property=\"og:locale\" content=\"it_IT\" \/>\n<meta property=\"og:type\" content=\"article\" \/>\n<meta property=\"og:title\" content=\"Termini e Condizioni - Effeuno\" \/>\n<meta property=\"og:description\" content=\"[vc_row][vc_column][vc_column_text css=&#8221;&#8221; text_larger=&#8221;no&#8221; woodmart_inline=&#8221;no&#8221;]Effettuando un ordine sul negozio on-line www.effeuno.biz il Cliente dichiara di aver preso visione di tutte le\" \/>\n<meta property=\"og:url\" content=\"https:\/\/www.effeuno.biz\/it\/termini-e-condizioni\/\" \/>\n<meta property=\"og:site_name\" content=\"Effeuno\" \/>\n<meta property=\"article:publisher\" content=\"https:\/\/www.facebook.com\/effeuno.forni.pizza.elettrici\" \/>\n<meta property=\"article:modified_time\" content=\"2025-12-23T11:15:57+00:00\" \/>\n<meta name=\"twitter:card\" content=\"summary_large_image\" \/>\n<meta name=\"twitter:label1\" content=\"Tempo di lettura stimato\" \/>\n\t<meta name=\"twitter:data1\" content=\"9 minuti\" \/>\n<script type=\"application\/ld+json\" class=\"yoast-schema-graph\">{\"@context\":\"https:\/\/schema.org\",\"@graph\":[{\"@type\":\"WebPage\",\"@id\":\"https:\/\/www.effeuno.biz\/it\/termini-e-condizioni\/\",\"url\":\"https:\/\/www.effeuno.biz\/it\/termini-e-condizioni\/\",\"name\":\"Termini e Condizioni - Effeuno\",\"isPartOf\":{\"@id\":\"https:\/\/www.effeuno.biz\/it\/#website\"},\"datePublished\":\"2017-07-13T06:58:00+00:00\",\"dateModified\":\"2025-12-23T11:15:57+00:00\",\"breadcrumb\":{\"@id\":\"https:\/\/www.effeuno.biz\/it\/termini-e-condizioni\/#breadcrumb\"},\"inLanguage\":\"it-IT\",\"potentialAction\":[{\"@type\":\"ReadAction\",\"target\":[\"https:\/\/www.effeuno.biz\/it\/termini-e-condizioni\/\"]}]},{\"@type\":\"BreadcrumbList\",\"@id\":\"https:\/\/www.effeuno.biz\/it\/termini-e-condizioni\/#breadcrumb\",\"itemListElement\":[{\"@type\":\"ListItem\",\"position\":1,\"name\":\"Home\",\"item\":\"https:\/\/www.effeuno.biz\/it\/\"},{\"@type\":\"ListItem\",\"position\":2,\"name\":\"Termini e Condizioni\"}]},{\"@type\":\"WebSite\",\"@id\":\"https:\/\/www.effeuno.biz\/it\/#website\",\"url\":\"https:\/\/www.effeuno.biz\/it\/\",\"name\":\"Effeuno\",\"description\":\"Vendita forni elettrici per pizza ed accessori per forni pizza rigorosamente Made in Italy\",\"publisher\":{\"@id\":\"https:\/\/www.effeuno.biz\/it\/#organization\"},\"potentialAction\":[{\"@type\":\"SearchAction\",\"target\":{\"@type\":\"EntryPoint\",\"urlTemplate\":\"https:\/\/www.effeuno.biz\/it\/?s={search_term_string}\"},\"query-input\":{\"@type\":\"PropertyValueSpecification\",\"valueRequired\":true,\"valueName\":\"search_term_string\"}}],\"inLanguage\":\"it-IT\"},{\"@type\":\"Organization\",\"@id\":\"https:\/\/www.effeuno.biz\/it\/#organization\",\"name\":\"Effeuno\",\"url\":\"https:\/\/www.effeuno.biz\/it\/\",\"logo\":{\"@type\":\"ImageObject\",\"inLanguage\":\"it-IT\",\"@id\":\"https:\/\/www.effeuno.biz\/it\/#\/schema\/logo\/image\/\",\"url\":\"https:\/\/www.effeuno.biz\/wp-content\/uploads\/2023\/08\/r-int.png\",\"contentUrl\":\"https:\/\/www.effeuno.biz\/wp-content\/uploads\/2023\/08\/r-int.png\",\"width\":459,\"height\":448,\"caption\":\"Effeuno\"},\"image\":{\"@id\":\"https:\/\/www.effeuno.biz\/it\/#\/schema\/logo\/image\/\"},\"sameAs\":[\"https:\/\/www.facebook.com\/effeuno.forni.pizza.elettrici\",\"https:\/\/www.instagram.com\/effeunoofficial\/\"]}]}<\/script>\n<!-- \/ Yoast SEO plugin. -->","yoast_head_json":{"title":"Termini e Condizioni - Effeuno","robots":{"index":"index","follow":"follow","max-snippet":"max-snippet:-1","max-image-preview":"max-image-preview:large","max-video-preview":"max-video-preview:-1"},"canonical":"https:\/\/www.effeuno.biz\/it\/termini-e-condizioni\/","og_locale":"it_IT","og_type":"article","og_title":"Termini e Condizioni - Effeuno","og_description":"[vc_row][vc_column][vc_column_text css=&#8221;&#8221; text_larger=&#8221;no&#8221; woodmart_inline=&#8221;no&#8221;]Effettuando un ordine sul negozio on-line www.effeuno.biz il Cliente dichiara di aver preso visione di tutte le","og_url":"https:\/\/www.effeuno.biz\/it\/termini-e-condizioni\/","og_site_name":"Effeuno","article_publisher":"https:\/\/www.facebook.com\/effeuno.forni.pizza.elettrici","article_modified_time":"2025-12-23T11:15:57+00:00","twitter_card":"summary_large_image","twitter_misc":{"Tempo di lettura stimato":"9 minuti"},"schema":{"@context":"https:\/\/schema.org","@graph":[{"@type":"WebPage","@id":"https:\/\/www.effeuno.biz\/it\/termini-e-condizioni\/","url":"https:\/\/www.effeuno.biz\/it\/termini-e-condizioni\/","name":"Termini e Condizioni - Effeuno","isPartOf":{"@id":"https:\/\/www.effeuno.biz\/it\/#website"},"datePublished":"2017-07-13T06:58:00+00:00","dateModified":"2025-12-23T11:15:57+00:00","breadcrumb":{"@id":"https:\/\/www.effeuno.biz\/it\/termini-e-condizioni\/#breadcrumb"},"inLanguage":"it-IT","potentialAction":[{"@type":"ReadAction","target":["https:\/\/www.effeuno.biz\/it\/termini-e-condizioni\/"]}]},{"@type":"BreadcrumbList","@id":"https:\/\/www.effeuno.biz\/it\/termini-e-condizioni\/#breadcrumb","itemListElement":[{"@type":"ListItem","position":1,"name":"Home","item":"https:\/\/www.effeuno.biz\/it\/"},{"@type":"ListItem","position":2,"name":"Termini e Condizioni"}]},{"@type":"WebSite","@id":"https:\/\/www.effeuno.biz\/it\/#website","url":"https:\/\/www.effeuno.biz\/it\/","name":"Effeuno","description":"Vendita forni elettrici per pizza ed accessori per forni pizza rigorosamente Made in Italy","publisher":{"@id":"https:\/\/www.effeuno.biz\/it\/#organization"},"potentialAction":[{"@type":"SearchAction","target":{"@type":"EntryPoint","urlTemplate":"https:\/\/www.effeuno.biz\/it\/?s={search_term_string}"},"query-input":{"@type":"PropertyValueSpecification","valueRequired":true,"valueName":"search_term_string"}}],"inLanguage":"it-IT"},{"@type":"Organization","@id":"https:\/\/www.effeuno.biz\/it\/#organization","name":"Effeuno","url":"https:\/\/www.effeuno.biz\/it\/","logo":{"@type":"ImageObject","inLanguage":"it-IT","@id":"https:\/\/www.effeuno.biz\/it\/#\/schema\/logo\/image\/","url":"https:\/\/www.effeuno.biz\/wp-content\/uploads\/2023\/08\/r-int.png","contentUrl":"https:\/\/www.effeuno.biz\/wp-content\/uploads\/2023\/08\/r-int.png","width":459,"height":448,"caption":"Effeuno"},"image":{"@id":"https:\/\/www.effeuno.biz\/it\/#\/schema\/logo\/image\/"},"sameAs":["https:\/\/www.facebook.com\/effeuno.forni.pizza.elettrici","https:\/\/www.instagram.com\/effeunoofficial\/"]}]}},"_links":{"self":[{"href":"https:\/\/www.effeuno.biz\/it\/wp-json\/wp\/v2\/pages\/845","targetHints":{"allow":["GET"]}}],"collection":[{"href":"https:\/\/www.effeuno.biz\/it\/wp-json\/wp\/v2\/pages"}],"about":[{"href":"https:\/\/www.effeuno.biz\/it\/wp-json\/wp\/v2\/types\/page"}],"author":[{"embeddable":true,"href":"https:\/\/www.effeuno.biz\/it\/wp-json\/wp\/v2\/users\/3"}],"replies":[{"embeddable":true,"href":"https:\/\/www.effeuno.biz\/it\/wp-json\/wp\/v2\/comments?post=845"}],"version-history":[{"count":16,"href":"https:\/\/www.effeuno.biz\/it\/wp-json\/wp\/v2\/pages\/845\/revisions"}],"predecessor-version":[{"id":149645,"href":"https:\/\/www.effeuno.biz\/it\/wp-json\/wp\/v2\/pages\/845\/revisions\/149645"}],"wp:attachment":[{"href":"https:\/\/www.effeuno.biz\/it\/wp-json\/wp\/v2\/media?parent=845"}],"curies":[{"name":"wp","href":"https:\/\/api.w.org\/{rel}","templated":true}]}}